{"id":21380,"date":"2021-07-08T11:07:26","date_gmt":"2021-07-08T15:07:26","guid":{"rendered":"https:\/\/choosecornwall.ca\/living-fr\/travail-a-distance\/"},"modified":"2021-07-08T11:21:45","modified_gmt":"2021-07-08T15:21:45","slug":"travail-a-distance","status":"publish","type":"page","link":"https:\/\/choosecornwall.ca\/fr\/living-fr\/travail-a-distance\/","title":{"rendered":"Travail \u00e0 distance"},"content":{"rendered":"<h1>Une nouvelle fa\u00e7on de travailler&#8230;<\/h1>\n<p>Au fur et \u00e0 mesure que la technologie nous rapproche les uns des autres, de plus en plus de personnes choisissent de travailler en dehors du lieu de travail traditionnel.<\/p>\n<p>Le travail \u00e0 distance, parfois appel\u00e9 t\u00e9l\u00e9travail, devient une option de plus en plus populaire pour de nombreux Canadiens &#8211; en particulier lorsque leur travail comporte l\u2019utilisation d\u2019ordinateurs. Les r\u00e9seaux de communication \u00e0 haute vitesse d\u2019aujourd\u2019hui permettent aux employ\u00e9s de rester connect\u00e9s au bureau par voie num\u00e9rique tout en profitant des avantages d\u2019\u00e9viter les longs trajets.<\/p>\n<h4>Cornwall vous donne la possibilit\u00e9 de concilier votre travail avec votre style de vie personnel.<\/h4>\n<p>Cornwall est id\u00e9alement situ\u00e9e pour les travailleurs \u00e0 distance d\u2019Ottawa et de Montr\u00e9al qui ont la possibilit\u00e9 d\u2019opter pour des modalit\u00e9s de travail non conventionnelles. La Ville de Cornwall offre des logements abordables, une solide infrastructure \u00e0 fibres optiques et des temps de trajet courts vers la grande ville si vous devez assister \u00e0 des r\u00e9unions. Le travail \u00e0 partir du bureau \u00e0 domicile vous permet de profiter des commodit\u00e9s urbaines de Cornwall, comme un jogging le long du Waterfront Trail ou une pause dans l\u2019un de nos nombreux caf\u00e9s et bistros.<\/p>\n<h4>Un mode de vie moins co\u00fbteux<\/h4>\n<p>Le co\u00fbt de la vie dans les grandes villes comme Toronto, Vancouver ou Montr\u00e9al a une incidence sur la qualit\u00e9 de vie de nombreux jeunes Canadiens. \u00c0 Cornwall, le loyer pour un appartement d\u2019une chambre \u00e0 coucher est de 750\u00a0$ seulement par mois, alors que le co\u00fbt moyen d\u2019une maison est inf\u00e9rieur \u00e0 250\u00a0000\u00a0$. Ajoutez \u00e0 cela le fait que les co\u00fbts d\u2019\u00e9lectricit\u00e9 sont jusqu\u2019\u00e0 25\u00a0% inf\u00e9rieurs \u00e0 ceux des autres collectivit\u00e9s de l\u2019Ontario et que vous avez rarement \u00e0 payer pour le stationnement, et vous comprendrez pourquoi vivre \u00e0 Cornwall peut vous offrir un nouveau type de libert\u00e9 financi\u00e8re.<\/p>\n<h4>Espace communautaire de travail<\/h4>\n<p>Parfois, le travail exige des environnements plus structur\u00e9s. Les travailleurs \u00e0 distance ont la possibilit\u00e9 de louer un bureau ou un espace de travail dans un certain nombre d\u2019espaces communautaires de travail en ville. CREATE est une organisation qui d\u00e9voilera bient\u00f4t un environnement communautaire de travail moderne dans le quartier historique de Cotton Mill, qui donnera acc\u00e8s \u00e0 un espace de fabrication et \u00e0 des installations de bureau communes, le tout dans un espace magnifiquement restaur\u00e9 le long du fleuve Saint-Laurent.<\/p>\n<h4>Connexions communautaires<\/h4>\n<p>En tant que ville de petite taille, Cornwall offre aux jeunes professionnels qualifi\u00e9s un moyen facile d\u2019entrer en contact avec leurs pairs. Il ne faut pas longtemps pour que les nouveaux arrivants soient accueillis et invit\u00e9s \u00e0 collaborer \u00e0 des projets, que ce soit avec des organisations \u00e9tablies comme la Chambre de commerce ou l\u2019un des nombreux clubs philanthropiques qui organisent une foule d\u2019\u00e9v\u00e9nements communautaires.<\/p>\n<h4>Pour obtenir plus d\u2019informations<\/h4>\n<p>Consultez et t\u00e9l\u00e9chargez certaines de nos brochures:<\/p>\n<ul>\n<li><a href=\"https:\/\/choosecornwall.ca\/wp-content\/uploads\/2018\/06\/Guide-to-Cornwall-Ontario.pdf\" target=\"_blank\" rel=\"noopener\">Brochure sur le travail \u00e0 distance<\/a><\/li>\n<li><a href=\"https:\/\/choosecornwall.ca\/wp-content\/uploads\/2018\/06\/Guide-to-Cornwall-Ontario.pdf\" target=\"_blank\" rel=\"noopener\">Guide des carri\u00e8res<\/a><\/li>\n<li><a href=\"https:\/\/choosecornwall.ca\/wp-content\/uploads\/2020\/10\/Cornwall-Staycation-Guide.pdf\" target=\"_blank\" rel=\"noopener\">Guide de vacances chez soi<\/a><\/li>\n<li><a href=\"https:\/\/choosecornwall.ca\/wp-content\/uploads\/2018\/06\/Guide-to-Cornwall-Ontario-FR.pdf\" target=\"_blank\" rel=\"noopener\">Guide de Cornwall<\/a><\/li>\n<\/ul>\n<p>Nous nous ferons un plaisir de vous envoyer gratuitement une trousse de bienvenue contenant de plus amples renseignements sur le choix de Cornwall comme lieu de r\u00e9sidence. Il suffit de remplir le formulaire de demande de renseignements et nous vous enverrons une trousse. Mieux encore, prenez un jour ou deux et venez \u00e0 Cornwall pour y passer un peu de temps. Vous ne le regretterez pas!<\/p>\n","protected":false},"excerpt":{"rendered":"Une nouvelle fa\u00e7on de travailler&#8230; Au fur et \u00e0 mesure que la technologie nous rapproche les uns des autres, de plus en plus de personnes choisissent de travailler en dehors du lieu de travail traditionnel. Le travail \u00e0 distance, parfois appel\u00e9 t\u00e9l\u00e9travail, devient une option de plus en plus populaire pour de nombreux Canadiens &#8211;&#8230; <a class=\"view-article\" href=\"https:\/\/choosecornwall.ca\/fr\/living-fr\/travail-a-distance\/\">Voir l&rsquo;article<\/a>","protected":false},"author":3,"featured_media":14101,"parent":3597,"menu_order":0,"comment_status":"closed","ping_status":"closed","template":"","meta":{"_acf_changed":false,"inline_featured_image":false,"footnotes":""},"class_list":["post-21380","page","type-page","status-publish","has-post-thumbnail","hentry"],"acf":[],"yoast_head":"<!-- This site is optimized with the Yoast SEO plugin v27.3 - https:\/\/yoast.com\/product\/yoast-seo-wordpress\/ -->\n<title>Travail \u00e0 distance - Choose Cornwall<\/title>\n<meta name=\"robots\" content=\"index, follow, max-snippet:-1, max-image-preview:large, max-video-preview:-1\" \/>\n<link rel=\"canonical\" href=\"https:\/\/choosecornwall.ca\/fr\/living-fr\/travail-a-distance\/\" \/>\n<meta name=\"twitter:card\" content=\"summary_large_image\" \/>\n<meta name=\"twitter:title\" content=\"Travail \u00e0 distance - Choose Cornwall\" \/>\n<meta name=\"twitter:description\" content=\"Une nouvelle fa\u00e7on de travailler&#8230; Au fur et \u00e0 mesure que la technologie nous rapproche les uns des autres, de plus en plus de personnes choisissent de travailler en dehors du lieu de travail traditionnel. Le travail \u00e0 distance, parfois appel\u00e9 t\u00e9l\u00e9travail, devient une option de plus en plus populaire pour de nombreux Canadiens &#8211;... Voir l&#039;article\" \/>\n<meta name=\"twitter:image\" content=\"https:\/\/choosecornwall.ca\/wp-content\/uploads\/2020\/02\/Remote-Work-Cornwall-header.jpg\" \/>\n<meta name=\"twitter:label1\" content=\"Est. reading time\" \/>\n\t<meta name=\"twitter:data1\" content=\"3 minutes\" \/>\n<script type=\"application\/ld+json\" class=\"yoast-schema-graph\">{\"@context\":\"https:\\\/\\\/schema.org\",\"@graph\":[{\"@type\":\"WebPage\",\"@id\":\"https:\\\/\\\/choosecornwall.ca\\\/fr\\\/living-fr\\\/travail-a-distance\\\/\",\"url\":\"https:\\\/\\\/choosecornwall.ca\\\/fr\\\/living-fr\\\/travail-a-distance\\\/\",\"name\":\"Travail \u00e0 distance - Choose Cornwall\",\"isPartOf\":{\"@id\":\"https:\\\/\\\/choosecornwall.ca\\\/#website\"},\"primaryImageOfPage\":{\"@id\":\"https:\\\/\\\/choosecornwall.ca\\\/fr\\\/living-fr\\\/travail-a-distance\\\/#primaryimage\"},\"image\":{\"@id\":\"https:\\\/\\\/choosecornwall.ca\\\/fr\\\/living-fr\\\/travail-a-distance\\\/#primaryimage\"},\"thumbnailUrl\":\"https:\\\/\\\/choosecornwall.ca\\\/wp-content\\\/uploads\\\/2020\\\/02\\\/Remote-Work-Cornwall-header.jpg\",\"datePublished\":\"2021-07-08T15:07:26+00:00\",\"dateModified\":\"2021-07-08T15:21:45+00:00\",\"breadcrumb\":{\"@id\":\"https:\\\/\\\/choosecornwall.ca\\\/fr\\\/living-fr\\\/travail-a-distance\\\/#breadcrumb\"},\"inLanguage\":\"fr-FR\",\"potentialAction\":[{\"@type\":\"ReadAction\",\"target\":[\"https:\\\/\\\/choosecornwall.ca\\\/fr\\\/living-fr\\\/travail-a-distance\\\/\"]}]},{\"@type\":\"ImageObject\",\"inLanguage\":\"fr-FR\",\"@id\":\"https:\\\/\\\/choosecornwall.ca\\\/fr\\\/living-fr\\\/travail-a-distance\\\/#primaryimage\",\"url\":\"https:\\\/\\\/choosecornwall.ca\\\/wp-content\\\/uploads\\\/2020\\\/02\\\/Remote-Work-Cornwall-header.jpg\",\"contentUrl\":\"https:\\\/\\\/choosecornwall.ca\\\/wp-content\\\/uploads\\\/2020\\\/02\\\/Remote-Work-Cornwall-header.jpg\",\"width\":970,\"height\":340,\"caption\":\"Travail \u00e0 distance\"},{\"@type\":\"BreadcrumbList\",\"@id\":\"https:\\\/\\\/choosecornwall.ca\\\/fr\\\/living-fr\\\/travail-a-distance\\\/#breadcrumb\",\"itemListElement\":[{\"@type\":\"ListItem\",\"position\":1,\"name\":\"Home\",\"item\":\"https:\\\/\\\/choosecornwall.ca\\\/fr\\\/\"},{\"@type\":\"ListItem\",\"position\":2,\"name\":\"Vivre ici\",\"item\":\"https:\\\/\\\/choosecornwall.ca\\\/fr\\\/living-fr\\\/\"},{\"@type\":\"ListItem\",\"position\":3,\"name\":\"Travail \u00e0 distance\"}]},{\"@type\":\"WebSite\",\"@id\":\"https:\\\/\\\/choosecornwall.ca\\\/#website\",\"url\":\"https:\\\/\\\/choosecornwall.ca\\\/\",\"name\":\"Choose Cornwall\",\"description\":\"Cornwall Economic Development\",\"potentialAction\":[{\"@type\":\"SearchAction\",\"target\":{\"@type\":\"EntryPoint\",\"urlTemplate\":\"https:\\\/\\\/choosecornwall.ca\\\/?s={search_term_string}\"},\"query-input\":{\"@type\":\"PropertyValueSpecification\",\"valueRequired\":true,\"valueName\":\"search_term_string\"}}],\"inLanguage\":\"fr-FR\"}]}<\/script>\n<!-- \/ Yoast SEO plugin. -->","yoast_head_json":{"title":"Travail \u00e0 distance - Choose Cornwall","robots":{"index":"index","follow":"follow","max-snippet":"max-snippet:-1","max-image-preview":"max-image-preview:large","max-video-preview":"max-video-preview:-1"},"canonical":"https:\/\/choosecornwall.ca\/fr\/living-fr\/travail-a-distance\/","twitter_card":"summary_large_image","twitter_title":"Travail \u00e0 distance - Choose Cornwall","twitter_description":"Une nouvelle fa\u00e7on de travailler&#8230; Au fur et \u00e0 mesure que la technologie nous rapproche les uns des autres, de plus en plus de personnes choisissent de travailler en dehors du lieu de travail traditionnel. Le travail \u00e0 distance, parfois appel\u00e9 t\u00e9l\u00e9travail, devient une option de plus en plus populaire pour de nombreux Canadiens &#8211;... Voir l'article","twitter_image":"https:\/\/choosecornwall.ca\/wp-content\/uploads\/2020\/02\/Remote-Work-Cornwall-header.jpg","twitter_misc":{"Est. reading time":"3 minutes"},"schema":{"@context":"https:\/\/schema.org","@graph":[{"@type":"WebPage","@id":"https:\/\/choosecornwall.ca\/fr\/living-fr\/travail-a-distance\/","url":"https:\/\/choosecornwall.ca\/fr\/living-fr\/travail-a-distance\/","name":"Travail \u00e0 distance - Choose Cornwall","isPartOf":{"@id":"https:\/\/choosecornwall.ca\/#website"},"primaryImageOfPage":{"@id":"https:\/\/choosecornwall.ca\/fr\/living-fr\/travail-a-distance\/#primaryimage"},"image":{"@id":"https:\/\/choosecornwall.ca\/fr\/living-fr\/travail-a-distance\/#primaryimage"},"thumbnailUrl":"https:\/\/choosecornwall.ca\/wp-content\/uploads\/2020\/02\/Remote-Work-Cornwall-header.jpg","datePublished":"2021-07-08T15:07:26+00:00","dateModified":"2021-07-08T15:21:45+00:00","breadcrumb":{"@id":"https:\/\/choosecornwall.ca\/fr\/living-fr\/travail-a-distance\/#breadcrumb"},"inLanguage":"fr-FR","potentialAction":[{"@type":"ReadAction","target":["https:\/\/choosecornwall.ca\/fr\/living-fr\/travail-a-distance\/"]}]},{"@type":"ImageObject","inLanguage":"fr-FR","@id":"https:\/\/choosecornwall.ca\/fr\/living-fr\/travail-a-distance\/#primaryimage","url":"https:\/\/choosecornwall.ca\/wp-content\/uploads\/2020\/02\/Remote-Work-Cornwall-header.jpg","contentUrl":"https:\/\/choosecornwall.ca\/wp-content\/uploads\/2020\/02\/Remote-Work-Cornwall-header.jpg","width":970,"height":340,"caption":"Travail \u00e0 distance"},{"@type":"BreadcrumbList","@id":"https:\/\/choosecornwall.ca\/fr\/living-fr\/travail-a-distance\/#breadcrumb","itemListElement":[{"@type":"ListItem","position":1,"name":"Home","item":"https:\/\/choosecornwall.ca\/fr\/"},{"@type":"ListItem","position":2,"name":"Vivre ici","item":"https:\/\/choosecornwall.ca\/fr\/living-fr\/"},{"@type":"ListItem","position":3,"name":"Travail \u00e0 distance"}]},{"@type":"WebSite","@id":"https:\/\/choosecornwall.ca\/#website","url":"https:\/\/choosecornwall.ca\/","name":"Choose Cornwall","description":"Cornwall Economic Development","potentialAction":[{"@type":"SearchAction","target":{"@type":"EntryPoint","urlTemplate":"https:\/\/choosecornwall.ca\/?s={search_term_string}"},"query-input":{"@type":"PropertyValueSpecification","valueRequired":true,"valueName":"search_term_string"}}],"inLanguage":"fr-FR"}]}},"_links":{"self":[{"href":"https:\/\/choosecornwall.ca\/fr\/wp-json\/wp\/v2\/pages\/21380","targetHints":{"allow":["GET"]}}],"collection":[{"href":"https:\/\/choosecornwall.ca\/fr\/wp-json\/wp\/v2\/pages"}],"about":[{"href":"https:\/\/choosecornwall.ca\/fr\/wp-json\/wp\/v2\/types\/page"}],"author":[{"embeddable":true,"href":"https:\/\/choosecornwall.ca\/fr\/wp-json\/wp\/v2\/users\/3"}],"replies":[{"embeddable":true,"href":"https:\/\/choosecornwall.ca\/fr\/wp-json\/wp\/v2\/comments?post=21380"}],"version-history":[{"count":5,"href":"https:\/\/choosecornwall.ca\/fr\/wp-json\/wp\/v2\/pages\/21380\/revisions"}],"predecessor-version":[{"id":21385,"href":"https:\/\/choosecornwall.ca\/fr\/wp-json\/wp\/v2\/pages\/21380\/revisions\/21385"}],"up":[{"embeddable":true,"href":"https:\/\/choosecornwall.ca\/fr\/wp-json\/wp\/v2\/pages\/3597"}],"wp:featuredmedia":[{"embeddable":true,"href":"https:\/\/choosecornwall.ca\/fr\/wp-json\/wp\/v2\/media\/14101"}],"wp:attachment":[{"href":"https:\/\/choosecornwall.ca\/fr\/wp-json\/wp\/v2\/media?parent=21380"}],"curies":[{"name":"wp","href":"https:\/\/api.w.org\/{rel}","templated":true}]}}