{"id":34974,"date":"2025-12-17T10:28:57","date_gmt":"2025-12-17T15:28:57","guid":{"rendered":"https:\/\/choosecornwall.ca\/?page_id=34974"},"modified":"2025-12-17T10:40:53","modified_gmt":"2025-12-17T15:40:53","slug":"recrutement-medical","status":"publish","type":"page","link":"https:\/\/choosecornwall.ca\/fr\/affaires\/recrutement-medical\/","title":{"rendered":"Recrutement m\u00e9dical et bourses d&rsquo;\u00e9tudes en m\u00e9decine"},"content":{"rendered":"<h1>Recrutement m\u00e9dical et bourses d&rsquo;\u00e9tudes en m\u00e9decine<\/h1>\n<p>Cornwall soutient depuis longtemps les initiatives en mati\u00e8re de soins de sant\u00e9 communautaires, notamment le recrutement de professionnels de la sant\u00e9 et l&rsquo;am\u00e9lioration continue des ressources en soins de sant\u00e9 communautaires.<\/p>\n<p>Deux programmes sont actuellement en place\u00a0: le recrutement m\u00e9dical et les bourses d&rsquo;\u00e9tudes m\u00e9dicales.<\/p>\n<h4>Recrutement m\u00e9dical<\/h4>\n<p>Le service de d\u00e9veloppement \u00e9conomique de Cornwall poursuit son partenariat avec l&rsquo;H\u00f4pital communautaire de Cornwall afin de recruter des professionnels de la sant\u00e9 \u00e0 Cornwall. Les activit\u00e9s comprennent la promotion de Cornwall aupr\u00e8s des professionnels de la sant\u00e9, qu&rsquo;ils soient d\u00e9j\u00e0 en poste ou r\u00e9cemment dipl\u00f4m\u00e9s, lors de diverses occasions d&#8217;emploi partout en Ontario. Depuis 2006, ce programme de recrutement m\u00e9dical a permis l&rsquo;installation de 46 m\u00e9decins et sp\u00e9cialistes \u00e0 Cornwall.<\/p>\n<p>Les m\u00e9decins int\u00e9ress\u00e9s peuvent soumettre une demande d&rsquo;aide financi\u00e8re pour couvrir les frais d&rsquo;\u00e9tablissement de leur cabinet \u00e0 Cornwall. Le Programme de recrutement m\u00e9dical offre jusqu&rsquo;\u00e0 25 000 $ pour un m\u00e9decin ou un sp\u00e9cialiste jug\u00e9 n\u00e9cessaire par l&rsquo;H\u00f4pital communautaire de Cornwall et la Ville de Cornwall.<\/p>\n<h4>Programme de bourses d&rsquo;\u00e9tudes en m\u00e9decine<\/h4>\n<p>La bourse d&rsquo;\u00e9tudes en m\u00e9decine de Cornwall offre un soutien financier \u00e0 un \u00e9tudiant en m\u00e9decine local qui s&rsquo;engage \u00e0 \u00e9tablir une pratique \u00e0 Cornwall apr\u00e8s ses \u00e9tudes.<\/p>\n<p>D&rsquo;une valeur de 25\u00a0000 $ par ann\u00e9e, cette bourse peut \u00eatre attribu\u00e9e annuellement, jusqu&rsquo;\u00e0 concurrence de six ans, \u00e0 un \u00e9tudiant en m\u00e9decine qualifi\u00e9. Pour \u00eatre admissible, le candidat doit r\u00e9sider \u00e0 Cornwall ou dans la r\u00e9gion de SDG et \u00eatre admis ou actuellement inscrit \u00e0 temps plein dans une facult\u00e9 de m\u00e9decine au Canada, avec l&rsquo;intention d&rsquo;obtenir le droit de pratiquer la m\u00e9decine familiale en Ontario.<\/p>\n<p>En contrepartie du financement, le r\u00e9cipiendaire \u00e9tablira une pratique de m\u00e9decine familiale et obtiendra des droits d&rsquo;admission \u00e0 l&rsquo;h\u00f4pital \u00e0 Cornwall pour une p\u00e9riode minimale de cinq ans. Pour plus d&rsquo;information, veuillez consulter le site Web suivant\u00a0: https:\/\/www.cornwall.ca\/en\/city-hall\/medical-scholarship.aspx<\/p>\n<h4>Autres initiatives de recrutement m\u00e9dical<\/h4>\n<p>La demande de professionnels de la sant\u00e9 et de personnel de soutien est constante \u00e0 Cornwall. <span class=\"jCAhz ChMk0b\"><span class=\"ryNqvb\">Les offres d&#8217;emploi actuelles, notamment pour des postes \u00e0 l&rsquo;h\u00f4pital, dans des cabinets dentaires et m\u00e9dicaux, des cliniques et des organismes du secteur priv\u00e9, sont affich\u00e9es sur le site Web de Choose Cornwall.<\/span><\/span><\/p>\n<h4>Personne-ressource pour le recrutement m\u00e9dical<\/h4>\n<ul>\n<li>Kathleen Rendek, coordonnatrice, D\u00e9veloppement \u00e9conomique<\/li>\n<li>medicalrecruitment@cornwall.ca<\/li>\n<\/ul>\n","protected":false},"excerpt":{"rendered":"Recrutement m\u00e9dical et bourses d&rsquo;\u00e9tudes en m\u00e9decine Cornwall soutient depuis longtemps les initiatives en mati\u00e8re de soins de sant\u00e9 communautaires, notamment le recrutement de professionnels de la sant\u00e9 et l&rsquo;am\u00e9lioration continue des ressources en soins de sant\u00e9 communautaires. Deux programmes sont actuellement en place\u00a0: le recrutement m\u00e9dical et les bourses d&rsquo;\u00e9tudes m\u00e9dicales. Recrutement m\u00e9dical Le&#8230; <a class=\"view-article\" href=\"https:\/\/choosecornwall.ca\/fr\/affaires\/recrutement-medical\/\">Voir l&rsquo;article<\/a>","protected":false},"author":3,"featured_media":12540,"parent":3777,"menu_order":0,"comment_status":"closed","ping_status":"closed","template":"","meta":{"_acf_changed":false,"inline_featured_image":false,"footnotes":""},"class_list":["post-34974","page","type-page","status-publish","has-post-thumbnail","hentry"],"acf":[],"yoast_head":"<!-- This site is optimized with the Yoast SEO plugin v27.3 - https:\/\/yoast.com\/product\/yoast-seo-wordpress\/ -->\n<title>Recrutement m\u00e9dical et bourses d&#039;\u00e9tudes en m\u00e9decine - Choose Cornwall<\/title>\n<meta name=\"robots\" content=\"index, follow, max-snippet:-1, max-image-preview:large, max-video-preview:-1\" \/>\n<link rel=\"canonical\" href=\"https:\/\/choosecornwall.ca\/fr\/affaires\/recrutement-medical\/\" \/>\n<meta name=\"twitter:card\" content=\"summary_large_image\" \/>\n<meta name=\"twitter:title\" content=\"Recrutement m\u00e9dical et bourses d&#039;\u00e9tudes en m\u00e9decine - Choose Cornwall\" \/>\n<meta name=\"twitter:description\" content=\"Recrutement m\u00e9dical et bourses d&rsquo;\u00e9tudes en m\u00e9decine Cornwall soutient depuis longtemps les initiatives en mati\u00e8re de soins de sant\u00e9 communautaires, notamment le recrutement de professionnels de la sant\u00e9 et l&rsquo;am\u00e9lioration continue des ressources en soins de sant\u00e9 communautaires. Deux programmes sont actuellement en place\u00a0: le recrutement m\u00e9dical et les bourses d&rsquo;\u00e9tudes m\u00e9dicales. Recrutement m\u00e9dical Le... Voir l&#039;article\" \/>\n<meta name=\"twitter:image\" content=\"https:\/\/choosecornwall.ca\/wp-content\/uploads\/2019\/11\/Cornwall-Medical-Recruitment.jpg\" \/>\n<meta name=\"twitter:label1\" content=\"Est. reading time\" \/>\n\t<meta name=\"twitter:data1\" content=\"2 minutes\" \/>\n<script type=\"application\/ld+json\" class=\"yoast-schema-graph\">{\"@context\":\"https:\\\/\\\/schema.org\",\"@graph\":[{\"@type\":\"WebPage\",\"@id\":\"https:\\\/\\\/choosecornwall.ca\\\/fr\\\/affaires\\\/recrutement-medical\\\/\",\"url\":\"https:\\\/\\\/choosecornwall.ca\\\/fr\\\/affaires\\\/recrutement-medical\\\/\",\"name\":\"Recrutement m\u00e9dical et bourses d'\u00e9tudes en m\u00e9decine - Choose Cornwall\",\"isPartOf\":{\"@id\":\"https:\\\/\\\/choosecornwall.ca\\\/#website\"},\"primaryImageOfPage\":{\"@id\":\"https:\\\/\\\/choosecornwall.ca\\\/fr\\\/affaires\\\/recrutement-medical\\\/#primaryimage\"},\"image\":{\"@id\":\"https:\\\/\\\/choosecornwall.ca\\\/fr\\\/affaires\\\/recrutement-medical\\\/#primaryimage\"},\"thumbnailUrl\":\"https:\\\/\\\/choosecornwall.ca\\\/wp-content\\\/uploads\\\/2019\\\/11\\\/Cornwall-Medical-Recruitment.jpg\",\"datePublished\":\"2025-12-17T15:28:57+00:00\",\"dateModified\":\"2025-12-17T15:40:53+00:00\",\"breadcrumb\":{\"@id\":\"https:\\\/\\\/choosecornwall.ca\\\/fr\\\/affaires\\\/recrutement-medical\\\/#breadcrumb\"},\"inLanguage\":\"fr-FR\",\"potentialAction\":[{\"@type\":\"ReadAction\",\"target\":[\"https:\\\/\\\/choosecornwall.ca\\\/fr\\\/affaires\\\/recrutement-medical\\\/\"]}]},{\"@type\":\"ImageObject\",\"inLanguage\":\"fr-FR\",\"@id\":\"https:\\\/\\\/choosecornwall.ca\\\/fr\\\/affaires\\\/recrutement-medical\\\/#primaryimage\",\"url\":\"https:\\\/\\\/choosecornwall.ca\\\/wp-content\\\/uploads\\\/2019\\\/11\\\/Cornwall-Medical-Recruitment.jpg\",\"contentUrl\":\"https:\\\/\\\/choosecornwall.ca\\\/wp-content\\\/uploads\\\/2019\\\/11\\\/Cornwall-Medical-Recruitment.jpg\",\"width\":970,\"height\":340,\"caption\":\"Cornwall Medical Recruitment\"},{\"@type\":\"BreadcrumbList\",\"@id\":\"https:\\\/\\\/choosecornwall.ca\\\/fr\\\/affaires\\\/recrutement-medical\\\/#breadcrumb\",\"itemListElement\":[{\"@type\":\"ListItem\",\"position\":1,\"name\":\"Home\",\"item\":\"https:\\\/\\\/choosecornwall.ca\\\/fr\\\/\"},{\"@type\":\"ListItem\",\"position\":2,\"name\":\"Affaires\",\"item\":\"https:\\\/\\\/choosecornwall.ca\\\/fr\\\/affaires\\\/\"},{\"@type\":\"ListItem\",\"position\":3,\"name\":\"Recrutement m\u00e9dical et bourses d&#8217;\u00e9tudes en m\u00e9decine\"}]},{\"@type\":\"WebSite\",\"@id\":\"https:\\\/\\\/choosecornwall.ca\\\/#website\",\"url\":\"https:\\\/\\\/choosecornwall.ca\\\/\",\"name\":\"Choose Cornwall\",\"description\":\"Cornwall Economic Development\",\"potentialAction\":[{\"@type\":\"SearchAction\",\"target\":{\"@type\":\"EntryPoint\",\"urlTemplate\":\"https:\\\/\\\/choosecornwall.ca\\\/?s={search_term_string}\"},\"query-input\":{\"@type\":\"PropertyValueSpecification\",\"valueRequired\":true,\"valueName\":\"search_term_string\"}}],\"inLanguage\":\"fr-FR\"}]}<\/script>\n<!-- \/ Yoast SEO plugin. -->","yoast_head_json":{"title":"Recrutement m\u00e9dical et bourses d'\u00e9tudes en m\u00e9decine - Choose Cornwall","robots":{"index":"index","follow":"follow","max-snippet":"max-snippet:-1","max-image-preview":"max-image-preview:large","max-video-preview":"max-video-preview:-1"},"canonical":"https:\/\/choosecornwall.ca\/fr\/affaires\/recrutement-medical\/","twitter_card":"summary_large_image","twitter_title":"Recrutement m\u00e9dical et bourses d'\u00e9tudes en m\u00e9decine - Choose Cornwall","twitter_description":"Recrutement m\u00e9dical et bourses d&rsquo;\u00e9tudes en m\u00e9decine Cornwall soutient depuis longtemps les initiatives en mati\u00e8re de soins de sant\u00e9 communautaires, notamment le recrutement de professionnels de la sant\u00e9 et l&rsquo;am\u00e9lioration continue des ressources en soins de sant\u00e9 communautaires. Deux programmes sont actuellement en place\u00a0: le recrutement m\u00e9dical et les bourses d&rsquo;\u00e9tudes m\u00e9dicales. Recrutement m\u00e9dical Le... Voir l'article","twitter_image":"https:\/\/choosecornwall.ca\/wp-content\/uploads\/2019\/11\/Cornwall-Medical-Recruitment.jpg","twitter_misc":{"Est. reading time":"2 minutes"},"schema":{"@context":"https:\/\/schema.org","@graph":[{"@type":"WebPage","@id":"https:\/\/choosecornwall.ca\/fr\/affaires\/recrutement-medical\/","url":"https:\/\/choosecornwall.ca\/fr\/affaires\/recrutement-medical\/","name":"Recrutement m\u00e9dical et bourses d'\u00e9tudes en m\u00e9decine - Choose Cornwall","isPartOf":{"@id":"https:\/\/choosecornwall.ca\/#website"},"primaryImageOfPage":{"@id":"https:\/\/choosecornwall.ca\/fr\/affaires\/recrutement-medical\/#primaryimage"},"image":{"@id":"https:\/\/choosecornwall.ca\/fr\/affaires\/recrutement-medical\/#primaryimage"},"thumbnailUrl":"https:\/\/choosecornwall.ca\/wp-content\/uploads\/2019\/11\/Cornwall-Medical-Recruitment.jpg","datePublished":"2025-12-17T15:28:57+00:00","dateModified":"2025-12-17T15:40:53+00:00","breadcrumb":{"@id":"https:\/\/choosecornwall.ca\/fr\/affaires\/recrutement-medical\/#breadcrumb"},"inLanguage":"fr-FR","potentialAction":[{"@type":"ReadAction","target":["https:\/\/choosecornwall.ca\/fr\/affaires\/recrutement-medical\/"]}]},{"@type":"ImageObject","inLanguage":"fr-FR","@id":"https:\/\/choosecornwall.ca\/fr\/affaires\/recrutement-medical\/#primaryimage","url":"https:\/\/choosecornwall.ca\/wp-content\/uploads\/2019\/11\/Cornwall-Medical-Recruitment.jpg","contentUrl":"https:\/\/choosecornwall.ca\/wp-content\/uploads\/2019\/11\/Cornwall-Medical-Recruitment.jpg","width":970,"height":340,"caption":"Cornwall Medical Recruitment"},{"@type":"BreadcrumbList","@id":"https:\/\/choosecornwall.ca\/fr\/affaires\/recrutement-medical\/#breadcrumb","itemListElement":[{"@type":"ListItem","position":1,"name":"Home","item":"https:\/\/choosecornwall.ca\/fr\/"},{"@type":"ListItem","position":2,"name":"Affaires","item":"https:\/\/choosecornwall.ca\/fr\/affaires\/"},{"@type":"ListItem","position":3,"name":"Recrutement m\u00e9dical et bourses d&#8217;\u00e9tudes en m\u00e9decine"}]},{"@type":"WebSite","@id":"https:\/\/choosecornwall.ca\/#website","url":"https:\/\/choosecornwall.ca\/","name":"Choose Cornwall","description":"Cornwall Economic Development","potentialAction":[{"@type":"SearchAction","target":{"@type":"EntryPoint","urlTemplate":"https:\/\/choosecornwall.ca\/?s={search_term_string}"},"query-input":{"@type":"PropertyValueSpecification","valueRequired":true,"valueName":"search_term_string"}}],"inLanguage":"fr-FR"}]}},"_links":{"self":[{"href":"https:\/\/choosecornwall.ca\/fr\/wp-json\/wp\/v2\/pages\/34974","targetHints":{"allow":["GET"]}}],"collection":[{"href":"https:\/\/choosecornwall.ca\/fr\/wp-json\/wp\/v2\/pages"}],"about":[{"href":"https:\/\/choosecornwall.ca\/fr\/wp-json\/wp\/v2\/types\/page"}],"author":[{"embeddable":true,"href":"https:\/\/choosecornwall.ca\/fr\/wp-json\/wp\/v2\/users\/3"}],"replies":[{"embeddable":true,"href":"https:\/\/choosecornwall.ca\/fr\/wp-json\/wp\/v2\/comments?post=34974"}],"version-history":[{"count":7,"href":"https:\/\/choosecornwall.ca\/fr\/wp-json\/wp\/v2\/pages\/34974\/revisions"}],"predecessor-version":[{"id":34981,"href":"https:\/\/choosecornwall.ca\/fr\/wp-json\/wp\/v2\/pages\/34974\/revisions\/34981"}],"up":[{"embeddable":true,"href":"https:\/\/choosecornwall.ca\/fr\/wp-json\/wp\/v2\/pages\/3777"}],"wp:featuredmedia":[{"embeddable":true,"href":"https:\/\/choosecornwall.ca\/fr\/wp-json\/wp\/v2\/media\/12540"}],"wp:attachment":[{"href":"https:\/\/choosecornwall.ca\/fr\/wp-json\/wp\/v2\/media?parent=34974"}],"curies":[{"name":"wp","href":"https:\/\/api.w.org\/{rel}","templated":true}]}}