{"id":3595,"date":"2018-06-20T16:23:53","date_gmt":"2018-06-20T20:23:53","guid":{"rendered":"http:\/\/choosecornwall.ca\/?page_id=3595"},"modified":"2018-10-25T11:49:27","modified_gmt":"2018-10-25T15:49:27","slug":"ecoles","status":"publish","type":"page","link":"https:\/\/choosecornwall.ca\/fr\/living-fr\/ecoles\/","title":{"rendered":"\u00c9coles"},"content":{"rendered":"<h2>Une exp\u00e9rience d\u2019apprentissage exceptionnelle<\/h2>\n<p>De nombreuses familles \u00e9valuent une ville par la qualit\u00e9 de ses \u00e9coles. \u00c0 Cornwall, nous encourageons cette fa\u00e7on de penser.<\/p>\n<p>Vos enfants recevront une \u00e9ducation de qualit\u00e9 dans l\u2019une des 25 \u00e9coles \u00e9l\u00e9mentaires situ\u00e9es dans votre quartier ou ses environs, avec le choix d\u2019un enseignement en fran\u00e7ais ou en anglais. La plupart des enfants peuvent rentrer \u00e0 la maison \u00e0 pied ou \u00e0 v\u00e9lo pour d\u00eener, tandis que les enseignants vivent tr\u00e8s probablement \u00e0 proximit\u00e9.<\/p>\n<p>Le temps venu, vous pourrez choisir parmi six \u00e9coles secondaires ainsi que la langue d\u2019enseignement pr\u00e9f\u00e9r\u00e9e. Nos \u00e9tablissements secondaires offrent un milieu s\u00fbr et convivial qui propose des activit\u00e9s parascolaires ax\u00e9es sur les sports et la culture ainsi que des possibilit\u00e9s d\u2019apprentissage coop\u00e9ratif \u00e0 l\u2019Institut des sciences environnementales du fleuve Saint-Laurent.<\/p>\n<p>Le paysage \u00e9ducatif de Cornwall se compl\u00e8te par notre magnifique biblioth\u00e8que publique et des possibilit\u00e9s d\u2019\u00e9tudes postsecondaires, notamment au Coll\u00e8ge Saint-Laurent, \u00e0 l\u2019Universit\u00e9 d\u2019Ottawa, \u00e0 l\u2019Institut de formation de NAV CANADA et \u00e0\u00a0<a href=\"http:\/\/riverinstitute.ca\/\" target=\"_blank\" rel=\"noopener\">l\u2019Institut des sciences environnementales du fleuve Saint-Laurent<\/a>.<\/p>\n<p>Quatre conseils scolaires exploitent les \u00e9coles \u00e9l\u00e9mentaires et secondaires de Cornwall\u00a0:<\/p>\n<ul>\n<li>L\u2019Upper Canada District School Board<\/li>\n<li>Le Catholic District School Board of Eastern Ontario<\/li>\n<li>Le Conseil scolaire de district catholique de l\u2019Est ontarien<\/li>\n<li>Le Conseil des \u00e9coles publiques de l\u2019Est de l\u2019Ontario<\/li>\n<\/ul>\n","protected":false},"excerpt":{"rendered":"Une exp\u00e9rience d\u2019apprentissage exceptionnelle De nombreuses familles \u00e9valuent une ville par la qualit\u00e9 de ses \u00e9coles. \u00c0 Cornwall, nous encourageons cette fa\u00e7on de penser. Vos enfants recevront une \u00e9ducation de qualit\u00e9 dans l\u2019une des 25 \u00e9coles \u00e9l\u00e9mentaires situ\u00e9es dans votre quartier ou ses environs, avec le choix d\u2019un enseignement en fran\u00e7ais ou en anglais. La&#8230; <a class=\"view-article\" href=\"https:\/\/choosecornwall.ca\/fr\/living-fr\/ecoles\/\">Voir l&rsquo;article<\/a>","protected":false},"author":3,"featured_media":3538,"parent":3597,"menu_order":0,"comment_status":"closed","ping_status":"closed","template":"","meta":{"_acf_changed":false,"inline_featured_image":false,"footnotes":""},"class_list":["post-3595","page","type-page","status-publish","has-post-thumbnail","hentry"],"acf":[],"yoast_head":"<!-- This site is optimized with the Yoast SEO plugin v27.3 - https:\/\/yoast.com\/product\/yoast-seo-wordpress\/ -->\n<title>\u00c9coles - Choose Cornwall<\/title>\n<meta name=\"robots\" content=\"index, follow, max-snippet:-1, max-image-preview:large, max-video-preview:-1\" \/>\n<link rel=\"canonical\" href=\"https:\/\/choosecornwall.ca\/fr\/living-fr\/ecoles\/\" \/>\n<meta name=\"twitter:card\" content=\"summary_large_image\" \/>\n<meta name=\"twitter:title\" content=\"\u00c9coles - Choose Cornwall\" \/>\n<meta name=\"twitter:description\" content=\"Une exp\u00e9rience d\u2019apprentissage exceptionnelle De nombreuses familles \u00e9valuent une ville par la qualit\u00e9 de ses \u00e9coles. \u00c0 Cornwall, nous encourageons cette fa\u00e7on de penser. Vos enfants recevront une \u00e9ducation de qualit\u00e9 dans l\u2019une des 25 \u00e9coles \u00e9l\u00e9mentaires situ\u00e9es dans votre quartier ou ses environs, avec le choix d\u2019un enseignement en fran\u00e7ais ou en anglais. La... Voir l&#039;article\" \/>\n<meta name=\"twitter:image\" content=\"https:\/\/choosecornwall.ca\/wp-content\/uploads\/2018\/06\/banner-living-education.jpg\" \/>\n<meta name=\"twitter:label1\" content=\"Est. reading time\" \/>\n\t<meta name=\"twitter:data1\" content=\"1 minute\" \/>\n<script type=\"application\/ld+json\" class=\"yoast-schema-graph\">{\"@context\":\"https:\\\/\\\/schema.org\",\"@graph\":[{\"@type\":\"WebPage\",\"@id\":\"https:\\\/\\\/choosecornwall.ca\\\/fr\\\/living-fr\\\/ecoles\\\/\",\"url\":\"https:\\\/\\\/choosecornwall.ca\\\/fr\\\/living-fr\\\/ecoles\\\/\",\"name\":\"\u00c9coles - Choose Cornwall\",\"isPartOf\":{\"@id\":\"https:\\\/\\\/choosecornwall.ca\\\/#website\"},\"primaryImageOfPage\":{\"@id\":\"https:\\\/\\\/choosecornwall.ca\\\/fr\\\/living-fr\\\/ecoles\\\/#primaryimage\"},\"image\":{\"@id\":\"https:\\\/\\\/choosecornwall.ca\\\/fr\\\/living-fr\\\/ecoles\\\/#primaryimage\"},\"thumbnailUrl\":\"https:\\\/\\\/choosecornwall.ca\\\/wp-content\\\/uploads\\\/2018\\\/06\\\/banner-living-education.jpg\",\"datePublished\":\"2018-06-20T20:23:53+00:00\",\"dateModified\":\"2018-10-25T15:49:27+00:00\",\"breadcrumb\":{\"@id\":\"https:\\\/\\\/choosecornwall.ca\\\/fr\\\/living-fr\\\/ecoles\\\/#breadcrumb\"},\"inLanguage\":\"fr-FR\",\"potentialAction\":[{\"@type\":\"ReadAction\",\"target\":[\"https:\\\/\\\/choosecornwall.ca\\\/fr\\\/living-fr\\\/ecoles\\\/\"]}]},{\"@type\":\"ImageObject\",\"inLanguage\":\"fr-FR\",\"@id\":\"https:\\\/\\\/choosecornwall.ca\\\/fr\\\/living-fr\\\/ecoles\\\/#primaryimage\",\"url\":\"https:\\\/\\\/choosecornwall.ca\\\/wp-content\\\/uploads\\\/2018\\\/06\\\/banner-living-education.jpg\",\"contentUrl\":\"https:\\\/\\\/choosecornwall.ca\\\/wp-content\\\/uploads\\\/2018\\\/06\\\/banner-living-education.jpg\",\"width\":970,\"height\":340},{\"@type\":\"BreadcrumbList\",\"@id\":\"https:\\\/\\\/choosecornwall.ca\\\/fr\\\/living-fr\\\/ecoles\\\/#breadcrumb\",\"itemListElement\":[{\"@type\":\"ListItem\",\"position\":1,\"name\":\"Home\",\"item\":\"https:\\\/\\\/choosecornwall.ca\\\/fr\\\/\"},{\"@type\":\"ListItem\",\"position\":2,\"name\":\"Vivre ici\",\"item\":\"https:\\\/\\\/choosecornwall.ca\\\/fr\\\/living-fr\\\/\"},{\"@type\":\"ListItem\",\"position\":3,\"name\":\"\u00c9coles\"}]},{\"@type\":\"WebSite\",\"@id\":\"https:\\\/\\\/choosecornwall.ca\\\/#website\",\"url\":\"https:\\\/\\\/choosecornwall.ca\\\/\",\"name\":\"Choose Cornwall\",\"description\":\"Cornwall Economic Development\",\"potentialAction\":[{\"@type\":\"SearchAction\",\"target\":{\"@type\":\"EntryPoint\",\"urlTemplate\":\"https:\\\/\\\/choosecornwall.ca\\\/?s={search_term_string}\"},\"query-input\":{\"@type\":\"PropertyValueSpecification\",\"valueRequired\":true,\"valueName\":\"search_term_string\"}}],\"inLanguage\":\"fr-FR\"}]}<\/script>\n<!-- \/ Yoast SEO plugin. -->","yoast_head_json":{"title":"\u00c9coles - Choose Cornwall","robots":{"index":"index","follow":"follow","max-snippet":"max-snippet:-1","max-image-preview":"max-image-preview:large","max-video-preview":"max-video-preview:-1"},"canonical":"https:\/\/choosecornwall.ca\/fr\/living-fr\/ecoles\/","twitter_card":"summary_large_image","twitter_title":"\u00c9coles - Choose Cornwall","twitter_description":"Une exp\u00e9rience d\u2019apprentissage exceptionnelle De nombreuses familles \u00e9valuent une ville par la qualit\u00e9 de ses \u00e9coles. \u00c0 Cornwall, nous encourageons cette fa\u00e7on de penser. Vos enfants recevront une \u00e9ducation de qualit\u00e9 dans l\u2019une des 25 \u00e9coles \u00e9l\u00e9mentaires situ\u00e9es dans votre quartier ou ses environs, avec le choix d\u2019un enseignement en fran\u00e7ais ou en anglais. La... Voir l'article","twitter_image":"https:\/\/choosecornwall.ca\/wp-content\/uploads\/2018\/06\/banner-living-education.jpg","twitter_misc":{"Est. reading time":"1 minute"},"schema":{"@context":"https:\/\/schema.org","@graph":[{"@type":"WebPage","@id":"https:\/\/choosecornwall.ca\/fr\/living-fr\/ecoles\/","url":"https:\/\/choosecornwall.ca\/fr\/living-fr\/ecoles\/","name":"\u00c9coles - Choose Cornwall","isPartOf":{"@id":"https:\/\/choosecornwall.ca\/#website"},"primaryImageOfPage":{"@id":"https:\/\/choosecornwall.ca\/fr\/living-fr\/ecoles\/#primaryimage"},"image":{"@id":"https:\/\/choosecornwall.ca\/fr\/living-fr\/ecoles\/#primaryimage"},"thumbnailUrl":"https:\/\/choosecornwall.ca\/wp-content\/uploads\/2018\/06\/banner-living-education.jpg","datePublished":"2018-06-20T20:23:53+00:00","dateModified":"2018-10-25T15:49:27+00:00","breadcrumb":{"@id":"https:\/\/choosecornwall.ca\/fr\/living-fr\/ecoles\/#breadcrumb"},"inLanguage":"fr-FR","potentialAction":[{"@type":"ReadAction","target":["https:\/\/choosecornwall.ca\/fr\/living-fr\/ecoles\/"]}]},{"@type":"ImageObject","inLanguage":"fr-FR","@id":"https:\/\/choosecornwall.ca\/fr\/living-fr\/ecoles\/#primaryimage","url":"https:\/\/choosecornwall.ca\/wp-content\/uploads\/2018\/06\/banner-living-education.jpg","contentUrl":"https:\/\/choosecornwall.ca\/wp-content\/uploads\/2018\/06\/banner-living-education.jpg","width":970,"height":340},{"@type":"BreadcrumbList","@id":"https:\/\/choosecornwall.ca\/fr\/living-fr\/ecoles\/#breadcrumb","itemListElement":[{"@type":"ListItem","position":1,"name":"Home","item":"https:\/\/choosecornwall.ca\/fr\/"},{"@type":"ListItem","position":2,"name":"Vivre ici","item":"https:\/\/choosecornwall.ca\/fr\/living-fr\/"},{"@type":"ListItem","position":3,"name":"\u00c9coles"}]},{"@type":"WebSite","@id":"https:\/\/choosecornwall.ca\/#website","url":"https:\/\/choosecornwall.ca\/","name":"Choose Cornwall","description":"Cornwall Economic Development","potentialAction":[{"@type":"SearchAction","target":{"@type":"EntryPoint","urlTemplate":"https:\/\/choosecornwall.ca\/?s={search_term_string}"},"query-input":{"@type":"PropertyValueSpecification","valueRequired":true,"valueName":"search_term_string"}}],"inLanguage":"fr-FR"}]}},"_links":{"self":[{"href":"https:\/\/choosecornwall.ca\/fr\/wp-json\/wp\/v2\/pages\/3595","targetHints":{"allow":["GET"]}}],"collection":[{"href":"https:\/\/choosecornwall.ca\/fr\/wp-json\/wp\/v2\/pages"}],"about":[{"href":"https:\/\/choosecornwall.ca\/fr\/wp-json\/wp\/v2\/types\/page"}],"author":[{"embeddable":true,"href":"https:\/\/choosecornwall.ca\/fr\/wp-json\/wp\/v2\/users\/3"}],"replies":[{"embeddable":true,"href":"https:\/\/choosecornwall.ca\/fr\/wp-json\/wp\/v2\/comments?post=3595"}],"version-history":[{"count":0,"href":"https:\/\/choosecornwall.ca\/fr\/wp-json\/wp\/v2\/pages\/3595\/revisions"}],"up":[{"embeddable":true,"href":"https:\/\/choosecornwall.ca\/fr\/wp-json\/wp\/v2\/pages\/3597"}],"wp:featuredmedia":[{"embeddable":true,"href":"https:\/\/choosecornwall.ca\/fr\/wp-json\/wp\/v2\/media\/3538"}],"wp:attachment":[{"href":"https:\/\/choosecornwall.ca\/fr\/wp-json\/wp\/v2\/media?parent=3595"}],"curies":[{"name":"wp","href":"https:\/\/api.w.org\/{rel}","templated":true}]}}