{"id":3597,"date":"2018-06-20T16:27:42","date_gmt":"2018-06-20T20:27:42","guid":{"rendered":"http:\/\/choosecornwall.ca\/?page_id=3597"},"modified":"2018-12-07T12:58:06","modified_gmt":"2018-12-07T17:58:06","slug":"living-fr","status":"publish","type":"page","link":"https:\/\/choosecornwall.ca\/fr\/living-fr\/","title":{"rendered":"Vivre ici"},"content":{"rendered":"<p>On peut tout avoir, \u00e0 Cornwall! Notre ville en pleine croissance est aussi jolie que s\u00fbre et chaleureuse. Vous trouverez tout ce dont vous avez besoin pour profiter d\u2019une qualit\u00e9 de vie exceptionnelle. Notre communaut\u00e9 est largement desservie et dot\u00e9e d\u2019une ambiance de petite ville, o\u00f9 tout est \u00e0 quelques minutes de votre porte d\u2019entr\u00e9e et o\u00f9 de nouvelles opportunit\u00e9s vous attendent \u00e0 chaque coin de rue ! Tout cela, en plus d\u2019\u00eatre un lieu de vie abordable en Ontario et l\u2019endroit id\u00e9al pour \u00e9lever une famille.<\/p>\n<p><strong>Les raisons pour vous \u00e9tablir \u00e0 Cornwall ne manquent pas. Venez donc voir par vous-m\u00eame!<\/strong><\/p>\n","protected":false},"excerpt":{"rendered":"On peut tout avoir, \u00e0 Cornwall! Notre ville en pleine croissance est aussi jolie que s\u00fbre et chaleureuse. Vous trouverez tout ce dont vous avez besoin pour profiter d\u2019une qualit\u00e9 de vie exceptionnelle. Notre communaut\u00e9 est largement desservie et dot\u00e9e d\u2019une ambiance de petite ville, o\u00f9 tout est \u00e0 quelques minutes de votre porte d\u2019entr\u00e9e&#8230; <a class=\"view-article\" href=\"https:\/\/choosecornwall.ca\/fr\/living-fr\/\">Voir l&rsquo;article<\/a>","protected":false},"author":3,"featured_media":35470,"parent":0,"menu_order":0,"comment_status":"closed","ping_status":"closed","template":"template-parts\/template-landing.php","meta":{"_acf_changed":false,"inline_featured_image":false,"footnotes":""},"class_list":["post-3597","page","type-page","status-publish","has-post-thumbnail","hentry"],"acf":[],"yoast_head":"<!-- This site is optimized with the Yoast SEO plugin v27.3 - https:\/\/yoast.com\/product\/yoast-seo-wordpress\/ -->\n<title>Vivre ici - Choose Cornwall<\/title>\n<meta name=\"robots\" content=\"index, follow, max-snippet:-1, max-image-preview:large, max-video-preview:-1\" \/>\n<link rel=\"canonical\" href=\"https:\/\/choosecornwall.ca\/fr\/living-fr\/\" \/>\n<meta name=\"twitter:card\" content=\"summary_large_image\" \/>\n<meta name=\"twitter:title\" content=\"Vivre ici - Choose Cornwall\" \/>\n<meta name=\"twitter:description\" content=\"On peut tout avoir, \u00e0 Cornwall! Notre ville en pleine croissance est aussi jolie que s\u00fbre et chaleureuse. Vous trouverez tout ce dont vous avez besoin pour profiter d\u2019une qualit\u00e9 de vie exceptionnelle. Notre communaut\u00e9 est largement desservie et dot\u00e9e d\u2019une ambiance de petite ville, o\u00f9 tout est \u00e0 quelques minutes de votre porte d\u2019entr\u00e9e... Voir l&#039;article\" \/>\n<meta name=\"twitter:image\" content=\"https:\/\/choosecornwall.ca\/wp-content\/uploads\/2018\/06\/banner-living-landing.jpg\" \/>\n<meta name=\"twitter:label1\" content=\"Est. reading time\" \/>\n\t<meta name=\"twitter:data1\" content=\"1 minute\" \/>\n<script type=\"application\/ld+json\" class=\"yoast-schema-graph\">{\"@context\":\"https:\\\/\\\/schema.org\",\"@graph\":[{\"@type\":\"WebPage\",\"@id\":\"https:\\\/\\\/choosecornwall.ca\\\/fr\\\/living-fr\\\/\",\"url\":\"https:\\\/\\\/choosecornwall.ca\\\/fr\\\/living-fr\\\/\",\"name\":\"Vivre ici - Choose Cornwall\",\"isPartOf\":{\"@id\":\"https:\\\/\\\/choosecornwall.ca\\\/#website\"},\"primaryImageOfPage\":{\"@id\":\"https:\\\/\\\/choosecornwall.ca\\\/fr\\\/living-fr\\\/#primaryimage\"},\"image\":{\"@id\":\"https:\\\/\\\/choosecornwall.ca\\\/fr\\\/living-fr\\\/#primaryimage\"},\"thumbnailUrl\":\"https:\\\/\\\/choosecornwall.ca\\\/wp-content\\\/uploads\\\/2026\\\/03\\\/Choose-Cornwall-Living-Banner-1.jpg\",\"datePublished\":\"2018-06-20T20:27:42+00:00\",\"dateModified\":\"2018-12-07T17:58:06+00:00\",\"breadcrumb\":{\"@id\":\"https:\\\/\\\/choosecornwall.ca\\\/fr\\\/living-fr\\\/#breadcrumb\"},\"inLanguage\":\"fr-FR\",\"potentialAction\":[{\"@type\":\"ReadAction\",\"target\":[\"https:\\\/\\\/choosecornwall.ca\\\/fr\\\/living-fr\\\/\"]}]},{\"@type\":\"ImageObject\",\"inLanguage\":\"fr-FR\",\"@id\":\"https:\\\/\\\/choosecornwall.ca\\\/fr\\\/living-fr\\\/#primaryimage\",\"url\":\"https:\\\/\\\/choosecornwall.ca\\\/wp-content\\\/uploads\\\/2026\\\/03\\\/Choose-Cornwall-Living-Banner-1.jpg\",\"contentUrl\":\"https:\\\/\\\/choosecornwall.ca\\\/wp-content\\\/uploads\\\/2026\\\/03\\\/Choose-Cornwall-Living-Banner-1.jpg\",\"width\":1440,\"height\":540,\"caption\":\"Choose Cornwall - Cycling along the Riverside Trail\"},{\"@type\":\"BreadcrumbList\",\"@id\":\"https:\\\/\\\/choosecornwall.ca\\\/fr\\\/living-fr\\\/#breadcrumb\",\"itemListElement\":[{\"@type\":\"ListItem\",\"position\":1,\"name\":\"Home\",\"item\":\"https:\\\/\\\/choosecornwall.ca\\\/fr\\\/\"},{\"@type\":\"ListItem\",\"position\":2,\"name\":\"Vivre ici\"}]},{\"@type\":\"WebSite\",\"@id\":\"https:\\\/\\\/choosecornwall.ca\\\/#website\",\"url\":\"https:\\\/\\\/choosecornwall.ca\\\/\",\"name\":\"Choose Cornwall\",\"description\":\"Cornwall Economic Development\",\"potentialAction\":[{\"@type\":\"SearchAction\",\"target\":{\"@type\":\"EntryPoint\",\"urlTemplate\":\"https:\\\/\\\/choosecornwall.ca\\\/?s={search_term_string}\"},\"query-input\":{\"@type\":\"PropertyValueSpecification\",\"valueRequired\":true,\"valueName\":\"search_term_string\"}}],\"inLanguage\":\"fr-FR\"}]}<\/script>\n<!-- \/ Yoast SEO plugin. -->","yoast_head_json":{"title":"Vivre ici - Choose Cornwall","robots":{"index":"index","follow":"follow","max-snippet":"max-snippet:-1","max-image-preview":"max-image-preview:large","max-video-preview":"max-video-preview:-1"},"canonical":"https:\/\/choosecornwall.ca\/fr\/living-fr\/","twitter_card":"summary_large_image","twitter_title":"Vivre ici - Choose Cornwall","twitter_description":"On peut tout avoir, \u00e0 Cornwall! Notre ville en pleine croissance est aussi jolie que s\u00fbre et chaleureuse. Vous trouverez tout ce dont vous avez besoin pour profiter d\u2019une qualit\u00e9 de vie exceptionnelle. Notre communaut\u00e9 est largement desservie et dot\u00e9e d\u2019une ambiance de petite ville, o\u00f9 tout est \u00e0 quelques minutes de votre porte d\u2019entr\u00e9e... Voir l'article","twitter_image":"https:\/\/choosecornwall.ca\/wp-content\/uploads\/2018\/06\/banner-living-landing.jpg","twitter_misc":{"Est. reading time":"1 minute"},"schema":{"@context":"https:\/\/schema.org","@graph":[{"@type":"WebPage","@id":"https:\/\/choosecornwall.ca\/fr\/living-fr\/","url":"https:\/\/choosecornwall.ca\/fr\/living-fr\/","name":"Vivre ici - Choose Cornwall","isPartOf":{"@id":"https:\/\/choosecornwall.ca\/#website"},"primaryImageOfPage":{"@id":"https:\/\/choosecornwall.ca\/fr\/living-fr\/#primaryimage"},"image":{"@id":"https:\/\/choosecornwall.ca\/fr\/living-fr\/#primaryimage"},"thumbnailUrl":"https:\/\/choosecornwall.ca\/wp-content\/uploads\/2026\/03\/Choose-Cornwall-Living-Banner-1.jpg","datePublished":"2018-06-20T20:27:42+00:00","dateModified":"2018-12-07T17:58:06+00:00","breadcrumb":{"@id":"https:\/\/choosecornwall.ca\/fr\/living-fr\/#breadcrumb"},"inLanguage":"fr-FR","potentialAction":[{"@type":"ReadAction","target":["https:\/\/choosecornwall.ca\/fr\/living-fr\/"]}]},{"@type":"ImageObject","inLanguage":"fr-FR","@id":"https:\/\/choosecornwall.ca\/fr\/living-fr\/#primaryimage","url":"https:\/\/choosecornwall.ca\/wp-content\/uploads\/2026\/03\/Choose-Cornwall-Living-Banner-1.jpg","contentUrl":"https:\/\/choosecornwall.ca\/wp-content\/uploads\/2026\/03\/Choose-Cornwall-Living-Banner-1.jpg","width":1440,"height":540,"caption":"Choose Cornwall - Cycling along the Riverside Trail"},{"@type":"BreadcrumbList","@id":"https:\/\/choosecornwall.ca\/fr\/living-fr\/#breadcrumb","itemListElement":[{"@type":"ListItem","position":1,"name":"Home","item":"https:\/\/choosecornwall.ca\/fr\/"},{"@type":"ListItem","position":2,"name":"Vivre ici"}]},{"@type":"WebSite","@id":"https:\/\/choosecornwall.ca\/#website","url":"https:\/\/choosecornwall.ca\/","name":"Choose Cornwall","description":"Cornwall Economic Development","potentialAction":[{"@type":"SearchAction","target":{"@type":"EntryPoint","urlTemplate":"https:\/\/choosecornwall.ca\/?s={search_term_string}"},"query-input":{"@type":"PropertyValueSpecification","valueRequired":true,"valueName":"search_term_string"}}],"inLanguage":"fr-FR"}]}},"_links":{"self":[{"href":"https:\/\/choosecornwall.ca\/fr\/wp-json\/wp\/v2\/pages\/3597","targetHints":{"allow":["GET"]}}],"collection":[{"href":"https:\/\/choosecornwall.ca\/fr\/wp-json\/wp\/v2\/pages"}],"about":[{"href":"https:\/\/choosecornwall.ca\/fr\/wp-json\/wp\/v2\/types\/page"}],"author":[{"embeddable":true,"href":"https:\/\/choosecornwall.ca\/fr\/wp-json\/wp\/v2\/users\/3"}],"replies":[{"embeddable":true,"href":"https:\/\/choosecornwall.ca\/fr\/wp-json\/wp\/v2\/comments?post=3597"}],"version-history":[{"count":0,"href":"https:\/\/choosecornwall.ca\/fr\/wp-json\/wp\/v2\/pages\/3597\/revisions"}],"wp:featuredmedia":[{"embeddable":true,"href":"https:\/\/choosecornwall.ca\/fr\/wp-json\/wp\/v2\/media\/35470"}],"wp:attachment":[{"href":"https:\/\/choosecornwall.ca\/fr\/wp-json\/wp\/v2\/media?parent=3597"}],"curies":[{"name":"wp","href":"https:\/\/api.w.org\/{rel}","templated":true}]}}