{"id":3600,"date":"2018-06-20T16:40:19","date_gmt":"2018-06-20T20:40:19","guid":{"rendered":"http:\/\/choosecornwall.ca\/?page_id=3600"},"modified":"2025-06-11T09:30:09","modified_gmt":"2025-06-11T13:30:09","slug":"logement","status":"publish","type":"page","link":"https:\/\/choosecornwall.ca\/fr\/living-fr\/logement\/","title":{"rendered":"Logement"},"content":{"rendered":"<h2>Faites comme chez vous!<\/h2>\n<p>De nombreuses familles \u00e9prouvent de la difficult\u00e9 \u00e0 d\u00e9nicher la bonne maison au bon prix, surtout dans les grandes villes, comme Ottawa ou Toronto. Heureusement, ce n\u2019est pas le cas \u00e0 Cornwall, o\u00f9 de belles r\u00e9sidences spacieuses sont propos\u00e9es \u00e0 des prix remarquablement attrayants. En fait, le prix du logement ici compte parmi les plus abordables de l\u2019Ontario et procure une valeur impressionnante quand on le compare \u00e0 celui d\u2019autres villes.<\/p>\n<p>Certains, surtout les acheteurs d\u2019une premi\u00e8re maison, d\u00e9couvriront des r\u00e9sidences qu\u2019ils peuvent enfin se permettre, tandis que d\u2019autres seront en mesure d\u2019acqu\u00e9rir une demeure plus confortable \u2014 peut-\u00eatre m\u00eame celle de leurs r\u00eaves \u2014, tout en \u00e9tant capables de mettre de l\u2019argent de c\u00f4t\u00e9 chaque mois.<\/p>\n<p>Vous vous \u00e9tonnerez de ce que vous obtiendriez en choisissant Cornwall. \u00cates-vous \u00e0 la recherche d\u2019un domaine ou d\u2019un condominium au centre-ville avec vue sur le fleuve? Il y en a, tout comme une gamme \u00e9tendue de maisons qui tiennent compte des besoins des familles et se situent pr\u00e8s d\u2019\u00e9coles et de parcs. Vous trouverez non seulement d\u2019excellentes r\u00e9sidences, mais aussi des terrains plus vastes, des rues tranquilles et un choix de quartiers s\u00fbrs et dot\u00e9s de tous les services. Comparaison du prix des propri\u00e9t\u00e9s.<\/p>\n<p>Vous trouverez aussi quantit\u00e9 de commodit\u00e9s et de services auxquels vous vous attendez dans une ville \u00e0 part enti\u00e8re. Cornwall poss\u00e8de tout ce dont vous avez besoin \u2014 et bien plus! Pour en savoir davantage sur ce \u00e0 quoi vous pouvez vous attendre, il vous suffit de\u00a0<a title=\"Contactez-nous\" href=\"https:\/\/choosecornwall.ca\/fr\/contact-fr\/\" target=\"_blank\" rel=\"noopener\">demander des renseignements suppl\u00e9mentaires<\/a>.<\/p>\n<h3>Prix moyen des maisons \u00e0 Cornwall, par type \u2014 2016<\/h3>\n<ul>\n<li>Bungalow \u2013 $184,977<\/li>\n<li>Bungalow \u00e9lev\u00e9 \u2013 $237,292<\/li>\n<li>Maison \u00e0 paliers \u2013 $221,167<\/li>\n<li>Maison \u00e0 deux \u00e9tages \u2013 $204,875<\/li>\n<li>Maison \u00e0 un \u00e9tage et demi \u2013 $121,433<\/li>\n<li>Maison jumel\u00e9e \u2013 $171,500<\/li>\n<li>Condominium \u2013 $200,279<\/li>\n<li>Maison en rang\u00e9e \u2013 $131,103<\/li>\n<li>Maison \u00e0 revenu \u2013 $126,108<\/li>\n<\/ul>\n<h3>Prix moyen des maisons au Canada, par endroit \u2014 2016<\/h3>\n<ul>\n<li>Canada \u2013 $494,938<\/li>\n<li>Ontario \u2013 $527,278<\/li>\n<li>Ottawa \u2013 $374,460<\/li>\n<li>Toronto \u2013 $717,213<\/li>\n<li>Montr\u00e9al \u2013 $344,870<\/li>\n<li>Cambridge \u2013 $377,197<\/li>\n<li><strong>Cornwall \u2013 $204,885<\/strong><\/li>\n<li>R\u00e9gion de Durham \u2013 $516,923<\/li>\n<li>District de Guelph \u2013 $415,478<\/li>\n<li>Agglom\u00e9ration de Hamilton \u2013 $493,193<\/li>\n<li>R\u00e9gion de Kingston \u2013 $304,114<\/li>\n<li>Kitchener \u2013 Waterloo \u2013 $378,008<\/li>\n<li>London \u2013 St. Thomas \u2013\u00a0$277,218<\/li>\n<li>North Bay \u2013\u00a0$229,025<\/li>\n<li>Peterborough \u2013\u00a0$320,611<\/li>\n<li>Sudbury \u2013\u00a0$253,154<\/li>\n<li>Thunder Bay \u2013\u00a0$217,966<\/li>\n<\/ul>\n<p>Cliquer sur les liens ci-dessous pour obtenir davantage de renseignements, ainsi que pour voir la liste des annonces immobili\u00e8res:<\/p>\n<ul>\n<li><a href=\"http:\/\/www.mls-cornwall.com\/\" target=\"_blank\" rel=\"noopener\">Cor<\/a><a href=\"http:\/\/www.mls-cornwall.com\/\" target=\"_blank\" rel=\"noopener\">nwall and District Real Estate Board\u00a0<\/a>(en anglais)<\/li>\n<li><a href=\"http:\/\/www.remax-cornwall.com\/\" target=\"_blank\" rel=\"noopener\">Re\/Max Cornwall\u00a0<\/a>(en anglais)<\/li>\n<li><a href=\"http:\/\/www.exitrealtyseaway.com\/\" target=\"_blank\" rel=\"noopener\">Exit Realty\u00a0<\/a>(en anglais)<\/li>\n<li><a href=\"http:\/\/www.century21shield.com\/\" target=\"_blank\" rel=\"noopener\">Century 21 Cornwall\u00a0<\/a>(en anglais)<\/li>\n<li><a href=\"http:\/\/www.homesnet.ca\/\" target=\"_blank\" rel=\"noopener\">M. Jean Cameron Real Estate\u00a0<\/a>(en anglais)<\/li>\n<li><a href=\"http:\/\/www.performancerealty.ca\/branch-locations\/cornwall\" target=\"_blank\" rel=\"noopener\">Royal LePage (Performance Realty)\u00a0<\/a>(en anglais)<\/li>\n<li><a href=\"http:\/\/www.stormrealtycornwall.com\/\" target=\"_blank\" rel=\"noopener\">Storm Realty\u00a0<\/a>(en anglais)<\/li>\n<li>gg<\/li>\n<\/ul>\n","protected":false},"excerpt":{"rendered":"Faites comme chez vous! De nombreuses familles \u00e9prouvent de la difficult\u00e9 \u00e0 d\u00e9nicher la bonne maison au bon prix, surtout dans les grandes villes, comme Ottawa ou Toronto. Heureusement, ce n\u2019est pas le cas \u00e0 Cornwall, o\u00f9 de belles r\u00e9sidences spacieuses sont propos\u00e9es \u00e0 des prix remarquablement attrayants. En fait, le prix du logement ici&#8230; <a class=\"view-article\" href=\"https:\/\/choosecornwall.ca\/fr\/living-fr\/logement\/\">Voir l&rsquo;article<\/a>","protected":false},"author":3,"featured_media":3590,"parent":3597,"menu_order":0,"comment_status":"closed","ping_status":"closed","template":"","meta":{"_acf_changed":false,"inline_featured_image":false,"footnotes":""},"class_list":["post-3600","page","type-page","status-publish","has-post-thumbnail","hentry"],"acf":[],"yoast_head":"<!-- This site is optimized with the Yoast SEO plugin v27.3 - https:\/\/yoast.com\/product\/yoast-seo-wordpress\/ -->\n<title>Logement - Choose Cornwall<\/title>\n<meta name=\"robots\" content=\"index, follow, max-snippet:-1, max-image-preview:large, max-video-preview:-1\" \/>\n<link rel=\"canonical\" href=\"https:\/\/choosecornwall.ca\/fr\/living-fr\/logement\/\" \/>\n<meta name=\"twitter:card\" content=\"summary_large_image\" \/>\n<meta name=\"twitter:title\" content=\"Logement - Choose Cornwall\" \/>\n<meta name=\"twitter:description\" content=\"Faites comme chez vous! De nombreuses familles \u00e9prouvent de la difficult\u00e9 \u00e0 d\u00e9nicher la bonne maison au bon prix, surtout dans les grandes villes, comme Ottawa ou Toronto. Heureusement, ce n\u2019est pas le cas \u00e0 Cornwall, o\u00f9 de belles r\u00e9sidences spacieuses sont propos\u00e9es \u00e0 des prix remarquablement attrayants. En fait, le prix du logement ici... Voir l&#039;article\" \/>\n<meta name=\"twitter:image\" content=\"https:\/\/choosecornwall.ca\/wp-content\/uploads\/2018\/06\/banner-living-housing-1.jpg\" \/>\n<meta name=\"twitter:label1\" content=\"Est. reading time\" \/>\n\t<meta name=\"twitter:data1\" content=\"3 minutes\" \/>\n<script type=\"application\/ld+json\" class=\"yoast-schema-graph\">{\"@context\":\"https:\\\/\\\/schema.org\",\"@graph\":[{\"@type\":\"WebPage\",\"@id\":\"https:\\\/\\\/choosecornwall.ca\\\/fr\\\/living-fr\\\/logement\\\/\",\"url\":\"https:\\\/\\\/choosecornwall.ca\\\/fr\\\/living-fr\\\/logement\\\/\",\"name\":\"Logement - Choose Cornwall\",\"isPartOf\":{\"@id\":\"https:\\\/\\\/choosecornwall.ca\\\/#website\"},\"primaryImageOfPage\":{\"@id\":\"https:\\\/\\\/choosecornwall.ca\\\/fr\\\/living-fr\\\/logement\\\/#primaryimage\"},\"image\":{\"@id\":\"https:\\\/\\\/choosecornwall.ca\\\/fr\\\/living-fr\\\/logement\\\/#primaryimage\"},\"thumbnailUrl\":\"https:\\\/\\\/choosecornwall.ca\\\/wp-content\\\/uploads\\\/2018\\\/06\\\/banner-living-housing-1.jpg\",\"datePublished\":\"2018-06-20T20:40:19+00:00\",\"dateModified\":\"2025-06-11T13:30:09+00:00\",\"breadcrumb\":{\"@id\":\"https:\\\/\\\/choosecornwall.ca\\\/fr\\\/living-fr\\\/logement\\\/#breadcrumb\"},\"inLanguage\":\"fr-FR\",\"potentialAction\":[{\"@type\":\"ReadAction\",\"target\":[\"https:\\\/\\\/choosecornwall.ca\\\/fr\\\/living-fr\\\/logement\\\/\"]}]},{\"@type\":\"ImageObject\",\"inLanguage\":\"fr-FR\",\"@id\":\"https:\\\/\\\/choosecornwall.ca\\\/fr\\\/living-fr\\\/logement\\\/#primaryimage\",\"url\":\"https:\\\/\\\/choosecornwall.ca\\\/wp-content\\\/uploads\\\/2018\\\/06\\\/banner-living-housing-1.jpg\",\"contentUrl\":\"https:\\\/\\\/choosecornwall.ca\\\/wp-content\\\/uploads\\\/2018\\\/06\\\/banner-living-housing-1.jpg\",\"width\":970,\"height\":340},{\"@type\":\"BreadcrumbList\",\"@id\":\"https:\\\/\\\/choosecornwall.ca\\\/fr\\\/living-fr\\\/logement\\\/#breadcrumb\",\"itemListElement\":[{\"@type\":\"ListItem\",\"position\":1,\"name\":\"Home\",\"item\":\"https:\\\/\\\/choosecornwall.ca\\\/fr\\\/\"},{\"@type\":\"ListItem\",\"position\":2,\"name\":\"Vivre ici\",\"item\":\"https:\\\/\\\/choosecornwall.ca\\\/fr\\\/living-fr\\\/\"},{\"@type\":\"ListItem\",\"position\":3,\"name\":\"Logement\"}]},{\"@type\":\"WebSite\",\"@id\":\"https:\\\/\\\/choosecornwall.ca\\\/#website\",\"url\":\"https:\\\/\\\/choosecornwall.ca\\\/\",\"name\":\"Choose Cornwall\",\"description\":\"Cornwall Economic Development\",\"potentialAction\":[{\"@type\":\"SearchAction\",\"target\":{\"@type\":\"EntryPoint\",\"urlTemplate\":\"https:\\\/\\\/choosecornwall.ca\\\/?s={search_term_string}\"},\"query-input\":{\"@type\":\"PropertyValueSpecification\",\"valueRequired\":true,\"valueName\":\"search_term_string\"}}],\"inLanguage\":\"fr-FR\"}]}<\/script>\n<!-- \/ Yoast SEO plugin. -->","yoast_head_json":{"title":"Logement - Choose Cornwall","robots":{"index":"index","follow":"follow","max-snippet":"max-snippet:-1","max-image-preview":"max-image-preview:large","max-video-preview":"max-video-preview:-1"},"canonical":"https:\/\/choosecornwall.ca\/fr\/living-fr\/logement\/","twitter_card":"summary_large_image","twitter_title":"Logement - Choose Cornwall","twitter_description":"Faites comme chez vous! De nombreuses familles \u00e9prouvent de la difficult\u00e9 \u00e0 d\u00e9nicher la bonne maison au bon prix, surtout dans les grandes villes, comme Ottawa ou Toronto. Heureusement, ce n\u2019est pas le cas \u00e0 Cornwall, o\u00f9 de belles r\u00e9sidences spacieuses sont propos\u00e9es \u00e0 des prix remarquablement attrayants. En fait, le prix du logement ici... Voir l'article","twitter_image":"https:\/\/choosecornwall.ca\/wp-content\/uploads\/2018\/06\/banner-living-housing-1.jpg","twitter_misc":{"Est. reading time":"3 minutes"},"schema":{"@context":"https:\/\/schema.org","@graph":[{"@type":"WebPage","@id":"https:\/\/choosecornwall.ca\/fr\/living-fr\/logement\/","url":"https:\/\/choosecornwall.ca\/fr\/living-fr\/logement\/","name":"Logement - Choose Cornwall","isPartOf":{"@id":"https:\/\/choosecornwall.ca\/#website"},"primaryImageOfPage":{"@id":"https:\/\/choosecornwall.ca\/fr\/living-fr\/logement\/#primaryimage"},"image":{"@id":"https:\/\/choosecornwall.ca\/fr\/living-fr\/logement\/#primaryimage"},"thumbnailUrl":"https:\/\/choosecornwall.ca\/wp-content\/uploads\/2018\/06\/banner-living-housing-1.jpg","datePublished":"2018-06-20T20:40:19+00:00","dateModified":"2025-06-11T13:30:09+00:00","breadcrumb":{"@id":"https:\/\/choosecornwall.ca\/fr\/living-fr\/logement\/#breadcrumb"},"inLanguage":"fr-FR","potentialAction":[{"@type":"ReadAction","target":["https:\/\/choosecornwall.ca\/fr\/living-fr\/logement\/"]}]},{"@type":"ImageObject","inLanguage":"fr-FR","@id":"https:\/\/choosecornwall.ca\/fr\/living-fr\/logement\/#primaryimage","url":"https:\/\/choosecornwall.ca\/wp-content\/uploads\/2018\/06\/banner-living-housing-1.jpg","contentUrl":"https:\/\/choosecornwall.ca\/wp-content\/uploads\/2018\/06\/banner-living-housing-1.jpg","width":970,"height":340},{"@type":"BreadcrumbList","@id":"https:\/\/choosecornwall.ca\/fr\/living-fr\/logement\/#breadcrumb","itemListElement":[{"@type":"ListItem","position":1,"name":"Home","item":"https:\/\/choosecornwall.ca\/fr\/"},{"@type":"ListItem","position":2,"name":"Vivre ici","item":"https:\/\/choosecornwall.ca\/fr\/living-fr\/"},{"@type":"ListItem","position":3,"name":"Logement"}]},{"@type":"WebSite","@id":"https:\/\/choosecornwall.ca\/#website","url":"https:\/\/choosecornwall.ca\/","name":"Choose Cornwall","description":"Cornwall Economic Development","potentialAction":[{"@type":"SearchAction","target":{"@type":"EntryPoint","urlTemplate":"https:\/\/choosecornwall.ca\/?s={search_term_string}"},"query-input":{"@type":"PropertyValueSpecification","valueRequired":true,"valueName":"search_term_string"}}],"inLanguage":"fr-FR"}]}},"_links":{"self":[{"href":"https:\/\/choosecornwall.ca\/fr\/wp-json\/wp\/v2\/pages\/3600","targetHints":{"allow":["GET"]}}],"collection":[{"href":"https:\/\/choosecornwall.ca\/fr\/wp-json\/wp\/v2\/pages"}],"about":[{"href":"https:\/\/choosecornwall.ca\/fr\/wp-json\/wp\/v2\/types\/page"}],"author":[{"embeddable":true,"href":"https:\/\/choosecornwall.ca\/fr\/wp-json\/wp\/v2\/users\/3"}],"replies":[{"embeddable":true,"href":"https:\/\/choosecornwall.ca\/fr\/wp-json\/wp\/v2\/comments?post=3600"}],"version-history":[{"count":2,"href":"https:\/\/choosecornwall.ca\/fr\/wp-json\/wp\/v2\/pages\/3600\/revisions"}],"predecessor-version":[{"id":33917,"href":"https:\/\/choosecornwall.ca\/fr\/wp-json\/wp\/v2\/pages\/3600\/revisions\/33917"}],"up":[{"embeddable":true,"href":"https:\/\/choosecornwall.ca\/fr\/wp-json\/wp\/v2\/pages\/3597"}],"wp:featuredmedia":[{"embeddable":true,"href":"https:\/\/choosecornwall.ca\/fr\/wp-json\/wp\/v2\/media\/3590"}],"wp:attachment":[{"href":"https:\/\/choosecornwall.ca\/fr\/wp-json\/wp\/v2\/media?parent=3600"}],"curies":[{"name":"wp","href":"https:\/\/api.w.org\/{rel}","templated":true}]}}