{"id":3621,"date":"2018-06-22T13:26:07","date_gmt":"2018-06-22T17:26:07","guid":{"rendered":"http:\/\/choosecornwall.ca\/living-fr\/soins-de-sante\/"},"modified":"2026-02-02T11:46:03","modified_gmt":"2026-02-02T16:46:03","slug":"soins-de-sante","status":"publish","type":"page","link":"https:\/\/choosecornwall.ca\/fr\/living-fr\/soins-de-sante\/","title":{"rendered":"Soins de sant\u00e9"},"content":{"rendered":"<h1>\u00c0 votre sant\u00e9!<\/h1>\n<p>Peu importe o\u00f9 vous vivez, l\u2019acc\u00e8s \u00e0 des soins de sant\u00e9 de qualit\u00e9 est important. Malheureusement, pour les r\u00e9sidents de nombreuses collectivit\u00e9s urbaines avoisinantes et r\u00e9gions \u00e9loign\u00e9es, l\u2019h\u00f4pital le plus proche se trouve \u00e0 plus de 30\u00a0minutes. Ce n\u2019est pas le cas <a href=\"https:\/\/choosecornwall.ca\/fr\/living-fr\/\" target=\"_blank\" rel=\"noopener\">\u00e0 Cornwall<\/a>. Notre ville abrite un h\u00f4pital moderne, plusieurs cliniques, des magasins de fournitures m\u00e9dicales ainsi qu\u2019environ 1\u00a0000\u00a0professionnels de la sant\u00e9, de sorte que vous n\u2019\u00eates jamais loin de l\u2019aide dont vous avez besoin.<\/p>\n<table border=\"1\">\n<tbody>\n<tr>\n<td valign=\"top\" width=\"250\"><img decoding=\"async\" width=\"240\" height=\"180\" class=\"alignnone size-full wp-image-35189 lazyload\" data-src=\"https:\/\/choosecornwall.ca\/wp-content\/uploads\/2026\/01\/Cornwall-Community-Hospital-240.jpg\" alt=\"Cornwall Community Hospital\" src=\"data:image\/svg+xml;base64,PHN2ZyB3aWR0aD0iMSIgaGVpZ2h0PSIxIiB4bWxucz0iaHR0cDovL3d3dy53My5vcmcvMjAwMC9zdmciPjwvc3ZnPg==\" style=\"--smush-placeholder-width: 240px; --smush-placeholder-aspect-ratio: 240\/180;\" \/><\/td>\n<td valign=\"top\"><strong>H\u00f4pital communautaire de Cornwall<\/strong><\/p>\n<p><a href=\"https:\/\/www.cornwallhospital.ca\/fr\/home\">L\u2019H\u00f4pital communautaire de Cornwall<\/a> est un h\u00f4pital de soins actifs offrant toute une gamme de services allant des soins ambulatoires aux services d\u2019urgence, en passant par la p\u00e9diatrie et les soins palliatifs. Situ\u00e9 au centre d\u2019un terrain de 25\u00a0acres, l\u2019h\u00f4pital dispose de 185\u00a0lits ainsi que d\u2019un service d\u2019urgence ultramoderne, d\u2019un d\u00e9partement de chirurgie d\u2019un jour, de services d\u2019imagerie diagnostique, d\u2019un bloc op\u00e9ratoire et de services de soutien.<\/td>\n<\/tr>\n<tr>\n<td valign=\"top\" width=\"250\"><img decoding=\"async\" width=\"240\" height=\"180\" class=\"alignnone size-full wp-image-35187 lazyload\" data-src=\"https:\/\/choosecornwall.ca\/wp-content\/uploads\/2026\/01\/St-Josephs-CCC-240.jpg\" alt=\"St. Joseph's Continuing Care Centre\" src=\"data:image\/svg+xml;base64,PHN2ZyB3aWR0aD0iMSIgaGVpZ2h0PSIxIiB4bWxucz0iaHR0cDovL3d3dy53My5vcmcvMjAwMC9zdmciPjwvc3ZnPg==\" style=\"--smush-placeholder-width: 240px; --smush-placeholder-aspect-ratio: 240\/180;\" \/><\/td>\n<td valign=\"top\"><strong>Centre de soins prolong\u00e9s St. Joseph\u2019s<\/strong><\/p>\n<p>L\u2019h\u00f4pital est soutenu par <a href=\"https:\/\/www.sjccc.ca\/sjfre\/\">le Centre de soins prolong\u00e9s St. Joseph\u2019s<\/a>, qui exploite un foyer de soins de longue dur\u00e9e o\u00f9 l\u2019on offre des services de soins prolong\u00e9s complexes. St. Joseph\u2019s a r\u00e9cemment ouvert un tout nouveau complexe de 209 lits situ\u00e9 sur la rue York, au centre-ville.<\/td>\n<\/tr>\n<tr>\n<td valign=\"top\" width=\"250\"><img decoding=\"async\" width=\"240\" height=\"180\" class=\"alignnone size-full wp-image-35193 lazyload\" data-src=\"https:\/\/choosecornwall.ca\/wp-content\/uploads\/2026\/01\/Seaway-Valley-CHC-240.jpg\" alt=\"Seaway Valley Community Health Centre\" src=\"data:image\/svg+xml;base64,PHN2ZyB3aWR0aD0iMSIgaGVpZ2h0PSIxIiB4bWxucz0iaHR0cDovL3d3dy53My5vcmcvMjAwMC9zdmciPjwvc3ZnPg==\" style=\"--smush-placeholder-width: 240px; --smush-placeholder-aspect-ratio: 240\/180;\" \/><\/td>\n<td valign=\"top\"><b>Seaway Valley Community Health Centre<\/b><\/p>\n<p>Le <a href=\"http:\/\/seawayvalleychc.ca\" target=\"_blank\" rel=\"noopener\">Seaway Valley Community Health Centre<\/a> est un organisme communautaire caritatif \u00e0 but non lucratif dirig\u00e9 par la collectivit\u00e9. Il offre une vaste gamme de programmes et de services de sant\u00e9 et de mieux-\u00eatre aux familles et aux individus de la r\u00e9gion.<\/td>\n<\/tr>\n<tr>\n<td valign=\"top\" width=\"250\"><img decoding=\"async\" width=\"240\" height=\"180\" class=\"alignnone size-full wp-image-35196 lazyload\" data-src=\"https:\/\/choosecornwall.ca\/wp-content\/uploads\/2026\/01\/Centre-de-Sante-Cornwall-240.jpg\" alt=\" Centre de sant\u00e9 communautaire de l\u2019Estrie\" src=\"data:image\/svg+xml;base64,PHN2ZyB3aWR0aD0iMSIgaGVpZ2h0PSIxIiB4bWxucz0iaHR0cDovL3d3dy53My5vcmcvMjAwMC9zdmciPjwvc3ZnPg==\" style=\"--smush-placeholder-width: 240px; --smush-placeholder-aspect-ratio: 240\/180;\" \/><\/td>\n<td valign=\"top\"><strong> Centre de sant\u00e9 communautaire de l\u2019Estrie<\/strong><br \/>\nLe <a href=\"http:\/\/www.cscestrie.on.ca\">Centre de sant\u00e9 communautaire de l\u2019Estrie<\/a> offre des services de soins de premi\u00e8re ligne, de sant\u00e9 mentale et de promotion de la sant\u00e9 destin\u00e9s \u00e0 la\u00a0 communaut\u00e9 francophone.<\/td>\n<\/tr>\n<tr>\n<td valign=\"top\" width=\"250\"><img decoding=\"async\" width=\"240\" height=\"180\" class=\"alignnone size-full wp-image-35200 lazyload\" data-src=\"https:\/\/choosecornwall.ca\/wp-content\/uploads\/2026\/01\/Eastern-Ontario-Health-Unit-240.jpg\" alt=\"Eastern Ontario Health Unit\" src=\"data:image\/svg+xml;base64,PHN2ZyB3aWR0aD0iMSIgaGVpZ2h0PSIxIiB4bWxucz0iaHR0cDovL3d3dy53My5vcmcvMjAwMC9zdmciPjwvc3ZnPg==\" style=\"--smush-placeholder-width: 240px; --smush-placeholder-aspect-ratio: 240\/180;\" \/><\/td>\n<td valign=\"top\"><strong>Bureau de sant\u00e9 de l\u2019Est de l\u2019Ontario<\/strong><\/p>\n<p>Le <a href=\"https:\/\/www.eohu.ca\/fr\" target=\"_blank\" rel=\"noopener\">Bureau de sant\u00e9 de l\u2019est de l\u2019Ontario<\/a> (BSEO) est un organisme de sant\u00e9 qui traite les enjeux de sant\u00e9 publique et fait la promotion de modes de vie sains. Le si\u00e8ge social de l\u2019organisation est situ\u00e9 \u00e0 Cornwall.<\/td>\n<\/tr>\n<tr>\n<td valign=\"top\" width=\"250\"><img decoding=\"async\" width=\"240\" height=\"180\" class=\"alignnone size-full wp-image-35207 lazyload\" data-src=\"https:\/\/choosecornwall.ca\/wp-content\/uploads\/2026\/01\/Cornwall-SDG-Paramedics.jpg\" alt=\"Cornwall SDG Paramedics\" src=\"data:image\/svg+xml;base64,PHN2ZyB3aWR0aD0iMSIgaGVpZ2h0PSIxIiB4bWxucz0iaHR0cDovL3d3dy53My5vcmcvMjAwMC9zdmciPjwvc3ZnPg==\" style=\"--smush-placeholder-width: 240px; --smush-placeholder-aspect-ratio: 240\/180;\" \/><\/td>\n<td valign=\"top\"><strong>Services param\u00e9dicaux de Cornwall-SDG<\/strong><\/p>\n<p>Composante essentielle du syst\u00e8me t\u00e9l\u00e9phonique r\u00e9gional 9-1-1, <a href=\"https:\/\/www.cornwall.ca\/fr\/live-here\/paramedic.aspx\" target=\"_blank\" rel=\"noopener\">les services param\u00e9dicaux de Cornwall-SDG<\/a> assurent l\u2019offre de services d\u2019urgence sans interruption dans la ville et la r\u00e9gion. Les ambulanciers param\u00e9dicaux sont hautement entra\u00een\u00e9s et sp\u00e9cialis\u00e9s dans la gestion des soins pr\u00e9hospitaliers pour un vaste \u00e9ventail de situation d\u2019urgence. Le si\u00e8ge social moderne des services param\u00e9dicaux est situ\u00e9 dans le parc industriel de Cornwall.<\/td>\n<\/tr>\n<tr>\n<td valign=\"top\" width=\"250\"><img decoding=\"async\" width=\"240\" height=\"180\" class=\"alignnone size-full wp-image-35203 lazyload\" data-src=\"https:\/\/choosecornwall.ca\/wp-content\/uploads\/2026\/01\/Great-River-Ontario-Health-Team-240.jpg\" alt=\"Great River Ontario Health Team\" src=\"data:image\/svg+xml;base64,PHN2ZyB3aWR0aD0iMSIgaGVpZ2h0PSIxIiB4bWxucz0iaHR0cDovL3d3dy53My5vcmcvMjAwMC9zdmciPjwvc3ZnPg==\" style=\"--smush-placeholder-width: 240px; --smush-placeholder-aspect-ratio: 240\/180;\" \/><\/td>\n<td valign=\"top\"><strong>\u00c9quipe Sant\u00e9 Ontario du Grand Fleuve<\/strong><br \/>\nL\u2019<a href=\"https:\/\/esogf.ca\/explorer-les-soutiens\/\" target=\"_blank\" rel=\"noopener\">\u00c9quipe Sant\u00e9 Ontario du Grand Fleuve<\/a> est un regroupement de fournisseurs de services de sant\u00e9 et de services sociaux. Pour d\u00e9couvrir les services de sant\u00e9 offerts dans la r\u00e9gion, visitez le site web ou t\u00e9l\u00e9chargez les ressources r\u00e9sum\u00e9es:<\/p>\n<ul>\n<li><a href=\"https:\/\/groht.ca\/wp-content\/uploads\/2025\/08\/GROHT-Health-Clinics_FR-August2025.pdf\" target=\"_blank\" rel=\"noopener\">Acc\u00e8s aux services de sant\u00e9 pour soins non urgents<\/a><\/li>\n<li><a href=\"https:\/\/groht.ca\/wp-content\/uploads\/2025\/12\/GR-OHT_Navigation-Services_FR_Dec2025.pdf\" target=\"_blank\" rel=\"noopener\">Services de navigation<\/a><\/li>\n<\/ul>\n<\/td>\n<\/tr>\n<\/tbody>\n<\/table>\n<h4>Soins de premi\u00e8re ligne \u00e0 Cornwall \u2013 Acc\u00e8s Soins<\/h4>\n<p>Plus de 80\u00a0m\u00e9decins et 25\u00a0dentistes offrent leurs services \u00e0 Cornwall, soutenus par plusieurs cliniques de sant\u00e9, trois services infirmiers et un nombre croissant de foyers de soins et de r\u00e9sidences pour personnes \u00e2g\u00e9es.<\/p>\n<p>Toute personne \u00e0 la recherche d\u2019un m\u00e9decin de famille doit s\u2019inscrire \u00e0 <a href=\"https:\/\/www.ontario.ca\/fr\/page\/trouver-un-medecin-de-famille-ou-une-infirmiere-praticienne#section-1\" target=\"_blank\" rel=\"noopener\">Acc\u00e8s Soins<\/a> sur le portail en ligne ou par t\u00e9l\u00e9phone, au 1\u00a0800\u00a0445-1822. Acc\u00e8s Soins est le registre officiel pour les m\u00e9decins et centres de soins de sant\u00e9 acceptant de nouveaux patients.<\/p>\n<h4>Emplois dans le secteur de la sant\u00e9 \u00e0 Cornwall<\/h4>\n<p>Une liste d\u2019emplois dans le domaine de la sant\u00e9 est disponible sur le <a href=\"https:\/\/choosecornwall.ca\/jobs\/\" target=\"_blank\" rel=\"noopener\">babillard d\u2019emplois de Choose Cornwall<\/a>.<\/p>\n<h4>Recrutement m\u00e9dical et bourses d\u2019\u00e9tudes en m\u00e9decine<\/h4>\n<p>La Ville administre un programme de recrutement m\u00e9dical et un programme de bourses d\u2019\u00e9tudes en m\u00e9decine afin de s\u2019assurer que la collectivit\u00e9 dispose toujours d\u2019un nombre ad\u00e9quat de professionnels de la sant\u00e9. Pour de plus amples renseignements au sujet de ces programmes, <a href=\"https:\/\/choosecornwall.ca\/fr\/affaires\/recrutement-medical\/\" target=\"_blank\" rel=\"noopener\">cliquez ici<\/a>.<\/p>\n<h4>Articles connexes<\/h4>\n<p>La <a href=\"https:\/\/choosecornwall.ca\/fr\/\" target=\"_blank\" rel=\"noopener\">section des nouvelles<\/a> en ligne contient plusieurs articles portant sur le d\u00e9veloppement du secteur local des soins de sant\u00e9.<\/p>\n","protected":false},"excerpt":{"rendered":"\u00c0 votre sant\u00e9! Peu importe o\u00f9 vous vivez, l\u2019acc\u00e8s \u00e0 des soins de sant\u00e9 de qualit\u00e9 est important. Malheureusement, pour les r\u00e9sidents de nombreuses collectivit\u00e9s urbaines avoisinantes et r\u00e9gions \u00e9loign\u00e9es, l\u2019h\u00f4pital le plus proche se trouve \u00e0 plus de 30\u00a0minutes. Ce n\u2019est pas le cas \u00e0 Cornwall. Notre ville abrite un h\u00f4pital moderne, plusieurs cliniques,&#8230; <a class=\"view-article\" href=\"https:\/\/choosecornwall.ca\/fr\/living-fr\/soins-de-sante\/\">Voir l&rsquo;article<\/a>","protected":false},"author":3,"featured_media":4666,"parent":3597,"menu_order":0,"comment_status":"closed","ping_status":"closed","template":"","meta":{"_acf_changed":false,"inline_featured_image":false,"footnotes":""},"class_list":["post-3621","page","type-page","status-publish","has-post-thumbnail","hentry"],"acf":[],"yoast_head":"<!-- This site is optimized with the Yoast SEO plugin v27.3 - https:\/\/yoast.com\/product\/yoast-seo-wordpress\/ -->\n<title>Soins de sant\u00e9 - Choose Cornwall<\/title>\n<meta name=\"robots\" content=\"index, follow, max-snippet:-1, max-image-preview:large, max-video-preview:-1\" \/>\n<link rel=\"canonical\" href=\"https:\/\/choosecornwall.ca\/fr\/living-fr\/soins-de-sante\/\" \/>\n<meta name=\"twitter:card\" content=\"summary_large_image\" \/>\n<meta name=\"twitter:title\" content=\"Soins de sant\u00e9 - Choose Cornwall\" \/>\n<meta name=\"twitter:description\" content=\"\u00c0 votre sant\u00e9! Peu importe o\u00f9 vous vivez, l\u2019acc\u00e8s \u00e0 des soins de sant\u00e9 de qualit\u00e9 est important. Malheureusement, pour les r\u00e9sidents de nombreuses collectivit\u00e9s urbaines avoisinantes et r\u00e9gions \u00e9loign\u00e9es, l\u2019h\u00f4pital le plus proche se trouve \u00e0 plus de 30\u00a0minutes. Ce n\u2019est pas le cas \u00e0 Cornwall. Notre ville abrite un h\u00f4pital moderne, plusieurs cliniques,... Voir l&#039;article\" \/>\n<meta name=\"twitter:image\" content=\"https:\/\/choosecornwall.ca\/wp-content\/uploads\/2018\/07\/banner-living-healthcare.jpg\" \/>\n<meta name=\"twitter:label1\" content=\"Est. reading time\" \/>\n\t<meta name=\"twitter:data1\" content=\"5 minutes\" \/>\n<script type=\"application\/ld+json\" class=\"yoast-schema-graph\">{\"@context\":\"https:\\\/\\\/schema.org\",\"@graph\":[{\"@type\":\"WebPage\",\"@id\":\"https:\\\/\\\/choosecornwall.ca\\\/fr\\\/living-fr\\\/soins-de-sante\\\/\",\"url\":\"https:\\\/\\\/choosecornwall.ca\\\/fr\\\/living-fr\\\/soins-de-sante\\\/\",\"name\":\"Soins de sant\u00e9 - Choose Cornwall\",\"isPartOf\":{\"@id\":\"https:\\\/\\\/choosecornwall.ca\\\/#website\"},\"primaryImageOfPage\":{\"@id\":\"https:\\\/\\\/choosecornwall.ca\\\/fr\\\/living-fr\\\/soins-de-sante\\\/#primaryimage\"},\"image\":{\"@id\":\"https:\\\/\\\/choosecornwall.ca\\\/fr\\\/living-fr\\\/soins-de-sante\\\/#primaryimage\"},\"thumbnailUrl\":\"https:\\\/\\\/choosecornwall.ca\\\/wp-content\\\/uploads\\\/2018\\\/07\\\/banner-living-healthcare.jpg\",\"datePublished\":\"2018-06-22T17:26:07+00:00\",\"dateModified\":\"2026-02-02T16:46:03+00:00\",\"breadcrumb\":{\"@id\":\"https:\\\/\\\/choosecornwall.ca\\\/fr\\\/living-fr\\\/soins-de-sante\\\/#breadcrumb\"},\"inLanguage\":\"fr-FR\",\"potentialAction\":[{\"@type\":\"ReadAction\",\"target\":[\"https:\\\/\\\/choosecornwall.ca\\\/fr\\\/living-fr\\\/soins-de-sante\\\/\"]}]},{\"@type\":\"ImageObject\",\"inLanguage\":\"fr-FR\",\"@id\":\"https:\\\/\\\/choosecornwall.ca\\\/fr\\\/living-fr\\\/soins-de-sante\\\/#primaryimage\",\"url\":\"https:\\\/\\\/choosecornwall.ca\\\/wp-content\\\/uploads\\\/2018\\\/07\\\/banner-living-healthcare.jpg\",\"contentUrl\":\"https:\\\/\\\/choosecornwall.ca\\\/wp-content\\\/uploads\\\/2018\\\/07\\\/banner-living-healthcare.jpg\",\"width\":970,\"height\":340},{\"@type\":\"BreadcrumbList\",\"@id\":\"https:\\\/\\\/choosecornwall.ca\\\/fr\\\/living-fr\\\/soins-de-sante\\\/#breadcrumb\",\"itemListElement\":[{\"@type\":\"ListItem\",\"position\":1,\"name\":\"Home\",\"item\":\"https:\\\/\\\/choosecornwall.ca\\\/fr\\\/\"},{\"@type\":\"ListItem\",\"position\":2,\"name\":\"Vivre ici\",\"item\":\"https:\\\/\\\/choosecornwall.ca\\\/fr\\\/living-fr\\\/\"},{\"@type\":\"ListItem\",\"position\":3,\"name\":\"Soins de sant\u00e9\"}]},{\"@type\":\"WebSite\",\"@id\":\"https:\\\/\\\/choosecornwall.ca\\\/#website\",\"url\":\"https:\\\/\\\/choosecornwall.ca\\\/\",\"name\":\"Choose Cornwall\",\"description\":\"Cornwall Economic Development\",\"potentialAction\":[{\"@type\":\"SearchAction\",\"target\":{\"@type\":\"EntryPoint\",\"urlTemplate\":\"https:\\\/\\\/choosecornwall.ca\\\/?s={search_term_string}\"},\"query-input\":{\"@type\":\"PropertyValueSpecification\",\"valueRequired\":true,\"valueName\":\"search_term_string\"}}],\"inLanguage\":\"fr-FR\"}]}<\/script>\n<!-- \/ Yoast SEO plugin. -->","yoast_head_json":{"title":"Soins de sant\u00e9 - Choose Cornwall","robots":{"index":"index","follow":"follow","max-snippet":"max-snippet:-1","max-image-preview":"max-image-preview:large","max-video-preview":"max-video-preview:-1"},"canonical":"https:\/\/choosecornwall.ca\/fr\/living-fr\/soins-de-sante\/","twitter_card":"summary_large_image","twitter_title":"Soins de sant\u00e9 - Choose Cornwall","twitter_description":"\u00c0 votre sant\u00e9! Peu importe o\u00f9 vous vivez, l\u2019acc\u00e8s \u00e0 des soins de sant\u00e9 de qualit\u00e9 est important. Malheureusement, pour les r\u00e9sidents de nombreuses collectivit\u00e9s urbaines avoisinantes et r\u00e9gions \u00e9loign\u00e9es, l\u2019h\u00f4pital le plus proche se trouve \u00e0 plus de 30\u00a0minutes. Ce n\u2019est pas le cas \u00e0 Cornwall. Notre ville abrite un h\u00f4pital moderne, plusieurs cliniques,... Voir l'article","twitter_image":"https:\/\/choosecornwall.ca\/wp-content\/uploads\/2018\/07\/banner-living-healthcare.jpg","twitter_misc":{"Est. reading time":"5 minutes"},"schema":{"@context":"https:\/\/schema.org","@graph":[{"@type":"WebPage","@id":"https:\/\/choosecornwall.ca\/fr\/living-fr\/soins-de-sante\/","url":"https:\/\/choosecornwall.ca\/fr\/living-fr\/soins-de-sante\/","name":"Soins de sant\u00e9 - Choose Cornwall","isPartOf":{"@id":"https:\/\/choosecornwall.ca\/#website"},"primaryImageOfPage":{"@id":"https:\/\/choosecornwall.ca\/fr\/living-fr\/soins-de-sante\/#primaryimage"},"image":{"@id":"https:\/\/choosecornwall.ca\/fr\/living-fr\/soins-de-sante\/#primaryimage"},"thumbnailUrl":"https:\/\/choosecornwall.ca\/wp-content\/uploads\/2018\/07\/banner-living-healthcare.jpg","datePublished":"2018-06-22T17:26:07+00:00","dateModified":"2026-02-02T16:46:03+00:00","breadcrumb":{"@id":"https:\/\/choosecornwall.ca\/fr\/living-fr\/soins-de-sante\/#breadcrumb"},"inLanguage":"fr-FR","potentialAction":[{"@type":"ReadAction","target":["https:\/\/choosecornwall.ca\/fr\/living-fr\/soins-de-sante\/"]}]},{"@type":"ImageObject","inLanguage":"fr-FR","@id":"https:\/\/choosecornwall.ca\/fr\/living-fr\/soins-de-sante\/#primaryimage","url":"https:\/\/choosecornwall.ca\/wp-content\/uploads\/2018\/07\/banner-living-healthcare.jpg","contentUrl":"https:\/\/choosecornwall.ca\/wp-content\/uploads\/2018\/07\/banner-living-healthcare.jpg","width":970,"height":340},{"@type":"BreadcrumbList","@id":"https:\/\/choosecornwall.ca\/fr\/living-fr\/soins-de-sante\/#breadcrumb","itemListElement":[{"@type":"ListItem","position":1,"name":"Home","item":"https:\/\/choosecornwall.ca\/fr\/"},{"@type":"ListItem","position":2,"name":"Vivre ici","item":"https:\/\/choosecornwall.ca\/fr\/living-fr\/"},{"@type":"ListItem","position":3,"name":"Soins de sant\u00e9"}]},{"@type":"WebSite","@id":"https:\/\/choosecornwall.ca\/#website","url":"https:\/\/choosecornwall.ca\/","name":"Choose Cornwall","description":"Cornwall Economic Development","potentialAction":[{"@type":"SearchAction","target":{"@type":"EntryPoint","urlTemplate":"https:\/\/choosecornwall.ca\/?s={search_term_string}"},"query-input":{"@type":"PropertyValueSpecification","valueRequired":true,"valueName":"search_term_string"}}],"inLanguage":"fr-FR"}]}},"_links":{"self":[{"href":"https:\/\/choosecornwall.ca\/fr\/wp-json\/wp\/v2\/pages\/3621","targetHints":{"allow":["GET"]}}],"collection":[{"href":"https:\/\/choosecornwall.ca\/fr\/wp-json\/wp\/v2\/pages"}],"about":[{"href":"https:\/\/choosecornwall.ca\/fr\/wp-json\/wp\/v2\/types\/page"}],"author":[{"embeddable":true,"href":"https:\/\/choosecornwall.ca\/fr\/wp-json\/wp\/v2\/users\/3"}],"replies":[{"embeddable":true,"href":"https:\/\/choosecornwall.ca\/fr\/wp-json\/wp\/v2\/comments?post=3621"}],"version-history":[{"count":2,"href":"https:\/\/choosecornwall.ca\/fr\/wp-json\/wp\/v2\/pages\/3621\/revisions"}],"predecessor-version":[{"id":35289,"href":"https:\/\/choosecornwall.ca\/fr\/wp-json\/wp\/v2\/pages\/3621\/revisions\/35289"}],"up":[{"embeddable":true,"href":"https:\/\/choosecornwall.ca\/fr\/wp-json\/wp\/v2\/pages\/3597"}],"wp:featuredmedia":[{"embeddable":true,"href":"https:\/\/choosecornwall.ca\/fr\/wp-json\/wp\/v2\/media\/4666"}],"wp:attachment":[{"href":"https:\/\/choosecornwall.ca\/fr\/wp-json\/wp\/v2\/media?parent=3621"}],"curies":[{"name":"wp","href":"https:\/\/api.w.org\/{rel}","templated":true}]}}