{"id":3625,"date":"2018-06-22T14:30:36","date_gmt":"2018-06-22T18:30:36","guid":{"rendered":"http:\/\/choosecornwall.ca\/living-fr\/transportation\/"},"modified":"2019-05-27T15:42:22","modified_gmt":"2019-05-27T19:42:22","slug":"transportation","status":"publish","type":"page","link":"https:\/\/choosecornwall.ca\/fr\/living-fr\/transportation\/","title":{"rendered":"Transportation"},"content":{"rendered":"<h1><strong>Se d<\/strong><strong>\u00e9<\/strong><strong>placer dans la ville\u2026et au-del<\/strong><strong>\u00e0<\/strong><\/h1>\n<p>Gr\u00e2ce \u00e0 des correspondances directes \u00e0 Montr\u00e9al, Ottawa et Toronto, les\u00a0r\u00e9sidents de Cornwall\u00a0peuvent commod\u00e9ment se rendre \u00e0 de nombreuses destinations. Les entreprises de taxi locales et Cornwall Transit offrent \u00e9galement d\u2019excellents services aux personnes qui souhaitent se d\u00e9placer \u00e0 l\u2019int\u00e9rieur de la ville.<\/p>\n<h3><strong>Service ferroviaire<\/strong><\/h3>\n<p>Cornwall est desservie par quatre trains qui assurent la correspondance entre Cornwall et Toronto, et d\u2019autres collectivit\u00e9s situ\u00e9es \u00e0 l\u2019ouest le long de l\u2019autoroute\u00a0401, ainsi que par quatre trains qui assurent la correspondance entre Cornwall et Montr\u00e9al. La gare de VIA Rail est situ\u00e9e au 1650, route Station, \u00e0 l\u2019est de la rue Pitt. On peut s\u2019y rendre en taxi ou en prenant la ligne\u00a01 de Cornwall Transit. La gare comprend des toilettes et offre un acc\u00e8s Internet sans fil.<\/p>\n<p>Communiquez directement avec\u00a0<a title=\"http:\/\/www.ViaRail.ca\" href=\"http:\/\/www.viarail.ca\/\" target=\"_blank\" rel=\"noopener\">VIA Rail<\/a>\u00a0pour r\u00e9server des billets.<\/p>\n<h3><strong>Autobus interurbains et de banlieue<\/strong><\/h3>\n<p>Delaney Bus Lines offre un service de banlieue les jours de semaine entre Cornwall et Ottawa. Les navetteurs peuvent choisir le forfait qui r\u00e9pond le mieux \u00e0 leurs besoins individuels. Pour de plus amples renseignements, veuillez communiquer avec Delaney Bus Lines\u00a0:<\/p>\n<p><a href=\"http:\/\/www.delaney.on.ca\/\" target=\"_blank\" rel=\"noopener\">Delaney Bus Lines<\/a><br \/>\n613-346-2511<\/p>\n<p>Deux lignes d\u2019autobus interurbains offrent aux r\u00e9sidents de Cornwall un acc\u00e8s \u00e0 d\u2019autres villes voisines en Ontario et au Qu\u00e9bec. Greyhound assure un service de transport \u00e0 Ottawa, o\u00f9 des correspondances sont par la suite disponibles vers d\u2019autres centres importants.\u00a0Le service est offert les jeudis et dimanches \u00e0 12:30 h.\u00a0Dans l\u2019intervalle, Coach Canada et son partenaire de service Megabus offrent un service de transport r\u00e9gulier de Kirkland et de Montr\u00e9al jusqu\u2019\u00e0 l\u2019est de Cornwall, et de Brockville, de Kingston, de Whitby, de Scarborough et de Toronto jusqu\u2019\u00e0 l\u2019ouest. Le terminus de Coach Canada\/Megabus est situ\u00e9 \u00e0 la station Irving Service Centre sur l\u2019avenue Brookdale, au nord de l\u2019autoroute\u00a0401.<\/p>\n<p>Greyhound<br \/>\nla gare routiere de Tim Hortons, Tollgate Rd W &amp; Pitt St<br \/>\n613-933-0320<\/p>\n<p>Coach Canada\/Megabus<br \/>\nIrving Service Centre, avenue Brookdale<br \/>\n1-800-461-7661<\/p>\n<h3><strong>Transport en commun de la ville<\/strong><\/h3>\n<p>La ville de Cornwall est bien desservie par l\u2019un des r\u00e9seaux de transport en commun les plus efficaces au Canada. Les services de transport de Cornwall Transit fonctionnent du lundi au samedi, de 6 h 00 \u00e0 22\u00a0h\u00a045. Des services d\u2019autobus r\u00e9gulier, de transport adapt\u00e9 et communautaire sont offerts. Pour plus de renseignements\u00a0:<\/p>\n<p><a title=\"Cornwall Transit\" href=\"http:\/\/www.cornwall.ca\/en\/transit\/cornwalltransit.asp\" target=\"_blank\" rel=\"noopener\">Cornwall Transit<\/a><\/p>\n<p>613-930-2636<\/p>\n<h3><strong>Service de taxi<\/strong><\/h3>\n<p>Cornwall est desservie par les trois entreprises de taxi suivantes\u00a0:<\/p>\n<ul>\n<li>Choice Taxi\u00a0: 613-938-8899<\/li>\n<li>Tip Top Taxi\u00a0: 613-932-2727<\/li>\n<li>Veteran\u2019s Blue Line\u00a0: 613-932-7311<\/li>\n<\/ul>\n<h3><strong>Transport a\u00e9rien<\/strong><\/h3>\n<p>Les r\u00e9sidents de Cornwall ont la chance d\u2019\u00eatre situ\u00e9s \u00e0 60\u00a0minutes de deux a\u00e9roports internationaux\u00a0: l\u2019A\u00e9roport international d\u2019Ottawa et l\u2019A\u00e9roport Pierre-Elliott Trudeau (Montr\u00e9al).<\/p>\n<p>L\u2019A\u00e9roport r\u00e9gional de Cornwall est situ\u00e9 \u00e0 10\u00a0km \u00e0 l\u2019est de la ville, pr\u00e8s de Summerstown. Cornwall Aviation op\u00e8re des vols nolis\u00e9s au Canada et \u00e0 l\u2019\u00e9tranger depuis l\u2019a\u00e9roport.<\/p>\n<p>L\u2019a\u00e9roport poss\u00e8de une unique piste en dur de 3\u00a0510 pi x 100 pi orient\u00e9e d\u2019est en ouest. Il est \u00e9quip\u00e9 entre autres d\u2019un hangar de la Commission a\u00e9roportuaire, d\u2019emplacements destin\u00e9s \u00e0 l\u2019aviation g\u00e9n\u00e9rale et de terrains de stationnement. L\u2019a\u00e9roport est ouvert toute l\u2019ann\u00e9e et est d\u00e9sign\u00e9 comme a\u00e9roport d\u2019entr\u00e9e pour les services douaniers pour les a\u00e9ronefs de transport de passagers jusqu&rsquo;\u00e0 concurrence de 15 si\u00e8ges. C\u2019est \u00e9galement un a\u00e9roport CANPASS.<\/p>\n<p>Le carburant est fourni en libre-service 24 heures sur 24. Le carburant est disponible sous deux formes\u00a0:<\/p>\n<ul>\n<li>Carburant d\u2019aviation (100 LL)<\/li>\n<li>Carbur\u00e9acteur (disponible \u00e0 l\u2019automne 2016)<\/li>\n<\/ul>\n<p>Toutes les cat\u00e9gories d\u2019huiles a\u00e9ronautiques sont \u00e9galement disponibles.<\/p>\n<p>L\u2019a\u00e9roport est exploit\u00e9 par la Commission de l\u2019a\u00e9roport r\u00e9gional de Cornwall, financ\u00e9e conjointement par la municipalit\u00e9 de Cornwall et par le canton de Glengarry Nord. La Commission loue \u00e9galement un hangar commercial de 3\u00a0000 pieds carr\u00e9s et met \u00e0 disposition un nombre limit\u00e9 d\u2019\u00e9quipement rattach\u00e9. L\u2019a\u00e9roport abrite aussi plus de 15 hangars \u00e0 avions priv\u00e9s, utilis\u00e9s en grande partie par des pilotes amateurs. La construction d\u2019un r\u00e9servoir \u00e0 carburant suppl\u00e9mentaire a d\u00e9but\u00e9 en 2016. Un agrandissement de 5\u00a0000 pieds de la piste est actuellement envisag\u00e9.<\/p>\n<p><a title=\"Cornwall Aviation\" href=\"http:\/\/www.cornwall.ca\/en\/webadmin\/cornwallairport.asp\" target=\"_blank\" rel=\"noopener\">A\u00e9roport r\u00e9gional de Cornwall<\/a><br \/>\n613-931-3311<\/p>\n","protected":false},"excerpt":{"rendered":"Se d\u00e9placer dans la ville\u2026et au-del\u00e0 Gr\u00e2ce \u00e0 des correspondances directes \u00e0 Montr\u00e9al, Ottawa et Toronto, les\u00a0r\u00e9sidents de Cornwall\u00a0peuvent commod\u00e9ment se rendre \u00e0 de nombreuses destinations. Les entreprises de taxi locales et Cornwall Transit offrent \u00e9galement d\u2019excellents services aux personnes qui souhaitent se d\u00e9placer \u00e0 l\u2019int\u00e9rieur de la ville. Service ferroviaire Cornwall est desservie par&#8230; <a class=\"view-article\" href=\"https:\/\/choosecornwall.ca\/fr\/living-fr\/transportation\/\">Voir l&rsquo;article<\/a>","protected":false},"author":3,"featured_media":4675,"parent":3597,"menu_order":0,"comment_status":"closed","ping_status":"closed","template":"","meta":{"_acf_changed":false,"inline_featured_image":false,"footnotes":""},"class_list":["post-3625","page","type-page","status-publish","has-post-thumbnail","hentry"],"acf":[],"yoast_head":"<!-- This site is optimized with the Yoast SEO plugin v27.3 - https:\/\/yoast.com\/product\/yoast-seo-wordpress\/ -->\n<title>Transportation - Choose Cornwall<\/title>\n<meta name=\"robots\" content=\"index, follow, max-snippet:-1, max-image-preview:large, max-video-preview:-1\" \/>\n<link rel=\"canonical\" href=\"https:\/\/choosecornwall.ca\/fr\/living-fr\/transportation\/\" \/>\n<meta name=\"twitter:card\" content=\"summary_large_image\" \/>\n<meta name=\"twitter:title\" content=\"Transportation - Choose Cornwall\" \/>\n<meta name=\"twitter:description\" content=\"Se d\u00e9placer dans la ville\u2026et au-del\u00e0 Gr\u00e2ce \u00e0 des correspondances directes \u00e0 Montr\u00e9al, Ottawa et Toronto, les\u00a0r\u00e9sidents de Cornwall\u00a0peuvent commod\u00e9ment se rendre \u00e0 de nombreuses destinations. Les entreprises de taxi locales et Cornwall Transit offrent \u00e9galement d\u2019excellents services aux personnes qui souhaitent se d\u00e9placer \u00e0 l\u2019int\u00e9rieur de la ville. Service ferroviaire Cornwall est desservie par... Voir l&#039;article\" \/>\n<meta name=\"twitter:image\" content=\"https:\/\/choosecornwall.ca\/wp-content\/uploads\/2018\/07\/banner-living-transportation.jpg\" \/>\n<meta name=\"twitter:label1\" content=\"Est. reading time\" \/>\n\t<meta name=\"twitter:data1\" content=\"4 minutes\" \/>\n<script type=\"application\/ld+json\" class=\"yoast-schema-graph\">{\"@context\":\"https:\\\/\\\/schema.org\",\"@graph\":[{\"@type\":\"WebPage\",\"@id\":\"https:\\\/\\\/choosecornwall.ca\\\/fr\\\/living-fr\\\/transportation\\\/\",\"url\":\"https:\\\/\\\/choosecornwall.ca\\\/fr\\\/living-fr\\\/transportation\\\/\",\"name\":\"Transportation - Choose Cornwall\",\"isPartOf\":{\"@id\":\"https:\\\/\\\/choosecornwall.ca\\\/#website\"},\"primaryImageOfPage\":{\"@id\":\"https:\\\/\\\/choosecornwall.ca\\\/fr\\\/living-fr\\\/transportation\\\/#primaryimage\"},\"image\":{\"@id\":\"https:\\\/\\\/choosecornwall.ca\\\/fr\\\/living-fr\\\/transportation\\\/#primaryimage\"},\"thumbnailUrl\":\"https:\\\/\\\/choosecornwall.ca\\\/wp-content\\\/uploads\\\/2018\\\/07\\\/banner-living-transportation.jpg\",\"datePublished\":\"2018-06-22T18:30:36+00:00\",\"dateModified\":\"2019-05-27T19:42:22+00:00\",\"breadcrumb\":{\"@id\":\"https:\\\/\\\/choosecornwall.ca\\\/fr\\\/living-fr\\\/transportation\\\/#breadcrumb\"},\"inLanguage\":\"fr-FR\",\"potentialAction\":[{\"@type\":\"ReadAction\",\"target\":[\"https:\\\/\\\/choosecornwall.ca\\\/fr\\\/living-fr\\\/transportation\\\/\"]}]},{\"@type\":\"ImageObject\",\"inLanguage\":\"fr-FR\",\"@id\":\"https:\\\/\\\/choosecornwall.ca\\\/fr\\\/living-fr\\\/transportation\\\/#primaryimage\",\"url\":\"https:\\\/\\\/choosecornwall.ca\\\/wp-content\\\/uploads\\\/2018\\\/07\\\/banner-living-transportation.jpg\",\"contentUrl\":\"https:\\\/\\\/choosecornwall.ca\\\/wp-content\\\/uploads\\\/2018\\\/07\\\/banner-living-transportation.jpg\",\"width\":970,\"height\":340},{\"@type\":\"BreadcrumbList\",\"@id\":\"https:\\\/\\\/choosecornwall.ca\\\/fr\\\/living-fr\\\/transportation\\\/#breadcrumb\",\"itemListElement\":[{\"@type\":\"ListItem\",\"position\":1,\"name\":\"Home\",\"item\":\"https:\\\/\\\/choosecornwall.ca\\\/fr\\\/\"},{\"@type\":\"ListItem\",\"position\":2,\"name\":\"Vivre ici\",\"item\":\"https:\\\/\\\/choosecornwall.ca\\\/fr\\\/living-fr\\\/\"},{\"@type\":\"ListItem\",\"position\":3,\"name\":\"Transportation\"}]},{\"@type\":\"WebSite\",\"@id\":\"https:\\\/\\\/choosecornwall.ca\\\/#website\",\"url\":\"https:\\\/\\\/choosecornwall.ca\\\/\",\"name\":\"Choose Cornwall\",\"description\":\"Cornwall Economic Development\",\"potentialAction\":[{\"@type\":\"SearchAction\",\"target\":{\"@type\":\"EntryPoint\",\"urlTemplate\":\"https:\\\/\\\/choosecornwall.ca\\\/?s={search_term_string}\"},\"query-input\":{\"@type\":\"PropertyValueSpecification\",\"valueRequired\":true,\"valueName\":\"search_term_string\"}}],\"inLanguage\":\"fr-FR\"}]}<\/script>\n<!-- \/ Yoast SEO plugin. -->","yoast_head_json":{"title":"Transportation - Choose Cornwall","robots":{"index":"index","follow":"follow","max-snippet":"max-snippet:-1","max-image-preview":"max-image-preview:large","max-video-preview":"max-video-preview:-1"},"canonical":"https:\/\/choosecornwall.ca\/fr\/living-fr\/transportation\/","twitter_card":"summary_large_image","twitter_title":"Transportation - Choose Cornwall","twitter_description":"Se d\u00e9placer dans la ville\u2026et au-del\u00e0 Gr\u00e2ce \u00e0 des correspondances directes \u00e0 Montr\u00e9al, Ottawa et Toronto, les\u00a0r\u00e9sidents de Cornwall\u00a0peuvent commod\u00e9ment se rendre \u00e0 de nombreuses destinations. Les entreprises de taxi locales et Cornwall Transit offrent \u00e9galement d\u2019excellents services aux personnes qui souhaitent se d\u00e9placer \u00e0 l\u2019int\u00e9rieur de la ville. Service ferroviaire Cornwall est desservie par... Voir l'article","twitter_image":"https:\/\/choosecornwall.ca\/wp-content\/uploads\/2018\/07\/banner-living-transportation.jpg","twitter_misc":{"Est. reading time":"4 minutes"},"schema":{"@context":"https:\/\/schema.org","@graph":[{"@type":"WebPage","@id":"https:\/\/choosecornwall.ca\/fr\/living-fr\/transportation\/","url":"https:\/\/choosecornwall.ca\/fr\/living-fr\/transportation\/","name":"Transportation - Choose Cornwall","isPartOf":{"@id":"https:\/\/choosecornwall.ca\/#website"},"primaryImageOfPage":{"@id":"https:\/\/choosecornwall.ca\/fr\/living-fr\/transportation\/#primaryimage"},"image":{"@id":"https:\/\/choosecornwall.ca\/fr\/living-fr\/transportation\/#primaryimage"},"thumbnailUrl":"https:\/\/choosecornwall.ca\/wp-content\/uploads\/2018\/07\/banner-living-transportation.jpg","datePublished":"2018-06-22T18:30:36+00:00","dateModified":"2019-05-27T19:42:22+00:00","breadcrumb":{"@id":"https:\/\/choosecornwall.ca\/fr\/living-fr\/transportation\/#breadcrumb"},"inLanguage":"fr-FR","potentialAction":[{"@type":"ReadAction","target":["https:\/\/choosecornwall.ca\/fr\/living-fr\/transportation\/"]}]},{"@type":"ImageObject","inLanguage":"fr-FR","@id":"https:\/\/choosecornwall.ca\/fr\/living-fr\/transportation\/#primaryimage","url":"https:\/\/choosecornwall.ca\/wp-content\/uploads\/2018\/07\/banner-living-transportation.jpg","contentUrl":"https:\/\/choosecornwall.ca\/wp-content\/uploads\/2018\/07\/banner-living-transportation.jpg","width":970,"height":340},{"@type":"BreadcrumbList","@id":"https:\/\/choosecornwall.ca\/fr\/living-fr\/transportation\/#breadcrumb","itemListElement":[{"@type":"ListItem","position":1,"name":"Home","item":"https:\/\/choosecornwall.ca\/fr\/"},{"@type":"ListItem","position":2,"name":"Vivre ici","item":"https:\/\/choosecornwall.ca\/fr\/living-fr\/"},{"@type":"ListItem","position":3,"name":"Transportation"}]},{"@type":"WebSite","@id":"https:\/\/choosecornwall.ca\/#website","url":"https:\/\/choosecornwall.ca\/","name":"Choose Cornwall","description":"Cornwall Economic Development","potentialAction":[{"@type":"SearchAction","target":{"@type":"EntryPoint","urlTemplate":"https:\/\/choosecornwall.ca\/?s={search_term_string}"},"query-input":{"@type":"PropertyValueSpecification","valueRequired":true,"valueName":"search_term_string"}}],"inLanguage":"fr-FR"}]}},"_links":{"self":[{"href":"https:\/\/choosecornwall.ca\/fr\/wp-json\/wp\/v2\/pages\/3625","targetHints":{"allow":["GET"]}}],"collection":[{"href":"https:\/\/choosecornwall.ca\/fr\/wp-json\/wp\/v2\/pages"}],"about":[{"href":"https:\/\/choosecornwall.ca\/fr\/wp-json\/wp\/v2\/types\/page"}],"author":[{"embeddable":true,"href":"https:\/\/choosecornwall.ca\/fr\/wp-json\/wp\/v2\/users\/3"}],"replies":[{"embeddable":true,"href":"https:\/\/choosecornwall.ca\/fr\/wp-json\/wp\/v2\/comments?post=3625"}],"version-history":[{"count":0,"href":"https:\/\/choosecornwall.ca\/fr\/wp-json\/wp\/v2\/pages\/3625\/revisions"}],"up":[{"embeddable":true,"href":"https:\/\/choosecornwall.ca\/fr\/wp-json\/wp\/v2\/pages\/3597"}],"wp:featuredmedia":[{"embeddable":true,"href":"https:\/\/choosecornwall.ca\/fr\/wp-json\/wp\/v2\/media\/4675"}],"wp:attachment":[{"href":"https:\/\/choosecornwall.ca\/fr\/wp-json\/wp\/v2\/media?parent=3625"}],"curies":[{"name":"wp","href":"https:\/\/api.w.org\/{rel}","templated":true}]}}