{"id":3632,"date":"2018-06-22T14:46:55","date_gmt":"2018-06-22T18:46:55","guid":{"rendered":"http:\/\/choosecornwall.ca\/living-fr\/loisirs\/"},"modified":"2019-05-27T15:51:56","modified_gmt":"2019-05-27T19:51:56","slug":"loisirs","status":"publish","type":"page","link":"https:\/\/choosecornwall.ca\/fr\/living-fr\/loisirs\/","title":{"rendered":"Loisirs"},"content":{"rendered":"<h2>Pleins feux sur les sports et les loisirs!<\/h2>\n<p>\u00c0 Cornwall, les possibilit\u00e9s de loisirs sont innombrables tout au long de l\u2019ann\u00e9e, qu\u2019il s\u2019agisse de sports organis\u00e9s ou d\u2019une petite balade dans le parc, et ce, \u00e0 cinq minutes \u00e0 peine de chez vous. Notre ville est id\u00e9ale pour les familles et les personnes de tout \u00e2ge qui veulent demeurer actives, en sant\u00e9 et impliqu\u00e9es.<\/p>\n<p>La ville est parsem\u00e9e de plus d\u2019une quarantaine de parcs d\u2019une superficie totale de 750\u00a0acres. Elle compte aussi des installations r\u00e9cr\u00e9atives, notamment des centres de conditionnement physique modernes, des ar\u00e9nas de hockey, et la perle du Saint-Laurent \u2014 le Complexe civique de Cornwall \u2014 qui abrite un ar\u00e9na de 5\u00a0000 si\u00e8ges, un centre des congr\u00e8s et le Centre aquatique \u00e0 la fine pointe. \u00c0 c\u00f4t\u00e9 du Complexe civique se trouve le Centre de curling de Cornwall, Marina 200 et le parc Lamoureux.<\/p>\n<p>Le Centre Benson est une nouvelle installation multisportive de 32 millions de dollars qui est devenue tr\u00e8s populaire aupr\u00e8s des athl\u00e8tes locaux et de l&rsquo;ext\u00e9rieur. Situ\u00e9 en bordure de l&rsquo;avenue Brookdale, ce centre comprend:<\/p>\n<ul>\n<li>3 patinoires de taille conforme \u00e0 la LNH<\/li>\n<li>Pavillon avec terrain de soccer et piste de marche<\/li>\n<li>Court de tennis<\/li>\n<\/ul>\n<p>\u00c9videmment, si vous pr\u00e9f\u00e9rez le golf, vous voudrez jeter un coup d\u2019\u0153il \u00e0 nos terrains de calibre mondial, dont Summerheights, qui offre un choix de deux magnifiques parcours de 18 trous , ainsi que le Cornwall Golf and Country Club situ\u00e9 le long du Saint-Laurent . La cotisation pour ces deux clubs est inf\u00e9rieure \u00e0 2000$ !<\/p>\n<p>Nous avons \u00e0 peine mentionn\u00e9 le fleuve. Au chapitre des loisirs, le Saint-Laurent est synonyme non seulement de navigation de plaisance, de p\u00eache et de toutes sortes de sports nautiques, mais aussi de 75 km de pistes cyclables riveraines, de terrains de baseball et de bien d\u2019autres choses.<\/p>\n<p>Si ces activit\u00e9s ne suffisent pas \u00e0 vous occuper,\u00a0Cornwall est \u00e9galement le th\u00e9\u00e2tre de nombreux \u00e9v\u00e9nements. Vous trouverez les \u00e9v\u00e9nements \u00e0 venir sur <a href=\"http:\/\/www.cornwalltourism.com\/\">CornwallTourism.com.<\/a><\/p>\n","protected":false},"excerpt":{"rendered":"Pleins feux sur les sports et les loisirs! \u00c0 Cornwall, les possibilit\u00e9s de loisirs sont innombrables tout au long de l\u2019ann\u00e9e, qu\u2019il s\u2019agisse de sports organis\u00e9s ou d\u2019une petite balade dans le parc, et ce, \u00e0 cinq minutes \u00e0 peine de chez vous. Notre ville est id\u00e9ale pour les familles et les personnes de tout&#8230; <a class=\"view-article\" href=\"https:\/\/choosecornwall.ca\/fr\/living-fr\/loisirs\/\">Voir l&rsquo;article<\/a>","protected":false},"author":3,"featured_media":4671,"parent":3597,"menu_order":0,"comment_status":"closed","ping_status":"closed","template":"","meta":{"_acf_changed":false,"inline_featured_image":false,"footnotes":""},"class_list":["post-3632","page","type-page","status-publish","has-post-thumbnail","hentry"],"acf":[],"yoast_head":"<!-- This site is optimized with the Yoast SEO plugin v27.3 - https:\/\/yoast.com\/product\/yoast-seo-wordpress\/ -->\n<title>Loisirs - Choose Cornwall<\/title>\n<meta name=\"robots\" content=\"index, follow, max-snippet:-1, max-image-preview:large, max-video-preview:-1\" \/>\n<link rel=\"canonical\" href=\"https:\/\/choosecornwall.ca\/living\/sports-and-recreation\/\" \/>\n<meta name=\"twitter:card\" content=\"summary_large_image\" \/>\n<meta name=\"twitter:title\" content=\"Loisirs - Choose Cornwall\" \/>\n<meta name=\"twitter:description\" content=\"Pleins feux sur les sports et les loisirs! \u00c0 Cornwall, les possibilit\u00e9s de loisirs sont innombrables tout au long de l\u2019ann\u00e9e, qu\u2019il s\u2019agisse de sports organis\u00e9s ou d\u2019une petite balade dans le parc, et ce, \u00e0 cinq minutes \u00e0 peine de chez vous. Notre ville est id\u00e9ale pour les familles et les personnes de tout... Voir l&#039;article\" \/>\n<meta name=\"twitter:image\" content=\"https:\/\/choosecornwall.ca\/wp-content\/uploads\/2018\/07\/banner-living-sports-and-recreation.jpg\" \/>\n<meta name=\"twitter:label1\" content=\"Est. reading time\" \/>\n\t<meta name=\"twitter:data1\" content=\"2 minutes\" \/>\n<script type=\"application\/ld+json\" class=\"yoast-schema-graph\">{\"@context\":\"https:\\\/\\\/schema.org\",\"@graph\":[{\"@type\":\"WebPage\",\"@id\":\"https:\\\/\\\/choosecornwall.ca\\\/living\\\/sports-and-recreation\\\/\",\"url\":\"https:\\\/\\\/choosecornwall.ca\\\/living\\\/sports-and-recreation\\\/\",\"name\":\"Loisirs - Choose Cornwall\",\"isPartOf\":{\"@id\":\"https:\\\/\\\/choosecornwall.ca\\\/#website\"},\"primaryImageOfPage\":{\"@id\":\"https:\\\/\\\/choosecornwall.ca\\\/living\\\/sports-and-recreation\\\/#primaryimage\"},\"image\":{\"@id\":\"https:\\\/\\\/choosecornwall.ca\\\/living\\\/sports-and-recreation\\\/#primaryimage\"},\"thumbnailUrl\":\"https:\\\/\\\/choosecornwall.ca\\\/wp-content\\\/uploads\\\/2018\\\/07\\\/banner-living-sports-and-recreation.jpg\",\"datePublished\":\"2018-06-22T18:46:55+00:00\",\"dateModified\":\"2019-05-27T19:51:56+00:00\",\"breadcrumb\":{\"@id\":\"https:\\\/\\\/choosecornwall.ca\\\/living\\\/sports-and-recreation\\\/#breadcrumb\"},\"inLanguage\":\"fr-FR\",\"potentialAction\":[{\"@type\":\"ReadAction\",\"target\":[\"https:\\\/\\\/choosecornwall.ca\\\/living\\\/sports-and-recreation\\\/\"]}]},{\"@type\":\"ImageObject\",\"inLanguage\":\"fr-FR\",\"@id\":\"https:\\\/\\\/choosecornwall.ca\\\/living\\\/sports-and-recreation\\\/#primaryimage\",\"url\":\"https:\\\/\\\/choosecornwall.ca\\\/wp-content\\\/uploads\\\/2018\\\/07\\\/banner-living-sports-and-recreation.jpg\",\"contentUrl\":\"https:\\\/\\\/choosecornwall.ca\\\/wp-content\\\/uploads\\\/2018\\\/07\\\/banner-living-sports-and-recreation.jpg\",\"width\":970,\"height\":340},{\"@type\":\"BreadcrumbList\",\"@id\":\"https:\\\/\\\/choosecornwall.ca\\\/living\\\/sports-and-recreation\\\/#breadcrumb\",\"itemListElement\":[{\"@type\":\"ListItem\",\"position\":1,\"name\":\"Home\",\"item\":\"https:\\\/\\\/choosecornwall.ca\\\/fr\\\/\"},{\"@type\":\"ListItem\",\"position\":2,\"name\":\"Vivre ici\",\"item\":\"https:\\\/\\\/choosecornwall.ca\\\/fr\\\/living-fr\\\/\"},{\"@type\":\"ListItem\",\"position\":3,\"name\":\"Loisirs\"}]},{\"@type\":\"WebSite\",\"@id\":\"https:\\\/\\\/choosecornwall.ca\\\/#website\",\"url\":\"https:\\\/\\\/choosecornwall.ca\\\/\",\"name\":\"Choose Cornwall\",\"description\":\"Cornwall Economic Development\",\"potentialAction\":[{\"@type\":\"SearchAction\",\"target\":{\"@type\":\"EntryPoint\",\"urlTemplate\":\"https:\\\/\\\/choosecornwall.ca\\\/?s={search_term_string}\"},\"query-input\":{\"@type\":\"PropertyValueSpecification\",\"valueRequired\":true,\"valueName\":\"search_term_string\"}}],\"inLanguage\":\"fr-FR\"}]}<\/script>\n<!-- \/ Yoast SEO plugin. -->","yoast_head_json":{"title":"Loisirs - Choose Cornwall","robots":{"index":"index","follow":"follow","max-snippet":"max-snippet:-1","max-image-preview":"max-image-preview:large","max-video-preview":"max-video-preview:-1"},"canonical":"https:\/\/choosecornwall.ca\/living\/sports-and-recreation\/","twitter_card":"summary_large_image","twitter_title":"Loisirs - Choose Cornwall","twitter_description":"Pleins feux sur les sports et les loisirs! \u00c0 Cornwall, les possibilit\u00e9s de loisirs sont innombrables tout au long de l\u2019ann\u00e9e, qu\u2019il s\u2019agisse de sports organis\u00e9s ou d\u2019une petite balade dans le parc, et ce, \u00e0 cinq minutes \u00e0 peine de chez vous. Notre ville est id\u00e9ale pour les familles et les personnes de tout... Voir l'article","twitter_image":"https:\/\/choosecornwall.ca\/wp-content\/uploads\/2018\/07\/banner-living-sports-and-recreation.jpg","twitter_misc":{"Est. reading time":"2 minutes"},"schema":{"@context":"https:\/\/schema.org","@graph":[{"@type":"WebPage","@id":"https:\/\/choosecornwall.ca\/living\/sports-and-recreation\/","url":"https:\/\/choosecornwall.ca\/living\/sports-and-recreation\/","name":"Loisirs - Choose Cornwall","isPartOf":{"@id":"https:\/\/choosecornwall.ca\/#website"},"primaryImageOfPage":{"@id":"https:\/\/choosecornwall.ca\/living\/sports-and-recreation\/#primaryimage"},"image":{"@id":"https:\/\/choosecornwall.ca\/living\/sports-and-recreation\/#primaryimage"},"thumbnailUrl":"https:\/\/choosecornwall.ca\/wp-content\/uploads\/2018\/07\/banner-living-sports-and-recreation.jpg","datePublished":"2018-06-22T18:46:55+00:00","dateModified":"2019-05-27T19:51:56+00:00","breadcrumb":{"@id":"https:\/\/choosecornwall.ca\/living\/sports-and-recreation\/#breadcrumb"},"inLanguage":"fr-FR","potentialAction":[{"@type":"ReadAction","target":["https:\/\/choosecornwall.ca\/living\/sports-and-recreation\/"]}]},{"@type":"ImageObject","inLanguage":"fr-FR","@id":"https:\/\/choosecornwall.ca\/living\/sports-and-recreation\/#primaryimage","url":"https:\/\/choosecornwall.ca\/wp-content\/uploads\/2018\/07\/banner-living-sports-and-recreation.jpg","contentUrl":"https:\/\/choosecornwall.ca\/wp-content\/uploads\/2018\/07\/banner-living-sports-and-recreation.jpg","width":970,"height":340},{"@type":"BreadcrumbList","@id":"https:\/\/choosecornwall.ca\/living\/sports-and-recreation\/#breadcrumb","itemListElement":[{"@type":"ListItem","position":1,"name":"Home","item":"https:\/\/choosecornwall.ca\/fr\/"},{"@type":"ListItem","position":2,"name":"Vivre ici","item":"https:\/\/choosecornwall.ca\/fr\/living-fr\/"},{"@type":"ListItem","position":3,"name":"Loisirs"}]},{"@type":"WebSite","@id":"https:\/\/choosecornwall.ca\/#website","url":"https:\/\/choosecornwall.ca\/","name":"Choose Cornwall","description":"Cornwall Economic Development","potentialAction":[{"@type":"SearchAction","target":{"@type":"EntryPoint","urlTemplate":"https:\/\/choosecornwall.ca\/?s={search_term_string}"},"query-input":{"@type":"PropertyValueSpecification","valueRequired":true,"valueName":"search_term_string"}}],"inLanguage":"fr-FR"}]}},"_links":{"self":[{"href":"https:\/\/choosecornwall.ca\/fr\/wp-json\/wp\/v2\/pages\/3632","targetHints":{"allow":["GET"]}}],"collection":[{"href":"https:\/\/choosecornwall.ca\/fr\/wp-json\/wp\/v2\/pages"}],"about":[{"href":"https:\/\/choosecornwall.ca\/fr\/wp-json\/wp\/v2\/types\/page"}],"author":[{"embeddable":true,"href":"https:\/\/choosecornwall.ca\/fr\/wp-json\/wp\/v2\/users\/3"}],"replies":[{"embeddable":true,"href":"https:\/\/choosecornwall.ca\/fr\/wp-json\/wp\/v2\/comments?post=3632"}],"version-history":[{"count":0,"href":"https:\/\/choosecornwall.ca\/fr\/wp-json\/wp\/v2\/pages\/3632\/revisions"}],"up":[{"embeddable":true,"href":"https:\/\/choosecornwall.ca\/fr\/wp-json\/wp\/v2\/pages\/3597"}],"wp:featuredmedia":[{"embeddable":true,"href":"https:\/\/choosecornwall.ca\/fr\/wp-json\/wp\/v2\/media\/4671"}],"wp:attachment":[{"href":"https:\/\/choosecornwall.ca\/fr\/wp-json\/wp\/v2\/media?parent=3632"}],"curies":[{"name":"wp","href":"https:\/\/api.w.org\/{rel}","templated":true}]}}