{"id":3650,"date":"2018-06-22T15:07:24","date_gmt":"2018-06-22T19:07:24","guid":{"rendered":"http:\/\/choosecornwall.ca\/living-fr\/arts-et-culture\/"},"modified":"2019-05-27T16:14:15","modified_gmt":"2019-05-27T20:14:15","slug":"arts-et-culture","status":"publish","type":"page","link":"https:\/\/choosecornwall.ca\/fr\/living-fr\/arts-et-culture\/","title":{"rendered":"Arts et culture"},"content":{"rendered":"<h2><strong>Plongez-vous dans la sc\u00e8ne artistique de Cornwall<\/strong><\/h2>\n<p>La sc\u00e8ne artistique de Cornwall progresse \u00e0 pas de g\u00e9ant. Regorgeante de musiciens de renomm\u00e9e mondiale, de th\u00e9\u00e2tre passionnant et d\u2019arts visuels qui invitent \u00e0 r\u00e9fl\u00e9chir, la culture le long du Saint-Laurent est bien vivante.<\/p>\n<h3><strong>Musique<\/strong><\/h3>\n<p>On retrouve \u00e0 peu pr\u00e8s tous les genres de musique \u00e0 Cornwall, que ce soit lamusique pop, rock, celtique, de chambre ou country.\u00a0Cornwall a produit des artistes et des groupes de musique tr\u00e8s connus, notamment les Brigadoons, Glengarry Bhoys, Greenwich Meantime et les Barstool Prophets.<\/p>\n<h3><strong>Arts visuels<\/strong><\/h3>\n<p>Les peintres et leur art sont souvent ce qui captive le plus notre attention, peu importe s\u2019ils cr\u00e9ent des \u0153uvres en aquarelle, de peinture \u00e0 l\u2019huile, de peinture acrylique ou en techniques mixtes.<\/p>\n<h3><strong>Cin\u00e9ma<\/strong><\/h3>\n<p>Plusieurs films ont \u00e9t\u00e9 tourn\u00e9s \u00e0 Cornwall et dans les environs au cours des quelques derni\u00e8res ann\u00e9es.<\/p>\n<h3><strong>Th\u00e9\u00e2tre<\/strong><\/h3>\n<div>\n<p id=\"tw-target-text\" class=\"tw-data-text tw-ta tw-text-small\" dir=\"ltr\" data-placeholder=\"Translation\"><span lang=\"fr\" tabindex=\"0\">Cornwall abrite plusieurs excellentes troupes de th\u00e9\u00e2tre, dont beaucoup profitent d&rsquo;excellentes installations locales. Cornwall compte de nombreux acteurs, auteurs et metteurs en sc\u00e8ne talentueux, dont beaucoup participent au th\u00e9\u00e2tre local.<\/span><\/p>\n<\/div>\n","protected":false},"excerpt":{"rendered":"Plongez-vous dans la sc\u00e8ne artistique de Cornwall La sc\u00e8ne artistique de Cornwall progresse \u00e0 pas de g\u00e9ant. Regorgeante de musiciens de renomm\u00e9e mondiale, de th\u00e9\u00e2tre passionnant et d\u2019arts visuels qui invitent \u00e0 r\u00e9fl\u00e9chir, la culture le long du Saint-Laurent est bien vivante. Musique On retrouve \u00e0 peu pr\u00e8s tous les genres de musique \u00e0 Cornwall,&#8230; <a class=\"view-article\" href=\"https:\/\/choosecornwall.ca\/fr\/living-fr\/arts-et-culture\/\">Voir l&rsquo;article<\/a>","protected":false},"author":3,"featured_media":3518,"parent":3597,"menu_order":0,"comment_status":"closed","ping_status":"closed","template":"","meta":{"_acf_changed":false,"inline_featured_image":false,"footnotes":""},"class_list":["post-3650","page","type-page","status-publish","has-post-thumbnail","hentry"],"acf":[],"yoast_head":"<!-- This site is optimized with the Yoast SEO plugin v27.3 - https:\/\/yoast.com\/product\/yoast-seo-wordpress\/ -->\n<title>Arts et culture - Choose Cornwall<\/title>\n<meta name=\"robots\" content=\"index, follow, max-snippet:-1, max-image-preview:large, max-video-preview:-1\" \/>\n<link rel=\"canonical\" href=\"https:\/\/choosecornwall.ca\/living\/arts-and-culture\/\" \/>\n<meta name=\"twitter:card\" content=\"summary_large_image\" \/>\n<meta name=\"twitter:title\" content=\"Arts et culture - Choose Cornwall\" \/>\n<meta name=\"twitter:description\" content=\"Plongez-vous dans la sc\u00e8ne artistique de Cornwall La sc\u00e8ne artistique de Cornwall progresse \u00e0 pas de g\u00e9ant. Regorgeante de musiciens de renomm\u00e9e mondiale, de th\u00e9\u00e2tre passionnant et d\u2019arts visuels qui invitent \u00e0 r\u00e9fl\u00e9chir, la culture le long du Saint-Laurent est bien vivante. Musique On retrouve \u00e0 peu pr\u00e8s tous les genres de musique \u00e0 Cornwall,... Voir l&#039;article\" \/>\n<meta name=\"twitter:image\" content=\"https:\/\/choosecornwall.ca\/wp-content\/uploads\/2018\/06\/banner-living-arts-and-culture.jpg\" \/>\n<meta name=\"twitter:label1\" content=\"Est. reading time\" \/>\n\t<meta name=\"twitter:data1\" content=\"1 minute\" \/>\n<script type=\"application\/ld+json\" class=\"yoast-schema-graph\">{\"@context\":\"https:\\\/\\\/schema.org\",\"@graph\":[{\"@type\":\"WebPage\",\"@id\":\"https:\\\/\\\/choosecornwall.ca\\\/living\\\/arts-and-culture\\\/\",\"url\":\"https:\\\/\\\/choosecornwall.ca\\\/living\\\/arts-and-culture\\\/\",\"name\":\"Arts et culture - Choose Cornwall\",\"isPartOf\":{\"@id\":\"https:\\\/\\\/choosecornwall.ca\\\/#website\"},\"primaryImageOfPage\":{\"@id\":\"https:\\\/\\\/choosecornwall.ca\\\/living\\\/arts-and-culture\\\/#primaryimage\"},\"image\":{\"@id\":\"https:\\\/\\\/choosecornwall.ca\\\/living\\\/arts-and-culture\\\/#primaryimage\"},\"thumbnailUrl\":\"https:\\\/\\\/choosecornwall.ca\\\/wp-content\\\/uploads\\\/2018\\\/06\\\/banner-living-arts-and-culture.jpg\",\"datePublished\":\"2018-06-22T19:07:24+00:00\",\"dateModified\":\"2019-05-27T20:14:15+00:00\",\"breadcrumb\":{\"@id\":\"https:\\\/\\\/choosecornwall.ca\\\/living\\\/arts-and-culture\\\/#breadcrumb\"},\"inLanguage\":\"fr-FR\",\"potentialAction\":[{\"@type\":\"ReadAction\",\"target\":[\"https:\\\/\\\/choosecornwall.ca\\\/living\\\/arts-and-culture\\\/\"]}]},{\"@type\":\"ImageObject\",\"inLanguage\":\"fr-FR\",\"@id\":\"https:\\\/\\\/choosecornwall.ca\\\/living\\\/arts-and-culture\\\/#primaryimage\",\"url\":\"https:\\\/\\\/choosecornwall.ca\\\/wp-content\\\/uploads\\\/2018\\\/06\\\/banner-living-arts-and-culture.jpg\",\"contentUrl\":\"https:\\\/\\\/choosecornwall.ca\\\/wp-content\\\/uploads\\\/2018\\\/06\\\/banner-living-arts-and-culture.jpg\",\"width\":970,\"height\":340},{\"@type\":\"BreadcrumbList\",\"@id\":\"https:\\\/\\\/choosecornwall.ca\\\/living\\\/arts-and-culture\\\/#breadcrumb\",\"itemListElement\":[{\"@type\":\"ListItem\",\"position\":1,\"name\":\"Home\",\"item\":\"https:\\\/\\\/choosecornwall.ca\\\/fr\\\/\"},{\"@type\":\"ListItem\",\"position\":2,\"name\":\"Vivre ici\",\"item\":\"https:\\\/\\\/choosecornwall.ca\\\/fr\\\/living-fr\\\/\"},{\"@type\":\"ListItem\",\"position\":3,\"name\":\"Arts et culture\"}]},{\"@type\":\"WebSite\",\"@id\":\"https:\\\/\\\/choosecornwall.ca\\\/#website\",\"url\":\"https:\\\/\\\/choosecornwall.ca\\\/\",\"name\":\"Choose Cornwall\",\"description\":\"Cornwall Economic Development\",\"potentialAction\":[{\"@type\":\"SearchAction\",\"target\":{\"@type\":\"EntryPoint\",\"urlTemplate\":\"https:\\\/\\\/choosecornwall.ca\\\/?s={search_term_string}\"},\"query-input\":{\"@type\":\"PropertyValueSpecification\",\"valueRequired\":true,\"valueName\":\"search_term_string\"}}],\"inLanguage\":\"fr-FR\"}]}<\/script>\n<!-- \/ Yoast SEO plugin. -->","yoast_head_json":{"title":"Arts et culture - Choose Cornwall","robots":{"index":"index","follow":"follow","max-snippet":"max-snippet:-1","max-image-preview":"max-image-preview:large","max-video-preview":"max-video-preview:-1"},"canonical":"https:\/\/choosecornwall.ca\/living\/arts-and-culture\/","twitter_card":"summary_large_image","twitter_title":"Arts et culture - Choose Cornwall","twitter_description":"Plongez-vous dans la sc\u00e8ne artistique de Cornwall La sc\u00e8ne artistique de Cornwall progresse \u00e0 pas de g\u00e9ant. Regorgeante de musiciens de renomm\u00e9e mondiale, de th\u00e9\u00e2tre passionnant et d\u2019arts visuels qui invitent \u00e0 r\u00e9fl\u00e9chir, la culture le long du Saint-Laurent est bien vivante. Musique On retrouve \u00e0 peu pr\u00e8s tous les genres de musique \u00e0 Cornwall,... Voir l'article","twitter_image":"https:\/\/choosecornwall.ca\/wp-content\/uploads\/2018\/06\/banner-living-arts-and-culture.jpg","twitter_misc":{"Est. reading time":"1 minute"},"schema":{"@context":"https:\/\/schema.org","@graph":[{"@type":"WebPage","@id":"https:\/\/choosecornwall.ca\/living\/arts-and-culture\/","url":"https:\/\/choosecornwall.ca\/living\/arts-and-culture\/","name":"Arts et culture - Choose Cornwall","isPartOf":{"@id":"https:\/\/choosecornwall.ca\/#website"},"primaryImageOfPage":{"@id":"https:\/\/choosecornwall.ca\/living\/arts-and-culture\/#primaryimage"},"image":{"@id":"https:\/\/choosecornwall.ca\/living\/arts-and-culture\/#primaryimage"},"thumbnailUrl":"https:\/\/choosecornwall.ca\/wp-content\/uploads\/2018\/06\/banner-living-arts-and-culture.jpg","datePublished":"2018-06-22T19:07:24+00:00","dateModified":"2019-05-27T20:14:15+00:00","breadcrumb":{"@id":"https:\/\/choosecornwall.ca\/living\/arts-and-culture\/#breadcrumb"},"inLanguage":"fr-FR","potentialAction":[{"@type":"ReadAction","target":["https:\/\/choosecornwall.ca\/living\/arts-and-culture\/"]}]},{"@type":"ImageObject","inLanguage":"fr-FR","@id":"https:\/\/choosecornwall.ca\/living\/arts-and-culture\/#primaryimage","url":"https:\/\/choosecornwall.ca\/wp-content\/uploads\/2018\/06\/banner-living-arts-and-culture.jpg","contentUrl":"https:\/\/choosecornwall.ca\/wp-content\/uploads\/2018\/06\/banner-living-arts-and-culture.jpg","width":970,"height":340},{"@type":"BreadcrumbList","@id":"https:\/\/choosecornwall.ca\/living\/arts-and-culture\/#breadcrumb","itemListElement":[{"@type":"ListItem","position":1,"name":"Home","item":"https:\/\/choosecornwall.ca\/fr\/"},{"@type":"ListItem","position":2,"name":"Vivre ici","item":"https:\/\/choosecornwall.ca\/fr\/living-fr\/"},{"@type":"ListItem","position":3,"name":"Arts et culture"}]},{"@type":"WebSite","@id":"https:\/\/choosecornwall.ca\/#website","url":"https:\/\/choosecornwall.ca\/","name":"Choose Cornwall","description":"Cornwall Economic Development","potentialAction":[{"@type":"SearchAction","target":{"@type":"EntryPoint","urlTemplate":"https:\/\/choosecornwall.ca\/?s={search_term_string}"},"query-input":{"@type":"PropertyValueSpecification","valueRequired":true,"valueName":"search_term_string"}}],"inLanguage":"fr-FR"}]}},"_links":{"self":[{"href":"https:\/\/choosecornwall.ca\/fr\/wp-json\/wp\/v2\/pages\/3650","targetHints":{"allow":["GET"]}}],"collection":[{"href":"https:\/\/choosecornwall.ca\/fr\/wp-json\/wp\/v2\/pages"}],"about":[{"href":"https:\/\/choosecornwall.ca\/fr\/wp-json\/wp\/v2\/types\/page"}],"author":[{"embeddable":true,"href":"https:\/\/choosecornwall.ca\/fr\/wp-json\/wp\/v2\/users\/3"}],"replies":[{"embeddable":true,"href":"https:\/\/choosecornwall.ca\/fr\/wp-json\/wp\/v2\/comments?post=3650"}],"version-history":[{"count":0,"href":"https:\/\/choosecornwall.ca\/fr\/wp-json\/wp\/v2\/pages\/3650\/revisions"}],"up":[{"embeddable":true,"href":"https:\/\/choosecornwall.ca\/fr\/wp-json\/wp\/v2\/pages\/3597"}],"wp:featuredmedia":[{"embeddable":true,"href":"https:\/\/choosecornwall.ca\/fr\/wp-json\/wp\/v2\/media\/3518"}],"wp:attachment":[{"href":"https:\/\/choosecornwall.ca\/fr\/wp-json\/wp\/v2\/media?parent=3650"}],"curies":[{"name":"wp","href":"https:\/\/api.w.org\/{rel}","templated":true}]}}