{"id":3655,"date":"2018-06-22T15:27:32","date_gmt":"2018-06-22T19:27:32","guid":{"rendered":"http:\/\/choosecornwall.ca\/living-fr\/magasins\/"},"modified":"2019-05-27T14:54:07","modified_gmt":"2019-05-27T18:54:07","slug":"magasins","status":"publish","type":"page","link":"https:\/\/choosecornwall.ca\/fr\/living-fr\/magasins\/","title":{"rendered":"Magasins"},"content":{"rendered":"<h2>Magasinage<\/h2>\n<p>Lorsque vient le temps de bien magasiner et de bien manger, la population de Cornwall trouve tout ce dont elle a besoin ici m\u00eame. En fait, les magasins et les restaurants de la ville attirent des gens de toute la r\u00e9gion, y compris de Montr\u00e9al.<\/p>\n<p>Vous aimerez la vari\u00e9t\u00e9 que proposent des d\u00e9taillants bien connus, comme Winners, WalMart, Shoppers Drug Mart et Home Depot, auxquels s\u2019ajoutent un nombre croissant de boutiques locales prim\u00e9es, entre autres la\u00a0<a href=\"http:\/\/www.pommierjewellers.com\/\" target=\"_blank\" rel=\"noopener\">Bijouterie Pommier<\/a> et\u00a0<a href=\"http:\/\/www.lauras.ca\/home.php\" target=\"_blank\" rel=\"noopener\">Laura\u2019s Flowers<\/a>. Peu importe vos pr\u00e9f\u00e9rences en mati\u00e8re de magasinage \u2014 centres commerciaux int\u00e9rieurs, grandes surfaces ou magasins ayant pignon sur rue \u2014, nous avons ce que vous cherchez!<\/p>\n<h3>Certains lieux de magasinage r\u00e9put\u00e9s de Cornwall:<\/h3>\n<ul>\n<li><strong>Rue Pitt:\u00a0<\/strong>Notre rue commerciale traditionnelle propose des magasins, des services et des restaurants, tout en \u00e9tant le point de convergence de nombre des activit\u00e9s culturelles qui se d\u00e9roulent tout au long de l\u2019ann\u00e9e \u00e0 Cornwall.<\/li>\n<li><strong>Cornwall Square:\u00a0<\/strong>Situ\u00e9 au centre-ville, on y trouve les magasins vedettes Dollarama et Shoppers Drug Mart, ainsi qu\u2019une gamme \u00e9tendue d\u2019autres commerces de d\u00e9tail \u2014 50 en tout.<\/li>\n<li><strong>Le Village:\u00a0<\/strong>Dans le sud-est de Cornwall, vous trouverez l\u2019atmosph\u00e8re typique d\u2019une petite ville canadienne-fran\u00e7aise. Des entrepreneurs locaux exploitent la plupart des commerces.<\/li>\n<li><strong>Brookdale Centre:\u00a0<\/strong>Situ\u00e9 au pied du Pont international, ce centre commercial \u00e0 grandes surfaces abrite notamment les magasins suivants\u00a0:LCBO, The Beer Store, Food Basics, Dollarama, Tim Hortons et Kelsey\u2019s.<\/li>\n<li><strong>Smart Centre:\u00a0<\/strong>Un supercentre Walmart ancre cette place en pleine croissance sur Ninth Street qui comprend DollarTree, BMO et A&amp;W.<\/li>\n<li><strong>Eastcourt Mall:\u00a0<\/strong>Un r\u00e9am\u00e9nagement majeur a vu l&rsquo;ajout d&rsquo; Ard\u00e8ne, No Frills et Dollarama.<\/li>\n<li><strong>Glengarry Square:\u00a0<\/strong>Situ\u00e9 dans l\u2019est de Cornwall, on y trouve des cin\u00e9mas Galaxy, une \u00e9picerie Food Basics,\u00a0un Burger King et bien d\u2019autres commerces.<\/li>\n<li><strong>Tollgate et Brookdale:\u00a0<\/strong>Cette intersection achaland\u00e9e est devenue une zone commerciale majeure comprenant Michaels, Mark\u2019s, Best Buy, Moores, Petsmart, Winners et Sport Chek.<\/li>\n<li><strong>Sydney et 9e Rue:\u00a0<\/strong>Ce carrefour s\u2019est transform\u00e9 en grand secteur commercial mettant en vedette un Staples, une \u00e9picerie Your Independent Grocer, un magasin Farm Boy et un Canadian Tire.Bien s\u00fbr, ce qui pr\u00e9c\u00e8de n\u2019est qu\u2019un aper\u00e7u des dizaines de magasins dignes d\u2019int\u00e9r\u00eat \u00e9tablis \u00e0 Cornwall. Consultez la section <a href=\"https:\/\/choosecornwall.ca\/fr\/actualites\/\">Nouvelles<\/a> pour conna\u00eetre les derniers \u00e9v\u00e9nements et d\u00e9veloppements des commer\u00e7ants locaux.\n<p>Vous songez \u00e0 \u00e9tablir un magasin de d\u00e9tail \u00e0 Cornwall? Pour en savoir plus, t\u00e9l\u00e9chargez notre <a href=\"https:\/\/choosecornwall.ca\/wp-content\/uploads\/2018\/06\/Cornwall-Retail-Brochure.pdf\">brochure sur le commerce<\/a> de d\u00e9tail \u00e0 partir de la section <a href=\"https:\/\/choosecornwall.ca\/fr\/ressources\/\">Ressources<\/a> de ce site.<\/li>\n<\/ul>\n","protected":false},"excerpt":{"rendered":"Magasinage Lorsque vient le temps de bien magasiner et de bien manger, la population de Cornwall trouve tout ce dont elle a besoin ici m\u00eame. En fait, les magasins et les restaurants de la ville attirent des gens de toute la r\u00e9gion, y compris de Montr\u00e9al. Vous aimerez la vari\u00e9t\u00e9 que proposent des d\u00e9taillants bien&#8230; <a class=\"view-article\" href=\"https:\/\/choosecornwall.ca\/fr\/living-fr\/magasins\/\">Voir l&rsquo;article<\/a>","protected":false},"author":3,"featured_media":3556,"parent":3597,"menu_order":0,"comment_status":"closed","ping_status":"closed","template":"","meta":{"_acf_changed":false,"inline_featured_image":false,"footnotes":""},"class_list":["post-3655","page","type-page","status-publish","has-post-thumbnail","hentry"],"acf":[],"yoast_head":"<!-- This site is optimized with the Yoast SEO plugin v27.3 - https:\/\/yoast.com\/product\/yoast-seo-wordpress\/ -->\n<title>Magasins - Choose Cornwall<\/title>\n<meta name=\"robots\" content=\"index, follow, max-snippet:-1, max-image-preview:large, max-video-preview:-1\" \/>\n<link rel=\"canonical\" href=\"https:\/\/choosecornwall.ca\/fr\/living-fr\/magasins\/\" \/>\n<meta name=\"twitter:card\" content=\"summary_large_image\" \/>\n<meta name=\"twitter:title\" content=\"Magasins - Choose Cornwall\" \/>\n<meta name=\"twitter:description\" content=\"Magasinage Lorsque vient le temps de bien magasiner et de bien manger, la population de Cornwall trouve tout ce dont elle a besoin ici m\u00eame. En fait, les magasins et les restaurants de la ville attirent des gens de toute la r\u00e9gion, y compris de Montr\u00e9al. Vous aimerez la vari\u00e9t\u00e9 que proposent des d\u00e9taillants bien... Voir l&#039;article\" \/>\n<meta name=\"twitter:image\" content=\"https:\/\/choosecornwall.ca\/wp-content\/uploads\/2018\/06\/banner-living-shopping.jpg\" \/>\n<meta name=\"twitter:label1\" content=\"Est. reading time\" \/>\n\t<meta name=\"twitter:data1\" content=\"2 minutes\" \/>\n<script type=\"application\/ld+json\" class=\"yoast-schema-graph\">{\"@context\":\"https:\\\/\\\/schema.org\",\"@graph\":[{\"@type\":\"WebPage\",\"@id\":\"https:\\\/\\\/choosecornwall.ca\\\/fr\\\/living-fr\\\/magasins\\\/\",\"url\":\"https:\\\/\\\/choosecornwall.ca\\\/fr\\\/living-fr\\\/magasins\\\/\",\"name\":\"Magasins - Choose Cornwall\",\"isPartOf\":{\"@id\":\"https:\\\/\\\/choosecornwall.ca\\\/#website\"},\"primaryImageOfPage\":{\"@id\":\"https:\\\/\\\/choosecornwall.ca\\\/fr\\\/living-fr\\\/magasins\\\/#primaryimage\"},\"image\":{\"@id\":\"https:\\\/\\\/choosecornwall.ca\\\/fr\\\/living-fr\\\/magasins\\\/#primaryimage\"},\"thumbnailUrl\":\"https:\\\/\\\/choosecornwall.ca\\\/wp-content\\\/uploads\\\/2018\\\/06\\\/banner-living-shopping.jpg\",\"datePublished\":\"2018-06-22T19:27:32+00:00\",\"dateModified\":\"2019-05-27T18:54:07+00:00\",\"breadcrumb\":{\"@id\":\"https:\\\/\\\/choosecornwall.ca\\\/fr\\\/living-fr\\\/magasins\\\/#breadcrumb\"},\"inLanguage\":\"fr-FR\",\"potentialAction\":[{\"@type\":\"ReadAction\",\"target\":[\"https:\\\/\\\/choosecornwall.ca\\\/fr\\\/living-fr\\\/magasins\\\/\"]}]},{\"@type\":\"ImageObject\",\"inLanguage\":\"fr-FR\",\"@id\":\"https:\\\/\\\/choosecornwall.ca\\\/fr\\\/living-fr\\\/magasins\\\/#primaryimage\",\"url\":\"https:\\\/\\\/choosecornwall.ca\\\/wp-content\\\/uploads\\\/2018\\\/06\\\/banner-living-shopping.jpg\",\"contentUrl\":\"https:\\\/\\\/choosecornwall.ca\\\/wp-content\\\/uploads\\\/2018\\\/06\\\/banner-living-shopping.jpg\",\"width\":970,\"height\":340},{\"@type\":\"BreadcrumbList\",\"@id\":\"https:\\\/\\\/choosecornwall.ca\\\/fr\\\/living-fr\\\/magasins\\\/#breadcrumb\",\"itemListElement\":[{\"@type\":\"ListItem\",\"position\":1,\"name\":\"Home\",\"item\":\"https:\\\/\\\/choosecornwall.ca\\\/fr\\\/\"},{\"@type\":\"ListItem\",\"position\":2,\"name\":\"Vivre ici\",\"item\":\"https:\\\/\\\/choosecornwall.ca\\\/fr\\\/living-fr\\\/\"},{\"@type\":\"ListItem\",\"position\":3,\"name\":\"Magasins\"}]},{\"@type\":\"WebSite\",\"@id\":\"https:\\\/\\\/choosecornwall.ca\\\/#website\",\"url\":\"https:\\\/\\\/choosecornwall.ca\\\/\",\"name\":\"Choose Cornwall\",\"description\":\"Cornwall Economic Development\",\"potentialAction\":[{\"@type\":\"SearchAction\",\"target\":{\"@type\":\"EntryPoint\",\"urlTemplate\":\"https:\\\/\\\/choosecornwall.ca\\\/?s={search_term_string}\"},\"query-input\":{\"@type\":\"PropertyValueSpecification\",\"valueRequired\":true,\"valueName\":\"search_term_string\"}}],\"inLanguage\":\"fr-FR\"}]}<\/script>\n<!-- \/ Yoast SEO plugin. -->","yoast_head_json":{"title":"Magasins - Choose Cornwall","robots":{"index":"index","follow":"follow","max-snippet":"max-snippet:-1","max-image-preview":"max-image-preview:large","max-video-preview":"max-video-preview:-1"},"canonical":"https:\/\/choosecornwall.ca\/fr\/living-fr\/magasins\/","twitter_card":"summary_large_image","twitter_title":"Magasins - Choose Cornwall","twitter_description":"Magasinage Lorsque vient le temps de bien magasiner et de bien manger, la population de Cornwall trouve tout ce dont elle a besoin ici m\u00eame. En fait, les magasins et les restaurants de la ville attirent des gens de toute la r\u00e9gion, y compris de Montr\u00e9al. Vous aimerez la vari\u00e9t\u00e9 que proposent des d\u00e9taillants bien... Voir l'article","twitter_image":"https:\/\/choosecornwall.ca\/wp-content\/uploads\/2018\/06\/banner-living-shopping.jpg","twitter_misc":{"Est. reading time":"2 minutes"},"schema":{"@context":"https:\/\/schema.org","@graph":[{"@type":"WebPage","@id":"https:\/\/choosecornwall.ca\/fr\/living-fr\/magasins\/","url":"https:\/\/choosecornwall.ca\/fr\/living-fr\/magasins\/","name":"Magasins - Choose Cornwall","isPartOf":{"@id":"https:\/\/choosecornwall.ca\/#website"},"primaryImageOfPage":{"@id":"https:\/\/choosecornwall.ca\/fr\/living-fr\/magasins\/#primaryimage"},"image":{"@id":"https:\/\/choosecornwall.ca\/fr\/living-fr\/magasins\/#primaryimage"},"thumbnailUrl":"https:\/\/choosecornwall.ca\/wp-content\/uploads\/2018\/06\/banner-living-shopping.jpg","datePublished":"2018-06-22T19:27:32+00:00","dateModified":"2019-05-27T18:54:07+00:00","breadcrumb":{"@id":"https:\/\/choosecornwall.ca\/fr\/living-fr\/magasins\/#breadcrumb"},"inLanguage":"fr-FR","potentialAction":[{"@type":"ReadAction","target":["https:\/\/choosecornwall.ca\/fr\/living-fr\/magasins\/"]}]},{"@type":"ImageObject","inLanguage":"fr-FR","@id":"https:\/\/choosecornwall.ca\/fr\/living-fr\/magasins\/#primaryimage","url":"https:\/\/choosecornwall.ca\/wp-content\/uploads\/2018\/06\/banner-living-shopping.jpg","contentUrl":"https:\/\/choosecornwall.ca\/wp-content\/uploads\/2018\/06\/banner-living-shopping.jpg","width":970,"height":340},{"@type":"BreadcrumbList","@id":"https:\/\/choosecornwall.ca\/fr\/living-fr\/magasins\/#breadcrumb","itemListElement":[{"@type":"ListItem","position":1,"name":"Home","item":"https:\/\/choosecornwall.ca\/fr\/"},{"@type":"ListItem","position":2,"name":"Vivre ici","item":"https:\/\/choosecornwall.ca\/fr\/living-fr\/"},{"@type":"ListItem","position":3,"name":"Magasins"}]},{"@type":"WebSite","@id":"https:\/\/choosecornwall.ca\/#website","url":"https:\/\/choosecornwall.ca\/","name":"Choose Cornwall","description":"Cornwall Economic Development","potentialAction":[{"@type":"SearchAction","target":{"@type":"EntryPoint","urlTemplate":"https:\/\/choosecornwall.ca\/?s={search_term_string}"},"query-input":{"@type":"PropertyValueSpecification","valueRequired":true,"valueName":"search_term_string"}}],"inLanguage":"fr-FR"}]}},"_links":{"self":[{"href":"https:\/\/choosecornwall.ca\/fr\/wp-json\/wp\/v2\/pages\/3655","targetHints":{"allow":["GET"]}}],"collection":[{"href":"https:\/\/choosecornwall.ca\/fr\/wp-json\/wp\/v2\/pages"}],"about":[{"href":"https:\/\/choosecornwall.ca\/fr\/wp-json\/wp\/v2\/types\/page"}],"author":[{"embeddable":true,"href":"https:\/\/choosecornwall.ca\/fr\/wp-json\/wp\/v2\/users\/3"}],"replies":[{"embeddable":true,"href":"https:\/\/choosecornwall.ca\/fr\/wp-json\/wp\/v2\/comments?post=3655"}],"version-history":[{"count":0,"href":"https:\/\/choosecornwall.ca\/fr\/wp-json\/wp\/v2\/pages\/3655\/revisions"}],"up":[{"embeddable":true,"href":"https:\/\/choosecornwall.ca\/fr\/wp-json\/wp\/v2\/pages\/3597"}],"wp:featuredmedia":[{"embeddable":true,"href":"https:\/\/choosecornwall.ca\/fr\/wp-json\/wp\/v2\/media\/3556"}],"wp:attachment":[{"href":"https:\/\/choosecornwall.ca\/fr\/wp-json\/wp\/v2\/media?parent=3655"}],"curies":[{"name":"wp","href":"https:\/\/api.w.org\/{rel}","templated":true}]}}