{"id":3767,"date":"2018-06-25T09:39:08","date_gmt":"2018-06-25T13:39:08","guid":{"rendered":"http:\/\/choosecornwall.ca\/living-fr\/immigration\/"},"modified":"2020-01-16T17:43:22","modified_gmt":"2020-01-16T22:43:22","slug":"immigration","status":"publish","type":"page","link":"https:\/\/choosecornwall.ca\/fr\/living-fr\/immigration\/","title":{"rendered":"Immigration"},"content":{"rendered":"<h2><strong>Bienvenue au Canada \u2013 Bienvenue \u00e0 Cornwall!<\/strong><\/h2>\n<p>Se refaire une vie dans une nouvelle ville n\u2019est pas toujours facile, surtout lorsque l\u2019on vient d\u2019un autre pays et d\u2019une autre culture.<\/p>\n<p>Heureusement, Cornwall est une ville moderne, offrant de nombreux agr\u00e9ments, dont les r\u00e9sidents sont extr\u00eamement accueillants et sympathiques.\u00a0Nous avons cr\u00e9\u00e9 un site\u00a0<a href=\"http:\/\/immigrationcornwall.ca\/\" target=\"_blank\" rel=\"noopener noreferrer\">web sur l&rsquo;immigration<\/a>\u00a0contenant une foule de renseignements sur le fait de vivre et de travailler \u00e0 Cornwall, sans compter des liens menant vers une gamme d&rsquo;organismes pouvant vous offrir de l&rsquo;aide.<\/p>\n<p>Vous pouvez \u00e9galement demander une <em>Trousse de bienvenue<\/em> gratuite, qui comprend un guide des programmes et services municipaux, un guide des carri\u00e8res, des magazines et bien d\u2019autres choses encore!\u00a0 La trousse de bienvenue est id\u00e9ale pour vous aider \u00e0 vous installer \u00e0 Cornwall. Vous pouvez demander une trousse gratuite via notre page <a href=\"https:\/\/choosecornwall.ca\/fr\/contact-fr\/\" target=\"_blank\" rel=\"noopener noreferrer\">Demande d\u2019Infos<\/a>.<\/p>\n<p><strong>Projet pilote de l&rsquo;Ontario pour l&rsquo;immigration dans les r\u00e9gions<\/strong><\/p>\n<p>La ville de Cornwall fait partie d\u2019un projet pilote de l&rsquo;Ontario pour l&rsquo;immigration dans les r\u00e9gions de deux ans qui int\u00e9ressera les personnes cherchant \u00e0 devenir r\u00e9sidentes permanentes. Si vous \u00eates admissible \u00e0 l\u2019un des volets de l\u2019offre d\u2019emploi de l\u2019employeur du Programme Ontarien des Candidats \u00e0 l\u2019Immigration et que votre offre d\u2019emploi \u00e0 temps plein provient d\u2019un employeur situ\u00e9 dans la r\u00e9gion admissible de Cornwall, vous serez alors peut-\u00eatre admissible au projet pilote. Le projet pilote fait partie du POCI, qui permet aux travailleurs \u00e9trangers, aux \u00e9tudiants \u00e9trangers et \u00e0 d\u2019autres personnes poss\u00e9dant les comp\u00e9tences, l\u2019exp\u00e9rience et la formation n\u00e9cessaires, de pr\u00e9senter une demande de d\u00e9signation de r\u00e9sident permanent en Ontario.<\/p>\n<p>Vous pourrez en apprendre davantage gr\u00e2ce \u00e0 cette <a href=\"https:\/\/choosecornwall.ca\/wp-content\/uploads\/2020\/01\/OINP-Cornwall-Info-Sheet.pdf\">fiche d\u2019information<\/a>.<\/p>\n<h3><strong>Obtenir un emploi<\/strong><\/h3>\n<p>Des\u00a0<a href=\"https:\/\/choosecornwall.ca\/fr\/jobs-fr\/\" target=\"_blank\" rel=\"noopener noreferrer\">Occasions d&#8217;emploi<\/a>\u00a0sont affich\u00e9es sur ce site Web d\u00e8s qu&rsquo;elles sont du domaine public. Consultez-le souvent et cr\u00e9ez un signet !<\/p>\n<h3><strong>Aide additionnelle<\/strong><\/h3>\n<p><a href=\"http:\/\/www.servicesauximmigrantstrl.ca\/\" target=\"_blank\" rel=\"noopener noreferrer\">Services aux immigrants, TR Leger<\/a>\u00a0constitue une ressource utile pour les nouveaux arrivants et leur offre un \u00e9ventail de services et de conseils.<\/p>\n<p>Le\u00a0<a href=\"http:\/\/www.5eo.ca\/\" target=\"_blank\" rel=\"noopener noreferrer\">Partenariat local en mati\u00e8re d\u2019immigration (PLI) pour les 5 comt\u00e9s de l\u2019Est ontarien<\/a>\u00a0travaille avec les immigrants, les organismes communautaires et les entreprises locales pour offrir un accueil chaleureux aux nouveaux arrivants.<\/p>\n<h3><strong>D\u00e9marrer une entreprise<\/strong><\/h3>\n<p>De nombreux nouveaux arrivants poss\u00e8dent la motivation et l\u2019exp\u00e9rience pour devenir entrepreneurs prosp\u00e8res. Si le d\u00e9marrage d\u2019une petite entreprise vous int\u00e9resse, nous vous conseillons de visiter le\u00a0<a href=\"http:\/\/businessenterprisecentre.ca\/fr\/\" target=\"_blank\" rel=\"noopener noreferrer\">Centre d\u2019affaires Cornwall<\/a>. Le personnel du centre offre des consultations gratuites et peut vous aider \u00e0 m\u00e9nager le processus d\u2019enregistrement de votre nouvelle entreprise.<\/p>\n","protected":false},"excerpt":{"rendered":"Bienvenue au Canada \u2013 Bienvenue \u00e0 Cornwall! Se refaire une vie dans une nouvelle ville n\u2019est pas toujours facile, surtout lorsque l\u2019on vient d\u2019un autre pays et d\u2019une autre culture. Heureusement, Cornwall est une ville moderne, offrant de nombreux agr\u00e9ments, dont les r\u00e9sidents sont extr\u00eamement accueillants et sympathiques.\u00a0Nous avons cr\u00e9\u00e9 un site\u00a0web sur l&rsquo;immigration\u00a0contenant une&#8230; <a class=\"view-article\" href=\"https:\/\/choosecornwall.ca\/fr\/living-fr\/immigration\/\">Voir l&rsquo;article<\/a>","protected":false},"author":3,"featured_media":7693,"parent":3597,"menu_order":0,"comment_status":"closed","ping_status":"closed","template":"","meta":{"_acf_changed":false,"inline_featured_image":false,"footnotes":""},"class_list":["post-3767","page","type-page","status-publish","has-post-thumbnail","hentry"],"acf":[],"yoast_head":"<!-- This site is optimized with the Yoast SEO plugin v27.3 - https:\/\/yoast.com\/product\/yoast-seo-wordpress\/ -->\n<title>Immigration - Choose Cornwall<\/title>\n<meta name=\"robots\" content=\"index, follow, max-snippet:-1, max-image-preview:large, max-video-preview:-1\" \/>\n<link rel=\"canonical\" href=\"https:\/\/choosecornwall.ca\/fr\/living-fr\/immigration\/\" \/>\n<meta name=\"twitter:card\" content=\"summary_large_image\" \/>\n<meta name=\"twitter:title\" content=\"Immigration - Choose Cornwall\" \/>\n<meta name=\"twitter:description\" content=\"Bienvenue au Canada \u2013 Bienvenue \u00e0 Cornwall! Se refaire une vie dans une nouvelle ville n\u2019est pas toujours facile, surtout lorsque l\u2019on vient d\u2019un autre pays et d\u2019une autre culture. Heureusement, Cornwall est une ville moderne, offrant de nombreux agr\u00e9ments, dont les r\u00e9sidents sont extr\u00eamement accueillants et sympathiques.\u00a0Nous avons cr\u00e9\u00e9 un site\u00a0web sur l&rsquo;immigration\u00a0contenant une... Voir l&#039;article\" \/>\n<meta name=\"twitter:image\" content=\"https:\/\/choosecornwall.ca\/wp-content\/uploads\/2018\/06\/banner-living-immigration.jpg\" \/>\n<meta name=\"twitter:label1\" content=\"Est. reading time\" \/>\n\t<meta name=\"twitter:data1\" content=\"2 minutes\" \/>\n<script type=\"application\/ld+json\" class=\"yoast-schema-graph\">{\"@context\":\"https:\\\/\\\/schema.org\",\"@graph\":[{\"@type\":\"WebPage\",\"@id\":\"https:\\\/\\\/choosecornwall.ca\\\/fr\\\/living-fr\\\/immigration\\\/\",\"url\":\"https:\\\/\\\/choosecornwall.ca\\\/fr\\\/living-fr\\\/immigration\\\/\",\"name\":\"Immigration - Choose Cornwall\",\"isPartOf\":{\"@id\":\"https:\\\/\\\/choosecornwall.ca\\\/#website\"},\"primaryImageOfPage\":{\"@id\":\"https:\\\/\\\/choosecornwall.ca\\\/fr\\\/living-fr\\\/immigration\\\/#primaryimage\"},\"image\":{\"@id\":\"https:\\\/\\\/choosecornwall.ca\\\/fr\\\/living-fr\\\/immigration\\\/#primaryimage\"},\"thumbnailUrl\":\"https:\\\/\\\/choosecornwall.ca\\\/wp-content\\\/uploads\\\/2018\\\/06\\\/banner-living-immigration.jpg\",\"datePublished\":\"2018-06-25T13:39:08+00:00\",\"dateModified\":\"2020-01-16T22:43:22+00:00\",\"breadcrumb\":{\"@id\":\"https:\\\/\\\/choosecornwall.ca\\\/fr\\\/living-fr\\\/immigration\\\/#breadcrumb\"},\"inLanguage\":\"fr-FR\",\"potentialAction\":[{\"@type\":\"ReadAction\",\"target\":[\"https:\\\/\\\/choosecornwall.ca\\\/fr\\\/living-fr\\\/immigration\\\/\"]}]},{\"@type\":\"ImageObject\",\"inLanguage\":\"fr-FR\",\"@id\":\"https:\\\/\\\/choosecornwall.ca\\\/fr\\\/living-fr\\\/immigration\\\/#primaryimage\",\"url\":\"https:\\\/\\\/choosecornwall.ca\\\/wp-content\\\/uploads\\\/2018\\\/06\\\/banner-living-immigration.jpg\",\"contentUrl\":\"https:\\\/\\\/choosecornwall.ca\\\/wp-content\\\/uploads\\\/2018\\\/06\\\/banner-living-immigration.jpg\",\"width\":970,\"height\":340},{\"@type\":\"BreadcrumbList\",\"@id\":\"https:\\\/\\\/choosecornwall.ca\\\/fr\\\/living-fr\\\/immigration\\\/#breadcrumb\",\"itemListElement\":[{\"@type\":\"ListItem\",\"position\":1,\"name\":\"Home\",\"item\":\"https:\\\/\\\/choosecornwall.ca\\\/fr\\\/\"},{\"@type\":\"ListItem\",\"position\":2,\"name\":\"Vivre ici\",\"item\":\"https:\\\/\\\/choosecornwall.ca\\\/fr\\\/living-fr\\\/\"},{\"@type\":\"ListItem\",\"position\":3,\"name\":\"Immigration\"}]},{\"@type\":\"WebSite\",\"@id\":\"https:\\\/\\\/choosecornwall.ca\\\/#website\",\"url\":\"https:\\\/\\\/choosecornwall.ca\\\/\",\"name\":\"Choose Cornwall\",\"description\":\"Cornwall Economic Development\",\"potentialAction\":[{\"@type\":\"SearchAction\",\"target\":{\"@type\":\"EntryPoint\",\"urlTemplate\":\"https:\\\/\\\/choosecornwall.ca\\\/?s={search_term_string}\"},\"query-input\":{\"@type\":\"PropertyValueSpecification\",\"valueRequired\":true,\"valueName\":\"search_term_string\"}}],\"inLanguage\":\"fr-FR\"}]}<\/script>\n<!-- \/ Yoast SEO plugin. -->","yoast_head_json":{"title":"Immigration - Choose Cornwall","robots":{"index":"index","follow":"follow","max-snippet":"max-snippet:-1","max-image-preview":"max-image-preview:large","max-video-preview":"max-video-preview:-1"},"canonical":"https:\/\/choosecornwall.ca\/fr\/living-fr\/immigration\/","twitter_card":"summary_large_image","twitter_title":"Immigration - Choose Cornwall","twitter_description":"Bienvenue au Canada \u2013 Bienvenue \u00e0 Cornwall! Se refaire une vie dans une nouvelle ville n\u2019est pas toujours facile, surtout lorsque l\u2019on vient d\u2019un autre pays et d\u2019une autre culture. Heureusement, Cornwall est une ville moderne, offrant de nombreux agr\u00e9ments, dont les r\u00e9sidents sont extr\u00eamement accueillants et sympathiques.\u00a0Nous avons cr\u00e9\u00e9 un site\u00a0web sur l&rsquo;immigration\u00a0contenant une... Voir l'article","twitter_image":"https:\/\/choosecornwall.ca\/wp-content\/uploads\/2018\/06\/banner-living-immigration.jpg","twitter_misc":{"Est. reading time":"2 minutes"},"schema":{"@context":"https:\/\/schema.org","@graph":[{"@type":"WebPage","@id":"https:\/\/choosecornwall.ca\/fr\/living-fr\/immigration\/","url":"https:\/\/choosecornwall.ca\/fr\/living-fr\/immigration\/","name":"Immigration - Choose Cornwall","isPartOf":{"@id":"https:\/\/choosecornwall.ca\/#website"},"primaryImageOfPage":{"@id":"https:\/\/choosecornwall.ca\/fr\/living-fr\/immigration\/#primaryimage"},"image":{"@id":"https:\/\/choosecornwall.ca\/fr\/living-fr\/immigration\/#primaryimage"},"thumbnailUrl":"https:\/\/choosecornwall.ca\/wp-content\/uploads\/2018\/06\/banner-living-immigration.jpg","datePublished":"2018-06-25T13:39:08+00:00","dateModified":"2020-01-16T22:43:22+00:00","breadcrumb":{"@id":"https:\/\/choosecornwall.ca\/fr\/living-fr\/immigration\/#breadcrumb"},"inLanguage":"fr-FR","potentialAction":[{"@type":"ReadAction","target":["https:\/\/choosecornwall.ca\/fr\/living-fr\/immigration\/"]}]},{"@type":"ImageObject","inLanguage":"fr-FR","@id":"https:\/\/choosecornwall.ca\/fr\/living-fr\/immigration\/#primaryimage","url":"https:\/\/choosecornwall.ca\/wp-content\/uploads\/2018\/06\/banner-living-immigration.jpg","contentUrl":"https:\/\/choosecornwall.ca\/wp-content\/uploads\/2018\/06\/banner-living-immigration.jpg","width":970,"height":340},{"@type":"BreadcrumbList","@id":"https:\/\/choosecornwall.ca\/fr\/living-fr\/immigration\/#breadcrumb","itemListElement":[{"@type":"ListItem","position":1,"name":"Home","item":"https:\/\/choosecornwall.ca\/fr\/"},{"@type":"ListItem","position":2,"name":"Vivre ici","item":"https:\/\/choosecornwall.ca\/fr\/living-fr\/"},{"@type":"ListItem","position":3,"name":"Immigration"}]},{"@type":"WebSite","@id":"https:\/\/choosecornwall.ca\/#website","url":"https:\/\/choosecornwall.ca\/","name":"Choose Cornwall","description":"Cornwall Economic Development","potentialAction":[{"@type":"SearchAction","target":{"@type":"EntryPoint","urlTemplate":"https:\/\/choosecornwall.ca\/?s={search_term_string}"},"query-input":{"@type":"PropertyValueSpecification","valueRequired":true,"valueName":"search_term_string"}}],"inLanguage":"fr-FR"}]}},"_links":{"self":[{"href":"https:\/\/choosecornwall.ca\/fr\/wp-json\/wp\/v2\/pages\/3767","targetHints":{"allow":["GET"]}}],"collection":[{"href":"https:\/\/choosecornwall.ca\/fr\/wp-json\/wp\/v2\/pages"}],"about":[{"href":"https:\/\/choosecornwall.ca\/fr\/wp-json\/wp\/v2\/types\/page"}],"author":[{"embeddable":true,"href":"https:\/\/choosecornwall.ca\/fr\/wp-json\/wp\/v2\/users\/3"}],"replies":[{"embeddable":true,"href":"https:\/\/choosecornwall.ca\/fr\/wp-json\/wp\/v2\/comments?post=3767"}],"version-history":[{"count":0,"href":"https:\/\/choosecornwall.ca\/fr\/wp-json\/wp\/v2\/pages\/3767\/revisions"}],"up":[{"embeddable":true,"href":"https:\/\/choosecornwall.ca\/fr\/wp-json\/wp\/v2\/pages\/3597"}],"wp:featuredmedia":[{"embeddable":true,"href":"https:\/\/choosecornwall.ca\/fr\/wp-json\/wp\/v2\/media\/7693"}],"wp:attachment":[{"href":"https:\/\/choosecornwall.ca\/fr\/wp-json\/wp\/v2\/media?parent=3767"}],"curies":[{"name":"wp","href":"https:\/\/api.w.org\/{rel}","templated":true}]}}