{"id":3773,"date":"2018-06-25T09:53:38","date_gmt":"2018-06-25T13:53:38","guid":{"rendered":"http:\/\/choosecornwall.ca\/avantages-de-lemplacement\/"},"modified":"2018-11-27T13:57:31","modified_gmt":"2018-11-27T18:57:31","slug":"avantages-de-lemplacement","status":"publish","type":"page","link":"https:\/\/choosecornwall.ca\/fr\/affaires\/avantages-de-lemplacement\/","title":{"rendered":"Avantages de l&#8217;emplacement"},"content":{"rendered":"<h2>Tout est dans l&#8217;emplacement!<\/h2>\n<p>S\u2019ils avaient \u00e0 choisir un endroit n\u2019importe o\u00f9 au monde pour faire des affaires, la plupart des chefs de la direction placeraient l\u2019Am\u00e9rique du Nord en t\u00eate de liste, en raison de sa main-d\u2019\u0153uvre instruite et exp\u00e9riment\u00e9e, de son acc\u00e8s \u00e0 des r\u00e9seaux de transport et technologiques, de son\u00a0<a title=\"Infrastructure\" href=\"https:\/\/choosecornwall.ca\/fr\/affaires\/infrastructure\/\">infrastructure bien \u00e9tablie<\/a>\u00a0et de la stabilit\u00e9 de son \u00e9conomie.<\/p>\n<p>Selon des \u00e9tudes, le Canada offre de nombreux avantages aux chapitres des co\u00fbts et de la qualit\u00e9 de vie, tandis que l\u2019Ontario \u2014 en particulier le corridor de l\u2019autoroute 401 \u2014 repr\u00e9sente le premier choix de la plupart des investisseurs.<\/p>\n<p>Cornwall b\u00e9n\u00e9ficie d\u2019un emplacement strat\u00e9gique sur l\u2019autoroute 401, entre Toronto et Montr\u00e9al, tout juste \u00e0 une heure de route au sud-est d\u2019Ottawa, capitale du Canada. Gr\u00e2ce \u00e0 ce r\u00e9seau de transport crucial, les entreprises de Cornwall peuvent exp\u00e9dier des produits efficacement et d\u2019une mani\u00e8re rentable n\u2019importe o\u00f9 en Am\u00e9rique du Nord, y compris vers les ports de chargement internationaux.<\/p>\n<p>C\u2019est ce qui explique sans doute pourquoi l\u2019un des entrep\u00f4ts logistiques les plus grands et les plus perfectionn\u00e9s du Canada se trouve \u00e0 Cornwall, tirant ainsi parti des r\u00e9seaux nationaux d\u2019exp\u00e9dition par voie terrestre et ferroviaire.<\/p>\n<p>Non seulement Cornwall constitue-t-elle un \u00e9l\u00e9ment du r\u00e9seau de transport le plus important du Canada, elle repr\u00e9sente aussi un n\u0153ud crucial, avec son poste frontalier qui m\u00e8ne \u00e0 l\u2019\u00c9tat de New York.<\/p>\n<p>Notre emplacement strat\u00e9gique procure \u00e0 nos entreprises des avantages qui ne se limitent pas \u00e0 la circulation des marchandises. Il est facile de se\u00a0<a title=\"Directions\" href=\"https:\/\/choosecornwall.ca\/fr\/contact-fr\/\">rendre \u00e0 Cornwall<\/a> en voiture, en train, en bateau ou en avion. Deux a\u00e9roports internationaux se trouvent \u00e0 proximit\u00e9 et Cornwall constitue une \u00e9tape importante du service ferroviaire de passagers de VIA. Ainsi, les gens d\u2019ici peuvent entrer en relations avec des gens de partout au monde.<\/p>\n<p>Enfin, comme la qualit\u00e9 de vie continue de se situer au sommet de la liste de la plupart des s\u00e9lectionneurs d\u2019emplacements, la situation de Cornwall le long du majestueux Saint-Laurent constitue un atout suppl\u00e9mentaire. Que ce soit pour une marche dans l\u2019un des parcs riverains ou une balade sur le fleuve, Cornwall offre l\u2019un des cadres les plus naturels d\u2019Ontario. Cela dit, les gens disposent aussi d\u2019un acc\u00e8s rapide \u00e0 une culture urbaine dynamique et \u00e0 des divertissements de calibre mondial ici m\u00eame et \u00e0 peine un peu plus loin, \u00e0 Ottawa ou Montr\u00e9al.<\/p>\n","protected":false},"excerpt":{"rendered":"Tout est dans l&#8217;emplacement! S\u2019ils avaient \u00e0 choisir un endroit n\u2019importe o\u00f9 au monde pour faire des affaires, la plupart des chefs de la direction placeraient l\u2019Am\u00e9rique du Nord en t\u00eate de liste, en raison de sa main-d\u2019\u0153uvre instruite et exp\u00e9riment\u00e9e, de son acc\u00e8s \u00e0 des r\u00e9seaux de transport et technologiques, de son\u00a0infrastructure bien \u00e9tablie\u00a0et&#8230; <a class=\"view-article\" href=\"https:\/\/choosecornwall.ca\/fr\/affaires\/avantages-de-lemplacement\/\">Voir l&rsquo;article<\/a>","protected":false},"author":3,"featured_media":3493,"parent":3777,"menu_order":0,"comment_status":"closed","ping_status":"closed","template":"","meta":{"_acf_changed":false,"inline_featured_image":false,"footnotes":""},"class_list":["post-3773","page","type-page","status-publish","has-post-thumbnail","hentry"],"acf":[],"yoast_head":"<!-- This site is optimized with the Yoast SEO plugin v27.3 - https:\/\/yoast.com\/product\/yoast-seo-wordpress\/ -->\n<title>Avantages de l&#039;emplacement - Choose Cornwall<\/title>\n<meta name=\"robots\" content=\"index, follow, max-snippet:-1, max-image-preview:large, max-video-preview:-1\" \/>\n<link rel=\"canonical\" href=\"https:\/\/choosecornwall.ca\/fr\/affaires\/avantages-de-lemplacement\/\" \/>\n<meta name=\"twitter:card\" content=\"summary_large_image\" \/>\n<meta name=\"twitter:title\" content=\"Avantages de l&#039;emplacement - Choose Cornwall\" \/>\n<meta name=\"twitter:description\" content=\"Tout est dans l&#8217;emplacement! S\u2019ils avaient \u00e0 choisir un endroit n\u2019importe o\u00f9 au monde pour faire des affaires, la plupart des chefs de la direction placeraient l\u2019Am\u00e9rique du Nord en t\u00eate de liste, en raison de sa main-d\u2019\u0153uvre instruite et exp\u00e9riment\u00e9e, de son acc\u00e8s \u00e0 des r\u00e9seaux de transport et technologiques, de son\u00a0infrastructure bien \u00e9tablie\u00a0et... Voir l&#039;article\" \/>\n<meta name=\"twitter:image\" content=\"https:\/\/choosecornwall.ca\/wp-content\/uploads\/2018\/06\/banner-business-location-advantages.jpg\" \/>\n<meta name=\"twitter:label1\" content=\"Est. reading time\" \/>\n\t<meta name=\"twitter:data1\" content=\"2 minutes\" \/>\n<script type=\"application\/ld+json\" class=\"yoast-schema-graph\">{\"@context\":\"https:\\\/\\\/schema.org\",\"@graph\":[{\"@type\":\"WebPage\",\"@id\":\"https:\\\/\\\/choosecornwall.ca\\\/fr\\\/affaires\\\/avantages-de-lemplacement\\\/\",\"url\":\"https:\\\/\\\/choosecornwall.ca\\\/fr\\\/affaires\\\/avantages-de-lemplacement\\\/\",\"name\":\"Avantages de l'emplacement - Choose Cornwall\",\"isPartOf\":{\"@id\":\"https:\\\/\\\/choosecornwall.ca\\\/#website\"},\"primaryImageOfPage\":{\"@id\":\"https:\\\/\\\/choosecornwall.ca\\\/fr\\\/affaires\\\/avantages-de-lemplacement\\\/#primaryimage\"},\"image\":{\"@id\":\"https:\\\/\\\/choosecornwall.ca\\\/fr\\\/affaires\\\/avantages-de-lemplacement\\\/#primaryimage\"},\"thumbnailUrl\":\"https:\\\/\\\/choosecornwall.ca\\\/wp-content\\\/uploads\\\/2018\\\/06\\\/banner-business-location-advantages.jpg\",\"datePublished\":\"2018-06-25T13:53:38+00:00\",\"dateModified\":\"2018-11-27T18:57:31+00:00\",\"breadcrumb\":{\"@id\":\"https:\\\/\\\/choosecornwall.ca\\\/fr\\\/affaires\\\/avantages-de-lemplacement\\\/#breadcrumb\"},\"inLanguage\":\"fr-FR\",\"potentialAction\":[{\"@type\":\"ReadAction\",\"target\":[\"https:\\\/\\\/choosecornwall.ca\\\/fr\\\/affaires\\\/avantages-de-lemplacement\\\/\"]}]},{\"@type\":\"ImageObject\",\"inLanguage\":\"fr-FR\",\"@id\":\"https:\\\/\\\/choosecornwall.ca\\\/fr\\\/affaires\\\/avantages-de-lemplacement\\\/#primaryimage\",\"url\":\"https:\\\/\\\/choosecornwall.ca\\\/wp-content\\\/uploads\\\/2018\\\/06\\\/banner-business-location-advantages.jpg\",\"contentUrl\":\"https:\\\/\\\/choosecornwall.ca\\\/wp-content\\\/uploads\\\/2018\\\/06\\\/banner-business-location-advantages.jpg\",\"width\":970,\"height\":340},{\"@type\":\"BreadcrumbList\",\"@id\":\"https:\\\/\\\/choosecornwall.ca\\\/fr\\\/affaires\\\/avantages-de-lemplacement\\\/#breadcrumb\",\"itemListElement\":[{\"@type\":\"ListItem\",\"position\":1,\"name\":\"Home\",\"item\":\"https:\\\/\\\/choosecornwall.ca\\\/fr\\\/\"},{\"@type\":\"ListItem\",\"position\":2,\"name\":\"Affaires\",\"item\":\"https:\\\/\\\/choosecornwall.ca\\\/fr\\\/affaires\\\/\"},{\"@type\":\"ListItem\",\"position\":3,\"name\":\"Avantages de l&#8217;emplacement\"}]},{\"@type\":\"WebSite\",\"@id\":\"https:\\\/\\\/choosecornwall.ca\\\/#website\",\"url\":\"https:\\\/\\\/choosecornwall.ca\\\/\",\"name\":\"Choose Cornwall\",\"description\":\"Cornwall Economic Development\",\"potentialAction\":[{\"@type\":\"SearchAction\",\"target\":{\"@type\":\"EntryPoint\",\"urlTemplate\":\"https:\\\/\\\/choosecornwall.ca\\\/?s={search_term_string}\"},\"query-input\":{\"@type\":\"PropertyValueSpecification\",\"valueRequired\":true,\"valueName\":\"search_term_string\"}}],\"inLanguage\":\"fr-FR\"}]}<\/script>\n<!-- \/ Yoast SEO plugin. -->","yoast_head_json":{"title":"Avantages de l'emplacement - Choose Cornwall","robots":{"index":"index","follow":"follow","max-snippet":"max-snippet:-1","max-image-preview":"max-image-preview:large","max-video-preview":"max-video-preview:-1"},"canonical":"https:\/\/choosecornwall.ca\/fr\/affaires\/avantages-de-lemplacement\/","twitter_card":"summary_large_image","twitter_title":"Avantages de l'emplacement - Choose Cornwall","twitter_description":"Tout est dans l&#8217;emplacement! S\u2019ils avaient \u00e0 choisir un endroit n\u2019importe o\u00f9 au monde pour faire des affaires, la plupart des chefs de la direction placeraient l\u2019Am\u00e9rique du Nord en t\u00eate de liste, en raison de sa main-d\u2019\u0153uvre instruite et exp\u00e9riment\u00e9e, de son acc\u00e8s \u00e0 des r\u00e9seaux de transport et technologiques, de son\u00a0infrastructure bien \u00e9tablie\u00a0et... Voir l'article","twitter_image":"https:\/\/choosecornwall.ca\/wp-content\/uploads\/2018\/06\/banner-business-location-advantages.jpg","twitter_misc":{"Est. reading time":"2 minutes"},"schema":{"@context":"https:\/\/schema.org","@graph":[{"@type":"WebPage","@id":"https:\/\/choosecornwall.ca\/fr\/affaires\/avantages-de-lemplacement\/","url":"https:\/\/choosecornwall.ca\/fr\/affaires\/avantages-de-lemplacement\/","name":"Avantages de l'emplacement - Choose Cornwall","isPartOf":{"@id":"https:\/\/choosecornwall.ca\/#website"},"primaryImageOfPage":{"@id":"https:\/\/choosecornwall.ca\/fr\/affaires\/avantages-de-lemplacement\/#primaryimage"},"image":{"@id":"https:\/\/choosecornwall.ca\/fr\/affaires\/avantages-de-lemplacement\/#primaryimage"},"thumbnailUrl":"https:\/\/choosecornwall.ca\/wp-content\/uploads\/2018\/06\/banner-business-location-advantages.jpg","datePublished":"2018-06-25T13:53:38+00:00","dateModified":"2018-11-27T18:57:31+00:00","breadcrumb":{"@id":"https:\/\/choosecornwall.ca\/fr\/affaires\/avantages-de-lemplacement\/#breadcrumb"},"inLanguage":"fr-FR","potentialAction":[{"@type":"ReadAction","target":["https:\/\/choosecornwall.ca\/fr\/affaires\/avantages-de-lemplacement\/"]}]},{"@type":"ImageObject","inLanguage":"fr-FR","@id":"https:\/\/choosecornwall.ca\/fr\/affaires\/avantages-de-lemplacement\/#primaryimage","url":"https:\/\/choosecornwall.ca\/wp-content\/uploads\/2018\/06\/banner-business-location-advantages.jpg","contentUrl":"https:\/\/choosecornwall.ca\/wp-content\/uploads\/2018\/06\/banner-business-location-advantages.jpg","width":970,"height":340},{"@type":"BreadcrumbList","@id":"https:\/\/choosecornwall.ca\/fr\/affaires\/avantages-de-lemplacement\/#breadcrumb","itemListElement":[{"@type":"ListItem","position":1,"name":"Home","item":"https:\/\/choosecornwall.ca\/fr\/"},{"@type":"ListItem","position":2,"name":"Affaires","item":"https:\/\/choosecornwall.ca\/fr\/affaires\/"},{"@type":"ListItem","position":3,"name":"Avantages de l&#8217;emplacement"}]},{"@type":"WebSite","@id":"https:\/\/choosecornwall.ca\/#website","url":"https:\/\/choosecornwall.ca\/","name":"Choose Cornwall","description":"Cornwall Economic Development","potentialAction":[{"@type":"SearchAction","target":{"@type":"EntryPoint","urlTemplate":"https:\/\/choosecornwall.ca\/?s={search_term_string}"},"query-input":{"@type":"PropertyValueSpecification","valueRequired":true,"valueName":"search_term_string"}}],"inLanguage":"fr-FR"}]}},"_links":{"self":[{"href":"https:\/\/choosecornwall.ca\/fr\/wp-json\/wp\/v2\/pages\/3773","targetHints":{"allow":["GET"]}}],"collection":[{"href":"https:\/\/choosecornwall.ca\/fr\/wp-json\/wp\/v2\/pages"}],"about":[{"href":"https:\/\/choosecornwall.ca\/fr\/wp-json\/wp\/v2\/types\/page"}],"author":[{"embeddable":true,"href":"https:\/\/choosecornwall.ca\/fr\/wp-json\/wp\/v2\/users\/3"}],"replies":[{"embeddable":true,"href":"https:\/\/choosecornwall.ca\/fr\/wp-json\/wp\/v2\/comments?post=3773"}],"version-history":[{"count":0,"href":"https:\/\/choosecornwall.ca\/fr\/wp-json\/wp\/v2\/pages\/3773\/revisions"}],"up":[{"embeddable":true,"href":"https:\/\/choosecornwall.ca\/fr\/wp-json\/wp\/v2\/pages\/3777"}],"wp:featuredmedia":[{"embeddable":true,"href":"https:\/\/choosecornwall.ca\/fr\/wp-json\/wp\/v2\/media\/3493"}],"wp:attachment":[{"href":"https:\/\/choosecornwall.ca\/fr\/wp-json\/wp\/v2\/media?parent=3773"}],"curies":[{"name":"wp","href":"https:\/\/api.w.org\/{rel}","templated":true}]}}