{"id":3777,"date":"2018-06-25T10:14:11","date_gmt":"2018-06-25T14:14:11","guid":{"rendered":"http:\/\/choosecornwall.ca\/business-fr\/"},"modified":"2018-12-07T14:48:08","modified_gmt":"2018-12-07T19:48:08","slug":"affaires","status":"publish","type":"page","link":"https:\/\/choosecornwall.ca\/fr\/affaires\/","title":{"rendered":"Affaires"},"content":{"rendered":"<p>Qu\u2019est-ce qui fait d\u2019une ville un milieu favorable aux affaires? Les r\u00e9ponses diff\u00e8rent selon les entreprises, mais toutes poss\u00e8dent des points communs\u00a0: l\u2019acc\u00e8s aux march\u00e9s, une main-d\u2019\u0153uvre disponible, le faible co\u00fbt des affaires et la riche qualit\u00e9 de vie. Cornwall se trouve \u00e0 la t\u00eate du peloton \u00e0 cet \u00e9gard.<\/p>\n<p>Cornwall est un endroit id\u00e9al pour les affaires parce qu\u2019elle procurera les meilleures chances de r\u00e9ussite \u00e0 votre entreprise, peu importe sa taille.<\/p>\n<p>Le succ\u00e8s peut se mesurer de nombreuses fa\u00e7ons, mais, dans le monde des affaires, il se r\u00e9sume habituellement par le r\u00e9sultat net. En vous \u00e9tablissant \u00e0 Cornwall, vous \u00e9conomiserez de l\u2019argent, que ce soit gr\u00e2ce \u00e0 des loyers plus faibles, \u00e0 une main-d\u2019\u0153uvre plus productive ou \u00e0 un acc\u00e8s plus rapide aux march\u00e9s. Tout cela d\u00e9bouche sur de meilleurs profits.<\/p>\n","protected":false},"excerpt":{"rendered":"Qu\u2019est-ce qui fait d\u2019une ville un milieu favorable aux affaires? Les r\u00e9ponses diff\u00e8rent selon les entreprises, mais toutes poss\u00e8dent des points communs\u00a0: l\u2019acc\u00e8s aux march\u00e9s, une main-d\u2019\u0153uvre disponible, le faible co\u00fbt des affaires et la riche qualit\u00e9 de vie. Cornwall se trouve \u00e0 la t\u00eate du peloton \u00e0 cet \u00e9gard. Cornwall est un endroit id\u00e9al&#8230; <a class=\"view-article\" href=\"https:\/\/choosecornwall.ca\/fr\/affaires\/\">Voir l&rsquo;article<\/a>","protected":false},"author":3,"featured_media":35464,"parent":0,"menu_order":0,"comment_status":"closed","ping_status":"closed","template":"template-parts\/template-landing.php","meta":{"_acf_changed":false,"inline_featured_image":false,"footnotes":""},"class_list":["post-3777","page","type-page","status-publish","has-post-thumbnail","hentry"],"acf":[],"yoast_head":"<!-- This site is optimized with the Yoast SEO plugin v27.3 - https:\/\/yoast.com\/product\/yoast-seo-wordpress\/ -->\n<title>Affaires - Choose Cornwall<\/title>\n<meta name=\"robots\" content=\"index, follow, max-snippet:-1, max-image-preview:large, max-video-preview:-1\" \/>\n<link rel=\"canonical\" href=\"https:\/\/choosecornwall.ca\/fr\/affaires\/\" \/>\n<meta name=\"twitter:card\" content=\"summary_large_image\" \/>\n<meta name=\"twitter:title\" content=\"Affaires - Choose Cornwall\" \/>\n<meta name=\"twitter:description\" content=\"Qu\u2019est-ce qui fait d\u2019une ville un milieu favorable aux affaires? Les r\u00e9ponses diff\u00e8rent selon les entreprises, mais toutes poss\u00e8dent des points communs\u00a0: l\u2019acc\u00e8s aux march\u00e9s, une main-d\u2019\u0153uvre disponible, le faible co\u00fbt des affaires et la riche qualit\u00e9 de vie. Cornwall se trouve \u00e0 la t\u00eate du peloton \u00e0 cet \u00e9gard. Cornwall est un endroit id\u00e9al... Voir l&#039;article\" \/>\n<meta name=\"twitter:image\" content=\"https:\/\/choosecornwall.ca\/wp-content\/uploads\/2018\/06\/banner-business-landing.jpg\" \/>\n<meta name=\"twitter:label1\" content=\"Est. reading time\" \/>\n\t<meta name=\"twitter:data1\" content=\"1 minute\" \/>\n<script type=\"application\/ld+json\" class=\"yoast-schema-graph\">{\"@context\":\"https:\\\/\\\/schema.org\",\"@graph\":[{\"@type\":\"WebPage\",\"@id\":\"https:\\\/\\\/choosecornwall.ca\\\/fr\\\/affaires\\\/\",\"url\":\"https:\\\/\\\/choosecornwall.ca\\\/fr\\\/affaires\\\/\",\"name\":\"Affaires - Choose Cornwall\",\"isPartOf\":{\"@id\":\"https:\\\/\\\/choosecornwall.ca\\\/#website\"},\"primaryImageOfPage\":{\"@id\":\"https:\\\/\\\/choosecornwall.ca\\\/fr\\\/affaires\\\/#primaryimage\"},\"image\":{\"@id\":\"https:\\\/\\\/choosecornwall.ca\\\/fr\\\/affaires\\\/#primaryimage\"},\"thumbnailUrl\":\"https:\\\/\\\/choosecornwall.ca\\\/wp-content\\\/uploads\\\/2026\\\/03\\\/Choose-Cornwall-Business-Banner.jpg\",\"datePublished\":\"2018-06-25T14:14:11+00:00\",\"dateModified\":\"2018-12-07T19:48:08+00:00\",\"breadcrumb\":{\"@id\":\"https:\\\/\\\/choosecornwall.ca\\\/fr\\\/affaires\\\/#breadcrumb\"},\"inLanguage\":\"fr-FR\",\"potentialAction\":[{\"@type\":\"ReadAction\",\"target\":[\"https:\\\/\\\/choosecornwall.ca\\\/fr\\\/affaires\\\/\"]}]},{\"@type\":\"ImageObject\",\"inLanguage\":\"fr-FR\",\"@id\":\"https:\\\/\\\/choosecornwall.ca\\\/fr\\\/affaires\\\/#primaryimage\",\"url\":\"https:\\\/\\\/choosecornwall.ca\\\/wp-content\\\/uploads\\\/2026\\\/03\\\/Choose-Cornwall-Business-Banner.jpg\",\"contentUrl\":\"https:\\\/\\\/choosecornwall.ca\\\/wp-content\\\/uploads\\\/2026\\\/03\\\/Choose-Cornwall-Business-Banner.jpg\",\"width\":1440,\"height\":540,\"caption\":\"Choose Cornwall Business\"},{\"@type\":\"BreadcrumbList\",\"@id\":\"https:\\\/\\\/choosecornwall.ca\\\/fr\\\/affaires\\\/#breadcrumb\",\"itemListElement\":[{\"@type\":\"ListItem\",\"position\":1,\"name\":\"Home\",\"item\":\"https:\\\/\\\/choosecornwall.ca\\\/fr\\\/\"},{\"@type\":\"ListItem\",\"position\":2,\"name\":\"Affaires\"}]},{\"@type\":\"WebSite\",\"@id\":\"https:\\\/\\\/choosecornwall.ca\\\/#website\",\"url\":\"https:\\\/\\\/choosecornwall.ca\\\/\",\"name\":\"Choose Cornwall\",\"description\":\"Cornwall Economic Development\",\"potentialAction\":[{\"@type\":\"SearchAction\",\"target\":{\"@type\":\"EntryPoint\",\"urlTemplate\":\"https:\\\/\\\/choosecornwall.ca\\\/?s={search_term_string}\"},\"query-input\":{\"@type\":\"PropertyValueSpecification\",\"valueRequired\":true,\"valueName\":\"search_term_string\"}}],\"inLanguage\":\"fr-FR\"}]}<\/script>\n<!-- \/ Yoast SEO plugin. -->","yoast_head_json":{"title":"Affaires - Choose Cornwall","robots":{"index":"index","follow":"follow","max-snippet":"max-snippet:-1","max-image-preview":"max-image-preview:large","max-video-preview":"max-video-preview:-1"},"canonical":"https:\/\/choosecornwall.ca\/fr\/affaires\/","twitter_card":"summary_large_image","twitter_title":"Affaires - Choose Cornwall","twitter_description":"Qu\u2019est-ce qui fait d\u2019une ville un milieu favorable aux affaires? Les r\u00e9ponses diff\u00e8rent selon les entreprises, mais toutes poss\u00e8dent des points communs\u00a0: l\u2019acc\u00e8s aux march\u00e9s, une main-d\u2019\u0153uvre disponible, le faible co\u00fbt des affaires et la riche qualit\u00e9 de vie. Cornwall se trouve \u00e0 la t\u00eate du peloton \u00e0 cet \u00e9gard. Cornwall est un endroit id\u00e9al... Voir l'article","twitter_image":"https:\/\/choosecornwall.ca\/wp-content\/uploads\/2018\/06\/banner-business-landing.jpg","twitter_misc":{"Est. reading time":"1 minute"},"schema":{"@context":"https:\/\/schema.org","@graph":[{"@type":"WebPage","@id":"https:\/\/choosecornwall.ca\/fr\/affaires\/","url":"https:\/\/choosecornwall.ca\/fr\/affaires\/","name":"Affaires - Choose Cornwall","isPartOf":{"@id":"https:\/\/choosecornwall.ca\/#website"},"primaryImageOfPage":{"@id":"https:\/\/choosecornwall.ca\/fr\/affaires\/#primaryimage"},"image":{"@id":"https:\/\/choosecornwall.ca\/fr\/affaires\/#primaryimage"},"thumbnailUrl":"https:\/\/choosecornwall.ca\/wp-content\/uploads\/2026\/03\/Choose-Cornwall-Business-Banner.jpg","datePublished":"2018-06-25T14:14:11+00:00","dateModified":"2018-12-07T19:48:08+00:00","breadcrumb":{"@id":"https:\/\/choosecornwall.ca\/fr\/affaires\/#breadcrumb"},"inLanguage":"fr-FR","potentialAction":[{"@type":"ReadAction","target":["https:\/\/choosecornwall.ca\/fr\/affaires\/"]}]},{"@type":"ImageObject","inLanguage":"fr-FR","@id":"https:\/\/choosecornwall.ca\/fr\/affaires\/#primaryimage","url":"https:\/\/choosecornwall.ca\/wp-content\/uploads\/2026\/03\/Choose-Cornwall-Business-Banner.jpg","contentUrl":"https:\/\/choosecornwall.ca\/wp-content\/uploads\/2026\/03\/Choose-Cornwall-Business-Banner.jpg","width":1440,"height":540,"caption":"Choose Cornwall Business"},{"@type":"BreadcrumbList","@id":"https:\/\/choosecornwall.ca\/fr\/affaires\/#breadcrumb","itemListElement":[{"@type":"ListItem","position":1,"name":"Home","item":"https:\/\/choosecornwall.ca\/fr\/"},{"@type":"ListItem","position":2,"name":"Affaires"}]},{"@type":"WebSite","@id":"https:\/\/choosecornwall.ca\/#website","url":"https:\/\/choosecornwall.ca\/","name":"Choose Cornwall","description":"Cornwall Economic Development","potentialAction":[{"@type":"SearchAction","target":{"@type":"EntryPoint","urlTemplate":"https:\/\/choosecornwall.ca\/?s={search_term_string}"},"query-input":{"@type":"PropertyValueSpecification","valueRequired":true,"valueName":"search_term_string"}}],"inLanguage":"fr-FR"}]}},"_links":{"self":[{"href":"https:\/\/choosecornwall.ca\/fr\/wp-json\/wp\/v2\/pages\/3777","targetHints":{"allow":["GET"]}}],"collection":[{"href":"https:\/\/choosecornwall.ca\/fr\/wp-json\/wp\/v2\/pages"}],"about":[{"href":"https:\/\/choosecornwall.ca\/fr\/wp-json\/wp\/v2\/types\/page"}],"author":[{"embeddable":true,"href":"https:\/\/choosecornwall.ca\/fr\/wp-json\/wp\/v2\/users\/3"}],"replies":[{"embeddable":true,"href":"https:\/\/choosecornwall.ca\/fr\/wp-json\/wp\/v2\/comments?post=3777"}],"version-history":[{"count":0,"href":"https:\/\/choosecornwall.ca\/fr\/wp-json\/wp\/v2\/pages\/3777\/revisions"}],"wp:featuredmedia":[{"embeddable":true,"href":"https:\/\/choosecornwall.ca\/fr\/wp-json\/wp\/v2\/media\/35464"}],"wp:attachment":[{"href":"https:\/\/choosecornwall.ca\/fr\/wp-json\/wp\/v2\/media?parent=3777"}],"curies":[{"name":"wp","href":"https:\/\/api.w.org\/{rel}","templated":true}]}}