{"id":3781,"date":"2018-06-25T10:20:32","date_gmt":"2018-06-25T14:20:32","guid":{"rendered":"http:\/\/choosecornwall.ca\/business-fr\/population\/"},"modified":"2018-11-27T14:15:58","modified_gmt":"2018-11-27T19:15:58","slug":"population","status":"publish","type":"page","link":"https:\/\/choosecornwall.ca\/fr\/affaires\/population\/","title":{"rendered":"Population"},"content":{"rendered":"<h2>Nous avons le succ\u00e8s dans le sang<\/h2>\n<p>Pendant plus de 150 ans, des\u00a0<a title=\"En bonne compagnie\" href=\"https:\/\/choosecornwall.ca\/fr\/affaires\/en-bonne-compagnie\/\">entreprises<\/a>\u00a0ont r\u00e9ussi \u00e0 Cornwall gr\u00e2ce aux gens qui y habitent. \u00c9tant donn\u00e9 l\u2019enracinement profond d\u2019une solide \u00e9thique du travail dans la culture locale, la main-d\u2019\u0153uvre est productive, efficace et extr\u00eamement loyale. Certaines compagnies se sont \u00e9merveill\u00e9es de taux de roulement faibles au point d\u2019attirer l\u2019attention de leurs industries respectives, tandis que d\u2019autres re\u00e7oivent r\u00e9guli\u00e8rement des projets parce que leurs installations de Cornwall ont prouv\u00e9 leur capacit\u00e9 de s\u2019acquitter des t\u00e2ches confi\u00e9es.<\/p>\n<p>La population de Cornwall est demeur\u00e9e relativement stable au cours de la derni\u00e8re d\u00e9cennie, malgr\u00e9 la forte tendance \u00e0 la migration vers de plus grands centres urbains. La ville compte quelque 46 000 habitants, tandis que la r\u00e9gion environnante en poss\u00e8de plus de 110 000. Le taux de ch\u00f4mage actuel \u00e9quivaut aux taux national et provincial ou leur est l\u00e9g\u00e8rement inf\u00e9rieur.<\/p>\n<p>Les frais de main-d\u2019\u0153uvre sont souvent responsables d\u2019une bonne partie des co\u00fbts d\u2019ensemble des entreprises. Quand on tient compte de tous les avantages et qu\u2019on ajuste en fonction des diff\u00e9rences de productivit\u00e9, le Canada se situe parmi les pays chefs de file sur le plan de la rentabilit\u00e9 de la main-d\u2019\u0153uvre. Cornwall, pour sa part, a des frais globaux de main-d\u2019\u0153uvre inf\u00e9rieurs \u00e0 ceux de nombreuses villes ontariennes, surtout gr\u00e2ce au co\u00fbt de la vie moins \u00e9lev\u00e9 dans la r\u00e9gion.<\/p>\n<p>Le bilinguisme constitue l\u2019une des caract\u00e9ristiques exceptionnelles de la main-d\u2019\u0153uvre de Cornwall. Selon le recensement le plus r\u00e9cent, pr\u00e8s de la moiti\u00e9 de la population locale conna\u00eet le fran\u00e7ais et l\u2019anglais, soit plus de quatre fois la moyenne ontarienne. Si vous devez faire des affaires en fran\u00e7ais, en anglais ou dans les deux langues, vous \u00e9prouverez de la difficult\u00e9 \u00e0 trouver une meilleure main-d\u2019\u0153uvre ailleurs en Am\u00e9rique du Nord.<\/p>\n<p>Alliant un taux de bilinguisme exceptionnel avec une solide \u00e9thique du travail, la loyaut\u00e9 et des co\u00fbts plus faibles dans l\u2019ensemble, la population de Cornwall repr\u00e9sente un argument de poids en faveur de l\u2019\u00e9tablissement des entreprises dans la r\u00e9gion.<\/p>\n<p>En tout temps, il existe une grande vari\u00e9t\u00e9 de\u00a0<a title=\"Travailler \u00e0 Cornwall\" href=\"https:\/\/choosecornwall.ca\/fr\/jobs-fr\/\">possibilit\u00e9s d\u2019emploi<\/a>\u00a0\u00e0 Cornwall et dans sa r\u00e9gion.<\/p>\n","protected":false},"excerpt":{"rendered":"Nous avons le succ\u00e8s dans le sang Pendant plus de 150 ans, des\u00a0entreprises\u00a0ont r\u00e9ussi \u00e0 Cornwall gr\u00e2ce aux gens qui y habitent. \u00c9tant donn\u00e9 l\u2019enracinement profond d\u2019une solide \u00e9thique du travail dans la culture locale, la main-d\u2019\u0153uvre est productive, efficace et extr\u00eamement loyale. Certaines compagnies se sont \u00e9merveill\u00e9es de taux de roulement faibles au point&#8230; <a class=\"view-article\" href=\"https:\/\/choosecornwall.ca\/fr\/affaires\/population\/\">Voir l&rsquo;article<\/a>","protected":false},"author":3,"featured_media":3468,"parent":3777,"menu_order":0,"comment_status":"closed","ping_status":"closed","template":"","meta":{"_acf_changed":false,"inline_featured_image":false,"footnotes":""},"class_list":["post-3781","page","type-page","status-publish","has-post-thumbnail","hentry"],"acf":[],"yoast_head":"<!-- This site is optimized with the Yoast SEO plugin v27.3 - https:\/\/yoast.com\/product\/yoast-seo-wordpress\/ -->\n<title>Population - Choose Cornwall<\/title>\n<meta name=\"robots\" content=\"index, follow, max-snippet:-1, max-image-preview:large, max-video-preview:-1\" \/>\n<link rel=\"canonical\" href=\"https:\/\/choosecornwall.ca\/fr\/affaires\/population\/\" \/>\n<meta name=\"twitter:card\" content=\"summary_large_image\" \/>\n<meta name=\"twitter:title\" content=\"Population - Choose Cornwall\" \/>\n<meta name=\"twitter:description\" content=\"Nous avons le succ\u00e8s dans le sang Pendant plus de 150 ans, des\u00a0entreprises\u00a0ont r\u00e9ussi \u00e0 Cornwall gr\u00e2ce aux gens qui y habitent. \u00c9tant donn\u00e9 l\u2019enracinement profond d\u2019une solide \u00e9thique du travail dans la culture locale, la main-d\u2019\u0153uvre est productive, efficace et extr\u00eamement loyale. Certaines compagnies se sont \u00e9merveill\u00e9es de taux de roulement faibles au point... Voir l&#039;article\" \/>\n<meta name=\"twitter:image\" content=\"https:\/\/choosecornwall.ca\/wp-content\/uploads\/2018\/06\/banner-business-demographics.jpg\" \/>\n<meta name=\"twitter:label1\" content=\"Est. reading time\" \/>\n\t<meta name=\"twitter:data1\" content=\"2 minutes\" \/>\n<script type=\"application\/ld+json\" class=\"yoast-schema-graph\">{\"@context\":\"https:\\\/\\\/schema.org\",\"@graph\":[{\"@type\":\"WebPage\",\"@id\":\"https:\\\/\\\/choosecornwall.ca\\\/fr\\\/affaires\\\/population\\\/\",\"url\":\"https:\\\/\\\/choosecornwall.ca\\\/fr\\\/affaires\\\/population\\\/\",\"name\":\"Population - Choose Cornwall\",\"isPartOf\":{\"@id\":\"https:\\\/\\\/choosecornwall.ca\\\/#website\"},\"primaryImageOfPage\":{\"@id\":\"https:\\\/\\\/choosecornwall.ca\\\/fr\\\/affaires\\\/population\\\/#primaryimage\"},\"image\":{\"@id\":\"https:\\\/\\\/choosecornwall.ca\\\/fr\\\/affaires\\\/population\\\/#primaryimage\"},\"thumbnailUrl\":\"https:\\\/\\\/choosecornwall.ca\\\/wp-content\\\/uploads\\\/2018\\\/06\\\/banner-business-demographics.jpg\",\"datePublished\":\"2018-06-25T14:20:32+00:00\",\"dateModified\":\"2018-11-27T19:15:58+00:00\",\"breadcrumb\":{\"@id\":\"https:\\\/\\\/choosecornwall.ca\\\/fr\\\/affaires\\\/population\\\/#breadcrumb\"},\"inLanguage\":\"fr-FR\",\"potentialAction\":[{\"@type\":\"ReadAction\",\"target\":[\"https:\\\/\\\/choosecornwall.ca\\\/fr\\\/affaires\\\/population\\\/\"]}]},{\"@type\":\"ImageObject\",\"inLanguage\":\"fr-FR\",\"@id\":\"https:\\\/\\\/choosecornwall.ca\\\/fr\\\/affaires\\\/population\\\/#primaryimage\",\"url\":\"https:\\\/\\\/choosecornwall.ca\\\/wp-content\\\/uploads\\\/2018\\\/06\\\/banner-business-demographics.jpg\",\"contentUrl\":\"https:\\\/\\\/choosecornwall.ca\\\/wp-content\\\/uploads\\\/2018\\\/06\\\/banner-business-demographics.jpg\",\"width\":970,\"height\":340},{\"@type\":\"BreadcrumbList\",\"@id\":\"https:\\\/\\\/choosecornwall.ca\\\/fr\\\/affaires\\\/population\\\/#breadcrumb\",\"itemListElement\":[{\"@type\":\"ListItem\",\"position\":1,\"name\":\"Home\",\"item\":\"https:\\\/\\\/choosecornwall.ca\\\/fr\\\/\"},{\"@type\":\"ListItem\",\"position\":2,\"name\":\"Affaires\",\"item\":\"https:\\\/\\\/choosecornwall.ca\\\/fr\\\/affaires\\\/\"},{\"@type\":\"ListItem\",\"position\":3,\"name\":\"Population\"}]},{\"@type\":\"WebSite\",\"@id\":\"https:\\\/\\\/choosecornwall.ca\\\/#website\",\"url\":\"https:\\\/\\\/choosecornwall.ca\\\/\",\"name\":\"Choose Cornwall\",\"description\":\"Cornwall Economic Development\",\"potentialAction\":[{\"@type\":\"SearchAction\",\"target\":{\"@type\":\"EntryPoint\",\"urlTemplate\":\"https:\\\/\\\/choosecornwall.ca\\\/?s={search_term_string}\"},\"query-input\":{\"@type\":\"PropertyValueSpecification\",\"valueRequired\":true,\"valueName\":\"search_term_string\"}}],\"inLanguage\":\"fr-FR\"}]}<\/script>\n<!-- \/ Yoast SEO plugin. -->","yoast_head_json":{"title":"Population - Choose Cornwall","robots":{"index":"index","follow":"follow","max-snippet":"max-snippet:-1","max-image-preview":"max-image-preview:large","max-video-preview":"max-video-preview:-1"},"canonical":"https:\/\/choosecornwall.ca\/fr\/affaires\/population\/","twitter_card":"summary_large_image","twitter_title":"Population - Choose Cornwall","twitter_description":"Nous avons le succ\u00e8s dans le sang Pendant plus de 150 ans, des\u00a0entreprises\u00a0ont r\u00e9ussi \u00e0 Cornwall gr\u00e2ce aux gens qui y habitent. \u00c9tant donn\u00e9 l\u2019enracinement profond d\u2019une solide \u00e9thique du travail dans la culture locale, la main-d\u2019\u0153uvre est productive, efficace et extr\u00eamement loyale. Certaines compagnies se sont \u00e9merveill\u00e9es de taux de roulement faibles au point... Voir l'article","twitter_image":"https:\/\/choosecornwall.ca\/wp-content\/uploads\/2018\/06\/banner-business-demographics.jpg","twitter_misc":{"Est. reading time":"2 minutes"},"schema":{"@context":"https:\/\/schema.org","@graph":[{"@type":"WebPage","@id":"https:\/\/choosecornwall.ca\/fr\/affaires\/population\/","url":"https:\/\/choosecornwall.ca\/fr\/affaires\/population\/","name":"Population - Choose Cornwall","isPartOf":{"@id":"https:\/\/choosecornwall.ca\/#website"},"primaryImageOfPage":{"@id":"https:\/\/choosecornwall.ca\/fr\/affaires\/population\/#primaryimage"},"image":{"@id":"https:\/\/choosecornwall.ca\/fr\/affaires\/population\/#primaryimage"},"thumbnailUrl":"https:\/\/choosecornwall.ca\/wp-content\/uploads\/2018\/06\/banner-business-demographics.jpg","datePublished":"2018-06-25T14:20:32+00:00","dateModified":"2018-11-27T19:15:58+00:00","breadcrumb":{"@id":"https:\/\/choosecornwall.ca\/fr\/affaires\/population\/#breadcrumb"},"inLanguage":"fr-FR","potentialAction":[{"@type":"ReadAction","target":["https:\/\/choosecornwall.ca\/fr\/affaires\/population\/"]}]},{"@type":"ImageObject","inLanguage":"fr-FR","@id":"https:\/\/choosecornwall.ca\/fr\/affaires\/population\/#primaryimage","url":"https:\/\/choosecornwall.ca\/wp-content\/uploads\/2018\/06\/banner-business-demographics.jpg","contentUrl":"https:\/\/choosecornwall.ca\/wp-content\/uploads\/2018\/06\/banner-business-demographics.jpg","width":970,"height":340},{"@type":"BreadcrumbList","@id":"https:\/\/choosecornwall.ca\/fr\/affaires\/population\/#breadcrumb","itemListElement":[{"@type":"ListItem","position":1,"name":"Home","item":"https:\/\/choosecornwall.ca\/fr\/"},{"@type":"ListItem","position":2,"name":"Affaires","item":"https:\/\/choosecornwall.ca\/fr\/affaires\/"},{"@type":"ListItem","position":3,"name":"Population"}]},{"@type":"WebSite","@id":"https:\/\/choosecornwall.ca\/#website","url":"https:\/\/choosecornwall.ca\/","name":"Choose Cornwall","description":"Cornwall Economic Development","potentialAction":[{"@type":"SearchAction","target":{"@type":"EntryPoint","urlTemplate":"https:\/\/choosecornwall.ca\/?s={search_term_string}"},"query-input":{"@type":"PropertyValueSpecification","valueRequired":true,"valueName":"search_term_string"}}],"inLanguage":"fr-FR"}]}},"_links":{"self":[{"href":"https:\/\/choosecornwall.ca\/fr\/wp-json\/wp\/v2\/pages\/3781","targetHints":{"allow":["GET"]}}],"collection":[{"href":"https:\/\/choosecornwall.ca\/fr\/wp-json\/wp\/v2\/pages"}],"about":[{"href":"https:\/\/choosecornwall.ca\/fr\/wp-json\/wp\/v2\/types\/page"}],"author":[{"embeddable":true,"href":"https:\/\/choosecornwall.ca\/fr\/wp-json\/wp\/v2\/users\/3"}],"replies":[{"embeddable":true,"href":"https:\/\/choosecornwall.ca\/fr\/wp-json\/wp\/v2\/comments?post=3781"}],"version-history":[{"count":0,"href":"https:\/\/choosecornwall.ca\/fr\/wp-json\/wp\/v2\/pages\/3781\/revisions"}],"up":[{"embeddable":true,"href":"https:\/\/choosecornwall.ca\/fr\/wp-json\/wp\/v2\/pages\/3777"}],"wp:featuredmedia":[{"embeddable":true,"href":"https:\/\/choosecornwall.ca\/fr\/wp-json\/wp\/v2\/media\/3468"}],"wp:attachment":[{"href":"https:\/\/choosecornwall.ca\/fr\/wp-json\/wp\/v2\/media?parent=3781"}],"curies":[{"name":"wp","href":"https:\/\/api.w.org\/{rel}","templated":true}]}}