{"id":3785,"date":"2018-06-25T10:25:23","date_gmt":"2018-06-25T14:25:23","guid":{"rendered":"http:\/\/choosecornwall.ca\/business-fr\/mesures-dencouragement-financier\/"},"modified":"2018-12-10T09:09:37","modified_gmt":"2018-12-10T14:09:37","slug":"mesures-dencouragement-financier","status":"publish","type":"page","link":"https:\/\/choosecornwall.ca\/fr\/affaires\/mesures-dencouragement-financier\/","title":{"rendered":"Mesures d\u2019encouragement financier"},"content":{"rendered":"<h1>Assistance Financi\u00e8re<\/h1>\n<p>En plus de\u00a0<a href=\"https:\/\/choosecornwall.ca\/fr\/affaires\/parc-daffaires\/\" target=\"_blank\" rel=\"noopener\">terrains \u00e0 bas prix<\/a>, de l\u2019<a href=\"https:\/\/choosecornwall.ca\/fr\/affaires\/frais-de-developpement\/\" target=\"_blank\" rel=\"noopener\">absence de frais de d\u00e9veloppement<\/a>\u00a0et de\u00a0<a href=\"https:\/\/choosecornwall.ca\/fr\/affaires\/avantages-lies-a-lelectricite\/\" target=\"_blank\" rel=\"noopener\">tarifs d\u2019\u00e9lectricit\u00e9 abordables<\/a>, de nombreux programmes d\u2019aide financi\u00e8re sont offerts aux\u00a0<a title=\"Invest in Cornwall\" href=\"https:\/\/choosecornwall.ca\/business\/\" target=\"_blank\" rel=\"noopener\">entreprises investissant \u00e0 Cornwall<\/a>\u00a0par diff\u00e9rents niveaux de gouvernements.<\/p>\n<p><strong>Programme de r\u00e9am\u00e9nagement des friches industrielles<\/strong><br \/>\nLa Ville de Cornwall offre plusieurs programmes pour aider les promoteurs \u00e0 revitaliser les friches industrielles dans la ville.\u00a0 Les friches industrielles sont des\u00a0<a title=\"Commercial &amp; Industrial Real Estate in Cornwall\" href=\"http:\/\/www.choosecornwall.ca\/eng\/business-in-cornwall\/real-estate\/\" target=\"_blank\" rel=\"noopener\">propri\u00e9t\u00e9s commerciales et industrielles<\/a>\u00a0abandonn\u00e9es, vacantes, en ruines ou sous-utilis\u00e9es, o\u00f9 des activit\u00e9s pass\u00e9es ont entra\u00een\u00e9 une contamination r\u00e9elle ou per\u00e7ue.\u00a0 Les programmes d\u2019aide vont du remboursement des taxes \u00e0 des subventions pour le d\u00e9fraiement des droits municipaux.\u00a0\u00a0<a href=\"\/2007_choose_cornwall_2018?page_id=3789\" target=\"_blank\" rel=\"noopener\">Cliquez ici pour plus de renseignements.<\/a><\/p>\n<p><strong>Programme C\u0153ur de la Ville (<\/strong><strong><em>Heart of the City<\/em><\/strong><strong>)<\/strong><br \/>\nL\u2019initiative C\u0153ur de la Ville de Cornwall appuie les projets de revitalisation qui ont lieu dans le noyau central, le \u00ab\u00a0C\u0153ur de la Ville\u00a0\u00bb, qui comprend le quartier d\u2019affaires du centre-ville (rue Pitt et les routes adjacentes) et le quartier de magasinage du Village.\u00a0 Semblable au programme de r\u00e9am\u00e9nagement des friches industrielles, l\u2019initiative C\u0153ur de la Ville offre de nombreux outils pour aider les propri\u00e9taires \u00e0 entreprendre des am\u00e9liorations de leurs propri\u00e9t\u00e9s, avec une attention particuli\u00e8re sur l\u2019esth\u00e9tique, et la modernisation et la r\u00e9novation des propri\u00e9t\u00e9s commerciales et des logements auxiliaires.\u00a0\u00a0<a href=\"\/2007_choose_cornwall_2018?page_id=3799\" target=\"_blank\" rel=\"noopener\">Cliquez ici pour plus de renseignements<\/a>.<\/p>\n<p><strong>Fonds de d\u00e9veloppement de l\u2019Est de l\u2019Ontario (FDEO)<\/strong><br \/>\nLes entreprises, qui investissent 500\u00a0000\u00a0$ ou plus \u00e0 Cornwall dans des projets cr\u00e9ant ou maintenant au moins dix (10) emplois sur cinq ans, ont droit \u00e0 une subvention allant jusqu\u2019\u00e0 15\u00a0% de la part du Fonds de d\u00e9veloppement de l\u2019Est de l\u2019Ontario.\u00a0 Le FDEO a \u00e9t\u00e9 cr\u00e9\u00e9 par la province en 2008.\u00a0\u00a0<a href=\"\/2007_choose_cornwall_2018?page_id=3792\" target=\"_blank\" rel=\"noopener\">Cliquez ici pour plus de renseignements.<\/a><\/p>\n<p><strong>Fonds pour l\u2019emploi et la prosp\u00e9rit\u00e9<\/strong><br \/>\nLes entreprises ayant de grands projets peuvent d\u00e9poser une demande aupr\u00e8s du Fond pour l\u2019emploi et la prosp\u00e9rit\u00e9, un nouvel outil de financement de 2,5 milliards de dollars sur dix ans visant \u00e0 aider les entreprises de l\u2019Ontario \u00e0 am\u00e9liorer leur productivit\u00e9 et \u00e0 obtenir acc\u00e8s \u00e0 de nouveaux march\u00e9s.\u00a0\u00a0<a href=\"https:\/\/www.ontario.ca\/fr\/page\/le-fonds-pour-lemploi-et-la-prosperite\" target=\"_blank\" rel=\"noopener\">Cliquez ici pour plus de renseignements.<\/a><\/p>\n<p><strong>Fonds d\u2019aide \u00e0 l\u2019emploi pour les jeunes<\/strong><br \/>\nLe Fonds d\u2019aide \u00e0 l\u2019emploi pour les jeunes offre de nombreux encouragements financiers qui rendent l\u2019ad\u00e9quation entre des chercheurs d\u2019emploi et des employeurs potentiels plus int\u00e9ressante.\u00a0 Un montant allant jusqu\u2019\u00e0 7\u00a0800\u00a0$ par participant est disponible pour une combinaison d\u2019outils de soutien et de formation et de mesures d\u2019encouragement \u00e0 l\u2019embauche. \u00a0<a href=\"http:\/\/www.choosecornwall.ca\/eng\/news\/895\/57\/Job-Zone-Given-Additional-Funding-For-Youth-Employment-Fund\/\" target=\"_blank\" rel=\"noopener\">Cliquez ici pour plus de renseignements.<\/a><\/p>\n<p><strong>Subvention Canada-Ontario pour l\u2019emploi<\/strong><br \/>\nCette subvention pour l\u2019emploi fournira un soutien financier direct aux employeurs (jusqu\u2019\u00e0 10\u00a0000\u00a0$ par personne), qui souhaitent investir dans la formation de leur main-d\u2019\u0153uvre.\u00a0 Dans ce programme de subvention, les employeurs choisissent les personnes qu\u2019ils d\u00e9sirent faire former et la formation qui r\u00e9pond aux besoins de perfectionnement de leur main-d\u2019\u0153uvre.\u00a0\u00a0<a href=\"http:\/\/www.choosecornwall.ca\/eng\/news\/896\/131\/Canada-Ontario-Job-Grant-Launched-to-Help-Companies-Improve-Worker-Skills\/\" target=\"_blank\" rel=\"noopener\">Cliquez ici pour plus de renseignements.<\/a><\/p>\n<p><strong>Secteur manufacturier de l\u2019Est de l\u2019Ontario \u2013 Initiative pour le d\u00e9veloppement des comp\u00e9tences et de l\u2019emploi<\/strong><br \/>\nL\u2019initiative pour le d\u00e9veloppement des comp\u00e9tences et de l\u2019emploi pour le secteur manufacturier de l\u2019Est de l\u2019Ontario cherche \u00e0 compenser une partie des co\u00fbts de formation encourus par les entreprises quand cette formation est effectu\u00e9e dans un coll\u00e8ge, une universit\u00e9 ou un formateur de tierce partie.\u00a0\u00a0<a href=\"http:\/\/www.choosecornwall.ca\/eng\/news\/955\/57\/Training-Assistance-For-Cornwall-Manufacturers\/\" target=\"_blank\" rel=\"noopener\">Cliquez ici pour plus de renseignements.<\/a><\/p>\n<p><strong>Programme SMART des Manufacturiers et Exportateurs du Canada<\/strong><br \/>\nLes Manufacturiers et Exportateurs du Canada ont cr\u00e9\u00e9 le programme SMART pour am\u00e9liorer le rendement manufacturier des petites et moyennes entreprises afin de leur permettre d\u2019\u00eatre plus concurrentielles dans l\u2019\u00e9conomie mondiale.\u00a0\u00a0<a href=\"http:\/\/www.choosecornwall.ca\/eng\/news\/942\/57\/New-SMART-Funding-Available-to-Cornwall-Manufacturers\/\" target=\"_blank\" rel=\"noopener\">Cliquez ici pour plus de renseignements.<\/a><\/p>\n<p><strong>Programme d\u2019aide \u00e0 la recherche industrielle du CNRC<\/strong><br \/>\nLe Conseil national de recherches Canada (CNRC) offre un soutien financier aux petites et moyennes entreprises au Canada par l\u2019interm\u00e9diaire du Programme d\u2019aide \u00e0 la recherche industrielle (PARI).\u00a0 Le PARI est con\u00e7u pour aider les aider \u00e0 entreprendre des projets d\u2019innovation technologique.\u00a0\u00a0<a href=\"http:\/\/www.nrc-cnrc.gc.ca\/eng\/irap\/services\/financial_assistance.html\" target=\"_blank\" rel=\"noopener\">Cliquez ici pour plus de renseignements.<\/a><\/p>\n<p><strong>Service de guide-expert<\/strong><br \/>\nLe service de guide-expert du CNRC offre un point d\u2019acc\u00e8s unique o\u00f9 les petites et moyennes entreprises (PME) peuvent trouver en temps opportun des conseils de grande qualit\u00e9 pour les aider \u00e0 innover et acc\u00e9l\u00e9rer leur croissance.\u00a0\u00a0<a href=\"http:\/\/concierge.portal.gc.ca\/\" target=\"_blank\" rel=\"noopener\">Cliquez ici pour plus de renseignements.<\/a><\/p>\n<p><strong>Programme de D\u00e9veloppement de l\u2019Est de l\u2019Ontario<\/strong><br \/>\nLe Programme de D\u00e9veloppement de l\u2019Est de l\u2019Ontario (PDEO) encourage le d\u00e9veloppement socio-\u00e9conomique dans l\u2019Est de l\u2019Ontario en aidant le renouvellement \u00e9conomique dans cinq secteurs prioritaires\u00a0: le d\u00e9veloppement des entreprises et des collectivit\u00e9s, le perfectionnement des comp\u00e9tences, l\u2019acc\u00e8s au capital, l\u2019attraction et le maintien des jeunes et les progr\u00e8s technologiques.\u00a0 Le financement et le soutien du PDEO sont fournis par la soci\u00e9t\u00e9 d\u2019aide au d\u00e9veloppement communautaire de Cornwall et des comt\u00e9s.\u00a0\u00a0<a href=\"http:\/\/mycommunityfutures.ca\/eodp\/\" target=\"_blank\" rel=\"noopener\">Cliquez ici pour plus de renseignements.<\/a><\/p>\n<p><strong>Soci\u00e9t\u00e9 d\u2019aide au d\u00e9veloppement communautaire de Cornwall et des comt\u00e9s<\/strong><br \/>\nLa soci\u00e9t\u00e9 d\u2019aide au d\u00e9veloppement communautaire de Cornwall et des comt\u00e9s offre un financement par emprunt et un investissement de capitaux aux entreprises situ\u00e9es dans la Ville de Cornwall.\u00a0 Des pr\u00eats remboursables, des garanties de pr\u00eat et des placements en action \u00e0 des montants allant jusqu\u2019\u00e0 300\u00a0000\u00a0$ sont disponibles.\u00a0\u00a0<a href=\"http:\/\/mycommunityfutures.ca\/\" target=\"_blank\" rel=\"noopener\">Cliquez ici pour plus de renseignements.<\/a><\/p>\n<p><strong>Entreprise en d\u00e9marrage<\/strong><\/p>\n<p>Le programme Entreprise en d\u00e9marrage associe des jeunes entrepreneurs \u00e0 des experts qui les aideront \u00e0 perfectionner les comp\u00e9tences n\u00e9cessaires pour lancer et maintenir des entreprises prosp\u00e8res.\u00a0 Les participants au programme ont \u00e9galement droit \u00e0 une subvention allant jusqu\u2019\u00e0 5\u00a0000\u00a0$.\u00a0 L\u2019administration du programme est assur\u00e9e par le Centre d\u2019affaires de Cornwall.\u00a0\u00a0<a href=\"http:\/\/www.businessenterprisecentre.ca\/index.php?page=starter-company&amp;hl=en_CA\" target=\"_blank\" rel=\"noopener\">Cliquez ici pour plus de renseignements.<\/a><\/p>\n<p><strong>Entreprise d\u2019\u00e9t\u00e9<\/strong><\/p>\n<p>Entreprise d\u2019\u00e9t\u00e9 est un programme unique visant \u00e0 donner aux jeunes la chance de cr\u00e9er et maintenir leurs propres petites entreprises pendant les mois estivaux.\u00a0 L\u2019administration du programme est assur\u00e9e par le Centre d\u2019affaires de Cornwall. \u00a0<a href=\"http:\/\/www.businessenterprisecentre.ca\/index.php?page=youth-programs&amp;hl=en_CA\" target=\"_blank\" rel=\"noopener\">Cliquez ici pour plus de renseignements.<\/a><\/p>\n<p><strong>FedDev Ontario<\/strong><\/p>\n<p>L&rsquo;Agence f\u00e9d\u00e9rale de d\u00e9veloppement \u00e9conomique pour le Sud de l&rsquo;Ontario (FedDev Ontario) met en \u0153uvre des programmes pour aider \u00e0 cr\u00e9er, conserver et d\u00e9velopper des entreprises, entretenir des partenariats et \u00e9difier des collectivit\u00e9s fortes. \u00a0Ces mesures renforceront l&rsquo;\u00e9conomie du Sud de l&rsquo;Ontario et permettront \u00e0 la r\u00e9gion de rivaliser \u00e0 l&rsquo;\u00e9chelle mondiale.\u00a0\u00a0<a href=\"http:\/\/www.feddevontario.gc.ca\/eic\/site\/723.nsf\/eng\/h_00122.html\" target=\"_blank\" rel=\"noopener\">Cliquez ici pour plus de renseignements.<\/a><\/p>\n<p><strong>Programme\u00a0<em>Export Market Access<\/em><\/strong><\/p>\n<p>Le programme\u00a0<em>Export Market Access<\/em>\u00a0(acc\u00e8s aux march\u00e9s de l\u2019exportation) de l\u2019<em>Ontario Chamber of Commerce<\/em>\u00a0(Chambre de commerce de l\u2019Ontario) donne aux petites et moyennes entreprises les outils et les ressources dont elles ont besoin pour am\u00e9liorer leur position dans des march\u00e9s \u00e9trangers cl\u00e9s.\u00a0 Il donne aussi son appui \u00e0 deux missions commerciales\u00a0: une en Chine et \u00e0 Hong Kong et une autre en Inde.\u00a0 Le programme financera jusqu\u2019\u00e0 cinquante pour cent (50\u00a0%) des co\u00fbts des projets admissibles, jusqu\u2019\u00e0 un maximum de 30\u00a0000\u00a0$ par projet.\u00a0\u00a0<a href=\"http:\/\/exportaccess.ca\/en\/\" target=\"_blank\" rel=\"noopener\">Cliquez ici pour plus de renseignements.<\/a><\/p>\n<p><strong>Exportation et d\u00e9veloppement Canada (EDC)<\/strong><\/p>\n<p>Exportation et d\u00e9veloppement Canada offre des services d\u2019assurance et de financement aux entreprises canadiennes exportatrices.\u00a0 Les agents d\u2019EDC peuvent aussi offrir des renseignements gratuits sur les march\u00e9s \u00e9trangers.\u00a0\u00a0<a href=\"http:\/\/www.edc.ca\/en\/Pages\/default.aspx\" target=\"_blank\" rel=\"noopener\">Cliquez ici pour plus de renseignements.<\/a><\/p>\n<p><strong>Banque de d\u00e9veloppement du Canada (BDC)<\/strong><\/p>\n<p>La BDC peut offrir aux entreprises canadiennes un financement par emprunt \u00e0 des taux d\u2019int\u00e9r\u00eat et d\u2019endettement attrayants pour l\u2019achat de biens immobiliers et d\u2019\u00e9quipements.\u00a0 Par l\u2019entremise d\u2019une filiale, BDC Capital, elle offre aussi du capital de risque, des capitaux propres ainsi que du capital de croissance et transfert d\u2019entreprise.\u00a0\u00a0<a href=\"http:\/\/www.bdc.ca\/EN\/Pages\/home.aspx\" target=\"_blank\" rel=\"noopener\">Cliquez ici pour plus de renseignements.<\/a><\/p>\n<p><em>Le d\u00e9partement de d\u00e9veloppement \u00e9conomique de Cornwall peut donner des renseignements suppl\u00e9mentaires sur les programmes ci-dessus.\u00a0 Veuillez utiliser le formulaire\u00a0<a title=\"Contact Choose Cornwall - Living, Working, Building in Cornwall\" href=\"https:\/\/choosecornwall.ca\/fr\/contact-fr\/\" target=\"_blank\" rel=\"noopener\">Contactez-nous<\/a>\u00a0dans ce site Web pour adresses vos questions.<\/em><\/p>\n","protected":false},"excerpt":{"rendered":"Assistance Financi\u00e8re En plus de\u00a0terrains \u00e0 bas prix, de l\u2019absence de frais de d\u00e9veloppement\u00a0et de\u00a0tarifs d\u2019\u00e9lectricit\u00e9 abordables, de nombreux programmes d\u2019aide financi\u00e8re sont offerts aux\u00a0entreprises investissant \u00e0 Cornwall\u00a0par diff\u00e9rents niveaux de gouvernements. Programme de r\u00e9am\u00e9nagement des friches industrielles La Ville de Cornwall offre plusieurs programmes pour aider les promoteurs \u00e0 revitaliser les friches industrielles dans&#8230; <a class=\"view-article\" href=\"https:\/\/choosecornwall.ca\/fr\/affaires\/mesures-dencouragement-financier\/\">Voir l&rsquo;article<\/a>","protected":false},"author":3,"featured_media":3483,"parent":3777,"menu_order":0,"comment_status":"closed","ping_status":"closed","template":"","meta":{"_acf_changed":false,"inline_featured_image":false,"footnotes":""},"class_list":["post-3785","page","type-page","status-publish","has-post-thumbnail","hentry"],"acf":[],"yoast_head":"<!-- This site is optimized with the Yoast SEO plugin v27.3 - https:\/\/yoast.com\/product\/yoast-seo-wordpress\/ -->\n<title>Mesures d\u2019encouragement financier - Choose Cornwall<\/title>\n<meta name=\"robots\" content=\"index, follow, max-snippet:-1, max-image-preview:large, max-video-preview:-1\" \/>\n<link rel=\"canonical\" href=\"https:\/\/choosecornwall.ca\/fr\/affaires\/mesures-dencouragement-financier\/\" \/>\n<meta name=\"twitter:card\" content=\"summary_large_image\" \/>\n<meta name=\"twitter:title\" content=\"Mesures d\u2019encouragement financier - Choose Cornwall\" \/>\n<meta name=\"twitter:description\" content=\"Assistance Financi\u00e8re En plus de\u00a0terrains \u00e0 bas prix, de l\u2019absence de frais de d\u00e9veloppement\u00a0et de\u00a0tarifs d\u2019\u00e9lectricit\u00e9 abordables, de nombreux programmes d\u2019aide financi\u00e8re sont offerts aux\u00a0entreprises investissant \u00e0 Cornwall\u00a0par diff\u00e9rents niveaux de gouvernements. Programme de r\u00e9am\u00e9nagement des friches industrielles La Ville de Cornwall offre plusieurs programmes pour aider les promoteurs \u00e0 revitaliser les friches industrielles dans... Voir l&#039;article\" \/>\n<meta name=\"twitter:image\" content=\"https:\/\/choosecornwall.ca\/wp-content\/uploads\/2018\/06\/banner-business-financial-incentives.jpg\" \/>\n<meta name=\"twitter:label1\" content=\"Est. reading time\" \/>\n\t<meta name=\"twitter:data1\" content=\"7 minutes\" \/>\n<script type=\"application\/ld+json\" class=\"yoast-schema-graph\">{\"@context\":\"https:\\\/\\\/schema.org\",\"@graph\":[{\"@type\":\"WebPage\",\"@id\":\"https:\\\/\\\/choosecornwall.ca\\\/fr\\\/affaires\\\/mesures-dencouragement-financier\\\/\",\"url\":\"https:\\\/\\\/choosecornwall.ca\\\/fr\\\/affaires\\\/mesures-dencouragement-financier\\\/\",\"name\":\"Mesures d\u2019encouragement financier - Choose Cornwall\",\"isPartOf\":{\"@id\":\"https:\\\/\\\/choosecornwall.ca\\\/#website\"},\"primaryImageOfPage\":{\"@id\":\"https:\\\/\\\/choosecornwall.ca\\\/fr\\\/affaires\\\/mesures-dencouragement-financier\\\/#primaryimage\"},\"image\":{\"@id\":\"https:\\\/\\\/choosecornwall.ca\\\/fr\\\/affaires\\\/mesures-dencouragement-financier\\\/#primaryimage\"},\"thumbnailUrl\":\"https:\\\/\\\/choosecornwall.ca\\\/wp-content\\\/uploads\\\/2018\\\/06\\\/banner-business-financial-incentives.jpg\",\"datePublished\":\"2018-06-25T14:25:23+00:00\",\"dateModified\":\"2018-12-10T14:09:37+00:00\",\"breadcrumb\":{\"@id\":\"https:\\\/\\\/choosecornwall.ca\\\/fr\\\/affaires\\\/mesures-dencouragement-financier\\\/#breadcrumb\"},\"inLanguage\":\"fr-FR\",\"potentialAction\":[{\"@type\":\"ReadAction\",\"target\":[\"https:\\\/\\\/choosecornwall.ca\\\/fr\\\/affaires\\\/mesures-dencouragement-financier\\\/\"]}]},{\"@type\":\"ImageObject\",\"inLanguage\":\"fr-FR\",\"@id\":\"https:\\\/\\\/choosecornwall.ca\\\/fr\\\/affaires\\\/mesures-dencouragement-financier\\\/#primaryimage\",\"url\":\"https:\\\/\\\/choosecornwall.ca\\\/wp-content\\\/uploads\\\/2018\\\/06\\\/banner-business-financial-incentives.jpg\",\"contentUrl\":\"https:\\\/\\\/choosecornwall.ca\\\/wp-content\\\/uploads\\\/2018\\\/06\\\/banner-business-financial-incentives.jpg\",\"width\":970,\"height\":340},{\"@type\":\"BreadcrumbList\",\"@id\":\"https:\\\/\\\/choosecornwall.ca\\\/fr\\\/affaires\\\/mesures-dencouragement-financier\\\/#breadcrumb\",\"itemListElement\":[{\"@type\":\"ListItem\",\"position\":1,\"name\":\"Home\",\"item\":\"https:\\\/\\\/choosecornwall.ca\\\/fr\\\/\"},{\"@type\":\"ListItem\",\"position\":2,\"name\":\"Affaires\",\"item\":\"https:\\\/\\\/choosecornwall.ca\\\/fr\\\/affaires\\\/\"},{\"@type\":\"ListItem\",\"position\":3,\"name\":\"Mesures d\u2019encouragement financier\"}]},{\"@type\":\"WebSite\",\"@id\":\"https:\\\/\\\/choosecornwall.ca\\\/#website\",\"url\":\"https:\\\/\\\/choosecornwall.ca\\\/\",\"name\":\"Choose Cornwall\",\"description\":\"Cornwall Economic Development\",\"potentialAction\":[{\"@type\":\"SearchAction\",\"target\":{\"@type\":\"EntryPoint\",\"urlTemplate\":\"https:\\\/\\\/choosecornwall.ca\\\/?s={search_term_string}\"},\"query-input\":{\"@type\":\"PropertyValueSpecification\",\"valueRequired\":true,\"valueName\":\"search_term_string\"}}],\"inLanguage\":\"fr-FR\"}]}<\/script>\n<!-- \/ Yoast SEO plugin. -->","yoast_head_json":{"title":"Mesures d\u2019encouragement financier - Choose Cornwall","robots":{"index":"index","follow":"follow","max-snippet":"max-snippet:-1","max-image-preview":"max-image-preview:large","max-video-preview":"max-video-preview:-1"},"canonical":"https:\/\/choosecornwall.ca\/fr\/affaires\/mesures-dencouragement-financier\/","twitter_card":"summary_large_image","twitter_title":"Mesures d\u2019encouragement financier - Choose Cornwall","twitter_description":"Assistance Financi\u00e8re En plus de\u00a0terrains \u00e0 bas prix, de l\u2019absence de frais de d\u00e9veloppement\u00a0et de\u00a0tarifs d\u2019\u00e9lectricit\u00e9 abordables, de nombreux programmes d\u2019aide financi\u00e8re sont offerts aux\u00a0entreprises investissant \u00e0 Cornwall\u00a0par diff\u00e9rents niveaux de gouvernements. Programme de r\u00e9am\u00e9nagement des friches industrielles La Ville de Cornwall offre plusieurs programmes pour aider les promoteurs \u00e0 revitaliser les friches industrielles dans... Voir l'article","twitter_image":"https:\/\/choosecornwall.ca\/wp-content\/uploads\/2018\/06\/banner-business-financial-incentives.jpg","twitter_misc":{"Est. reading time":"7 minutes"},"schema":{"@context":"https:\/\/schema.org","@graph":[{"@type":"WebPage","@id":"https:\/\/choosecornwall.ca\/fr\/affaires\/mesures-dencouragement-financier\/","url":"https:\/\/choosecornwall.ca\/fr\/affaires\/mesures-dencouragement-financier\/","name":"Mesures d\u2019encouragement financier - Choose Cornwall","isPartOf":{"@id":"https:\/\/choosecornwall.ca\/#website"},"primaryImageOfPage":{"@id":"https:\/\/choosecornwall.ca\/fr\/affaires\/mesures-dencouragement-financier\/#primaryimage"},"image":{"@id":"https:\/\/choosecornwall.ca\/fr\/affaires\/mesures-dencouragement-financier\/#primaryimage"},"thumbnailUrl":"https:\/\/choosecornwall.ca\/wp-content\/uploads\/2018\/06\/banner-business-financial-incentives.jpg","datePublished":"2018-06-25T14:25:23+00:00","dateModified":"2018-12-10T14:09:37+00:00","breadcrumb":{"@id":"https:\/\/choosecornwall.ca\/fr\/affaires\/mesures-dencouragement-financier\/#breadcrumb"},"inLanguage":"fr-FR","potentialAction":[{"@type":"ReadAction","target":["https:\/\/choosecornwall.ca\/fr\/affaires\/mesures-dencouragement-financier\/"]}]},{"@type":"ImageObject","inLanguage":"fr-FR","@id":"https:\/\/choosecornwall.ca\/fr\/affaires\/mesures-dencouragement-financier\/#primaryimage","url":"https:\/\/choosecornwall.ca\/wp-content\/uploads\/2018\/06\/banner-business-financial-incentives.jpg","contentUrl":"https:\/\/choosecornwall.ca\/wp-content\/uploads\/2018\/06\/banner-business-financial-incentives.jpg","width":970,"height":340},{"@type":"BreadcrumbList","@id":"https:\/\/choosecornwall.ca\/fr\/affaires\/mesures-dencouragement-financier\/#breadcrumb","itemListElement":[{"@type":"ListItem","position":1,"name":"Home","item":"https:\/\/choosecornwall.ca\/fr\/"},{"@type":"ListItem","position":2,"name":"Affaires","item":"https:\/\/choosecornwall.ca\/fr\/affaires\/"},{"@type":"ListItem","position":3,"name":"Mesures d\u2019encouragement financier"}]},{"@type":"WebSite","@id":"https:\/\/choosecornwall.ca\/#website","url":"https:\/\/choosecornwall.ca\/","name":"Choose Cornwall","description":"Cornwall Economic Development","potentialAction":[{"@type":"SearchAction","target":{"@type":"EntryPoint","urlTemplate":"https:\/\/choosecornwall.ca\/?s={search_term_string}"},"query-input":{"@type":"PropertyValueSpecification","valueRequired":true,"valueName":"search_term_string"}}],"inLanguage":"fr-FR"}]}},"_links":{"self":[{"href":"https:\/\/choosecornwall.ca\/fr\/wp-json\/wp\/v2\/pages\/3785","targetHints":{"allow":["GET"]}}],"collection":[{"href":"https:\/\/choosecornwall.ca\/fr\/wp-json\/wp\/v2\/pages"}],"about":[{"href":"https:\/\/choosecornwall.ca\/fr\/wp-json\/wp\/v2\/types\/page"}],"author":[{"embeddable":true,"href":"https:\/\/choosecornwall.ca\/fr\/wp-json\/wp\/v2\/users\/3"}],"replies":[{"embeddable":true,"href":"https:\/\/choosecornwall.ca\/fr\/wp-json\/wp\/v2\/comments?post=3785"}],"version-history":[{"count":0,"href":"https:\/\/choosecornwall.ca\/fr\/wp-json\/wp\/v2\/pages\/3785\/revisions"}],"up":[{"embeddable":true,"href":"https:\/\/choosecornwall.ca\/fr\/wp-json\/wp\/v2\/pages\/3777"}],"wp:featuredmedia":[{"embeddable":true,"href":"https:\/\/choosecornwall.ca\/fr\/wp-json\/wp\/v2\/media\/3483"}],"wp:attachment":[{"href":"https:\/\/choosecornwall.ca\/fr\/wp-json\/wp\/v2\/media?parent=3785"}],"curies":[{"name":"wp","href":"https:\/\/api.w.org\/{rel}","templated":true}]}}