{"id":3792,"date":"2018-06-25T10:32:51","date_gmt":"2018-06-25T14:32:51","guid":{"rendered":"http:\/\/choosecornwall.ca\/business-fr\/mesures-dencouragement-financier\/eodf\/"},"modified":"2018-10-25T11:46:51","modified_gmt":"2018-10-25T15:46:51","slug":"eodf","status":"publish","type":"page","link":"https:\/\/choosecornwall.ca\/fr\/affaires\/mesures-dencouragement-financier\/eodf\/","title":{"rendered":"EODF"},"content":{"rendered":"<h2><strong>Fonds de d\u00e9veloppement de l\u2019Est de l\u2019Ontario<\/strong><\/h2>\n<p>Le Fonds de d\u00e9veloppement de l\u2019Est de l\u2019Ontario est un programme \u00e9tabli par la province de l\u2019Ontario pour aider les entreprises \u00e9tablies \u00e0 cr\u00e9er des emplois et conserver leur comp\u00e9titivit\u00e9, en partie en investissant des technologies novatrices.<\/p>\n<p>Le programme est offert aux entreprises qui r\u00e9alisent un investissement dans Cornwall et la r\u00e9gion avoisinante de Stormont, Dundas et Glengarry.<\/p>\n<p><strong>Niveaux de financement<\/strong><\/p>\n<p>Les entreprises admissibles peuvent toucher jusqu\u2019\u00e0 15\u00a0% des co\u00fbts d\u2019un projet admissible pour une subvention maximale de 1,5 million de dollars. Les investissements dans des projets qui s\u2019\u00e9l\u00e8vent \u00e0 10 millions de dollars et plus, qui cr\u00e9ent au moins 50 emplois, peuvent obtenir des fonds sous forme d\u2019un deuxi\u00e8me pr\u00eat remboursable garanti pour une aide provinciale maximale de cinq millions de dollars.<\/p>\n<p><strong>Admissibilit\u00e9<\/strong><\/p>\n<p>Pour \u00eatre admissibles \u00e0 un financement du Fonds de d\u00e9veloppement de l\u2019Est de l\u2019Ontario, les entreprises doivent<\/p>\n<ul>\n<li>employer au moins 10 personnes et satisfaire le seuil minimum de cr\u00e9ation d\u2019emplois<\/li>\n<li>r\u00e9aliser un projet pluriannuel qui pr\u00e9voit un investissement minimal de 500\u00a0000\u00a0$ dans les co\u00fbts d\u2019un projet admissible<\/li>\n<li>\u00eatre en mesure de fournir les \u00e9tats financiers de trois ans<\/li>\n<li>faire partie d\u2019un secteur admissible (g\u00e9n\u00e9ralement, la fabrication, la logistique, les communications ou le tourisme)<\/li>\n<li>se situer ou pr\u00e9voir de s\u2019installer dans une communaut\u00e9 de l\u2019Est de l\u2019Ontario.<\/li>\n<\/ul>\n<p>Les entreprises comptant de cinq \u00e0 dix employ\u00e9s peuvent \u00eatre admissibles au financement du projet pilote \u00e0 l\u2019intention des communaut\u00e9s de petite taille.<\/p>\n<p>Le programme ne couvre pas tous les co\u00fbts li\u00e9s \u00e0 un projet d\u2019expansion ou d\u2019investissement. En r\u00e8gle g\u00e9n\u00e9rale, le programme porte sur les frais de modifications des installations, de l\u2019achat d\u2019un \u00e9quipement neuf et d\u2019une formation ax\u00e9e sur des comp\u00e9tences dans le cadre d\u2019un projet. On peut se procurer une liste compl\u00e8te des crit\u00e8res d\u2019admissibilit\u00e9 (dont les co\u00fbts admissibles) aupr\u00e8s du Minist\u00e8re.<\/p>\n<p>Le Minist\u00e8re accepte continuellement les demandes. Les entreprises doivent de prime abord remplir et pr\u00e9senter la liste de contr\u00f4le d\u2019\u00e9ligibilit\u00e9. Cette liste permet au Minist\u00e8re de rapidement confirmer l\u2019admissibilit\u00e9 du projet. Les entreprises jug\u00e9es admissibles peuvent ensuite entamer le processus int\u00e9gral de demande. On incite tous les candidats \u00e0 communiquer, de prime abord, avec un repr\u00e9sentant d\u2019un bureau r\u00e9gional pour obtenir des conseils sur la pr\u00e9paration de leur demande.<\/p>\n<p><strong>Renseignements compl\u00e9mentaires<\/strong><\/p>\n<p>On peut obtenir des renseignements compl\u00e9mentaires sur le Fonds de d\u00e9veloppement de l\u2019Est de l\u2019Ontario, dont les crit\u00e8res, l\u2019admissibilit\u00e9, les formulaires de demande et les personnes-ressources en s\u2019adressant au minist\u00e8re du D\u00e9veloppement \u00e9conomique et de l\u2019Innovation par t\u00e9l\u00e9phone au (613) 542-7266 ou en consultant <a href=\"http:\/\/www.ontario.ca\/fr\/affaires-et-economie\/fonds-de-developpement-de-lest-de-lontario\">son site Web.<\/a><\/p>\n<p><strong>Banque de r\u00e9ussites<\/strong><\/p>\n<p>Plusieurs entreprises et projets de Cornwall ont obtenu une aide financi\u00e8re du Fonds de d\u00e9veloppement de l\u2019Est de l\u2019Ontario. Vous pouvez en savoir plus en consultant\u00a0:<\/p>\n<ul>\n<li><a href=\"http:\/\/www.choosecornwall.ca\/fra\/news\/436\/57\/Le-prolongement-de-la-promenade-Industrial-Park-est-maintenant-ouvert-a-la-circulation\/\" target=\"_blank\" rel=\"noopener\">Le prolongement de la promenade Industrial\u00a0Park\u00a0est maintenant ouvert \u00e0 la circulation<\/a><\/li>\n<li><a href=\"http:\/\/www.choosecornwall.ca\/eng\/news\/269\/57\/Ontario-Helps-Two-Cornwall-Companies-Expand\/\" target=\"_blank\" rel=\"noopener\">Ontario Helps Two Cornwall Companies Expand<\/a>\u00a0(en anglais seulement) (L\u2019Ontario aide deux entreprises de Cornwall \u00e0 se d\u00e9velopper)<\/li>\n<li><a href=\"http:\/\/www.choosecornwall.ca\/fra\/news\/126\/57\/La-province-aide-des-manufacturiers-de-la-region-de-Cornwall-a-se-developper\/\" target=\"_blank\" rel=\"noopener\">La province aide des manufacturiers de la r\u00e9gion de Cornwall \u00e0 se d\u00e9velopper<\/a><\/li>\n<li><a href=\"http:\/\/www.choosecornwall.ca\/eng\/news\/57\/57\/Sigmapoint-Receives-Boost-from-Province\/\" target=\"_blank\" rel=\"noopener\">Sigmapoint Receives Boost from Province<\/a>\u00a0(en anglais seulement) (Sigmapoint est redynamis\u00e9e par la province)<\/li>\n<li><a href=\"http:\/\/www.choosecornwall.ca\/eng\/news\/56\/57\/Ontario-Invests-in-Cornwall-Business-Park\/\" target=\"_blank\" rel=\"noopener\">Ontario Invests in Cornwall Business Park<\/a>\u00a0(en anglais seulement) (L\u2019Ontario investit dans le Parc d\u2019affaires de Cornwall)<\/li>\n<li><a href=\"http:\/\/www.choosecornwall.ca\/eng\/news\/29\/57\/Seaway-Yarns-Expands-with-Help-from-Province\/\" target=\"_blank\" rel=\"noopener\">Seaway Yarns Expands with Help from Province<\/a>\u00a0(en anglais seulement) (Seaway Yarns se d\u00e9veloppe avec l\u2019aide de la province)<\/li>\n<li><a href=\"http:\/\/www.choosecornwall.ca\/fra\/news\/22\/57\/L-Ontario-investit-dans-le-plan-Minimax-pour-developper-les-entreprises-de-distribution-a-Cornwall\/\" target=\"_blank\" rel=\"noopener\">L\u2019Ontario investit dans le plan Minimax pour d\u00e9velopper les entreprises de distribution \u00e0 Cornwall<\/a><\/li>\n<\/ul>\n","protected":false},"excerpt":{"rendered":"Fonds de d\u00e9veloppement de l\u2019Est de l\u2019Ontario Le Fonds de d\u00e9veloppement de l\u2019Est de l\u2019Ontario est un programme \u00e9tabli par la province de l\u2019Ontario pour aider les entreprises \u00e9tablies \u00e0 cr\u00e9er des emplois et conserver leur comp\u00e9titivit\u00e9, en partie en investissant des technologies novatrices. Le programme est offert aux entreprises qui r\u00e9alisent un investissement dans&#8230; <a class=\"view-article\" href=\"https:\/\/choosecornwall.ca\/fr\/affaires\/mesures-dencouragement-financier\/eodf\/\">Voir l&rsquo;article<\/a>","protected":false},"author":3,"featured_media":3364,"parent":3785,"menu_order":0,"comment_status":"closed","ping_status":"closed","template":"","meta":{"_acf_changed":false,"inline_featured_image":false,"footnotes":""},"class_list":["post-3792","page","type-page","status-publish","has-post-thumbnail","hentry"],"acf":[],"yoast_head":"<!-- This site is optimized with the Yoast SEO plugin v27.3 - https:\/\/yoast.com\/product\/yoast-seo-wordpress\/ -->\n<title>EODF - Choose Cornwall<\/title>\n<meta name=\"robots\" content=\"index, follow, max-snippet:-1, max-image-preview:large, max-video-preview:-1\" \/>\n<link rel=\"canonical\" href=\"https:\/\/choosecornwall.ca\/fr\/affaires\/mesures-dencouragement-financier\/eodf\/\" \/>\n<meta name=\"twitter:card\" content=\"summary_large_image\" \/>\n<meta name=\"twitter:title\" content=\"EODF - Choose Cornwall\" \/>\n<meta name=\"twitter:description\" content=\"Fonds de d\u00e9veloppement de l\u2019Est de l\u2019Ontario Le Fonds de d\u00e9veloppement de l\u2019Est de l\u2019Ontario est un programme \u00e9tabli par la province de l\u2019Ontario pour aider les entreprises \u00e9tablies \u00e0 cr\u00e9er des emplois et conserver leur comp\u00e9titivit\u00e9, en partie en investissant des technologies novatrices. Le programme est offert aux entreprises qui r\u00e9alisent un investissement dans... Voir l&#039;article\" \/>\n<meta name=\"twitter:image\" content=\"https:\/\/choosecornwall.ca\/wp-content\/uploads\/2018\/06\/placeholder-banner-large-1.jpg\" \/>\n<meta name=\"twitter:label1\" content=\"Est. reading time\" \/>\n\t<meta name=\"twitter:data1\" content=\"3 minutes\" \/>\n<script type=\"application\/ld+json\" class=\"yoast-schema-graph\">{\"@context\":\"https:\\\/\\\/schema.org\",\"@graph\":[{\"@type\":\"WebPage\",\"@id\":\"https:\\\/\\\/choosecornwall.ca\\\/fr\\\/affaires\\\/mesures-dencouragement-financier\\\/eodf\\\/\",\"url\":\"https:\\\/\\\/choosecornwall.ca\\\/fr\\\/affaires\\\/mesures-dencouragement-financier\\\/eodf\\\/\",\"name\":\"EODF - Choose Cornwall\",\"isPartOf\":{\"@id\":\"https:\\\/\\\/choosecornwall.ca\\\/#website\"},\"primaryImageOfPage\":{\"@id\":\"https:\\\/\\\/choosecornwall.ca\\\/fr\\\/affaires\\\/mesures-dencouragement-financier\\\/eodf\\\/#primaryimage\"},\"image\":{\"@id\":\"https:\\\/\\\/choosecornwall.ca\\\/fr\\\/affaires\\\/mesures-dencouragement-financier\\\/eodf\\\/#primaryimage\"},\"thumbnailUrl\":\"https:\\\/\\\/choosecornwall.ca\\\/wp-content\\\/uploads\\\/2018\\\/06\\\/placeholder-banner-large-1.jpg\",\"datePublished\":\"2018-06-25T14:32:51+00:00\",\"dateModified\":\"2018-10-25T15:46:51+00:00\",\"breadcrumb\":{\"@id\":\"https:\\\/\\\/choosecornwall.ca\\\/fr\\\/affaires\\\/mesures-dencouragement-financier\\\/eodf\\\/#breadcrumb\"},\"inLanguage\":\"fr-FR\",\"potentialAction\":[{\"@type\":\"ReadAction\",\"target\":[\"https:\\\/\\\/choosecornwall.ca\\\/fr\\\/affaires\\\/mesures-dencouragement-financier\\\/eodf\\\/\"]}]},{\"@type\":\"ImageObject\",\"inLanguage\":\"fr-FR\",\"@id\":\"https:\\\/\\\/choosecornwall.ca\\\/fr\\\/affaires\\\/mesures-dencouragement-financier\\\/eodf\\\/#primaryimage\",\"url\":\"https:\\\/\\\/choosecornwall.ca\\\/wp-content\\\/uploads\\\/2018\\\/06\\\/placeholder-banner-large-1.jpg\",\"contentUrl\":\"https:\\\/\\\/choosecornwall.ca\\\/wp-content\\\/uploads\\\/2018\\\/06\\\/placeholder-banner-large-1.jpg\",\"width\":1400,\"height\":800},{\"@type\":\"BreadcrumbList\",\"@id\":\"https:\\\/\\\/choosecornwall.ca\\\/fr\\\/affaires\\\/mesures-dencouragement-financier\\\/eodf\\\/#breadcrumb\",\"itemListElement\":[{\"@type\":\"ListItem\",\"position\":1,\"name\":\"Home\",\"item\":\"https:\\\/\\\/choosecornwall.ca\\\/fr\\\/\"},{\"@type\":\"ListItem\",\"position\":2,\"name\":\"Affaires\",\"item\":\"https:\\\/\\\/choosecornwall.ca\\\/fr\\\/affaires\\\/\"},{\"@type\":\"ListItem\",\"position\":3,\"name\":\"Mesures d\u2019encouragement financier\",\"item\":\"https:\\\/\\\/choosecornwall.ca\\\/fr\\\/affaires\\\/mesures-dencouragement-financier\\\/\"},{\"@type\":\"ListItem\",\"position\":4,\"name\":\"EODF\"}]},{\"@type\":\"WebSite\",\"@id\":\"https:\\\/\\\/choosecornwall.ca\\\/#website\",\"url\":\"https:\\\/\\\/choosecornwall.ca\\\/\",\"name\":\"Choose Cornwall\",\"description\":\"Cornwall Economic Development\",\"potentialAction\":[{\"@type\":\"SearchAction\",\"target\":{\"@type\":\"EntryPoint\",\"urlTemplate\":\"https:\\\/\\\/choosecornwall.ca\\\/?s={search_term_string}\"},\"query-input\":{\"@type\":\"PropertyValueSpecification\",\"valueRequired\":true,\"valueName\":\"search_term_string\"}}],\"inLanguage\":\"fr-FR\"}]}<\/script>\n<!-- \/ Yoast SEO plugin. -->","yoast_head_json":{"title":"EODF - Choose Cornwall","robots":{"index":"index","follow":"follow","max-snippet":"max-snippet:-1","max-image-preview":"max-image-preview:large","max-video-preview":"max-video-preview:-1"},"canonical":"https:\/\/choosecornwall.ca\/fr\/affaires\/mesures-dencouragement-financier\/eodf\/","twitter_card":"summary_large_image","twitter_title":"EODF - Choose Cornwall","twitter_description":"Fonds de d\u00e9veloppement de l\u2019Est de l\u2019Ontario Le Fonds de d\u00e9veloppement de l\u2019Est de l\u2019Ontario est un programme \u00e9tabli par la province de l\u2019Ontario pour aider les entreprises \u00e9tablies \u00e0 cr\u00e9er des emplois et conserver leur comp\u00e9titivit\u00e9, en partie en investissant des technologies novatrices. Le programme est offert aux entreprises qui r\u00e9alisent un investissement dans... Voir l'article","twitter_image":"https:\/\/choosecornwall.ca\/wp-content\/uploads\/2018\/06\/placeholder-banner-large-1.jpg","twitter_misc":{"Est. reading time":"3 minutes"},"schema":{"@context":"https:\/\/schema.org","@graph":[{"@type":"WebPage","@id":"https:\/\/choosecornwall.ca\/fr\/affaires\/mesures-dencouragement-financier\/eodf\/","url":"https:\/\/choosecornwall.ca\/fr\/affaires\/mesures-dencouragement-financier\/eodf\/","name":"EODF - Choose Cornwall","isPartOf":{"@id":"https:\/\/choosecornwall.ca\/#website"},"primaryImageOfPage":{"@id":"https:\/\/choosecornwall.ca\/fr\/affaires\/mesures-dencouragement-financier\/eodf\/#primaryimage"},"image":{"@id":"https:\/\/choosecornwall.ca\/fr\/affaires\/mesures-dencouragement-financier\/eodf\/#primaryimage"},"thumbnailUrl":"https:\/\/choosecornwall.ca\/wp-content\/uploads\/2018\/06\/placeholder-banner-large-1.jpg","datePublished":"2018-06-25T14:32:51+00:00","dateModified":"2018-10-25T15:46:51+00:00","breadcrumb":{"@id":"https:\/\/choosecornwall.ca\/fr\/affaires\/mesures-dencouragement-financier\/eodf\/#breadcrumb"},"inLanguage":"fr-FR","potentialAction":[{"@type":"ReadAction","target":["https:\/\/choosecornwall.ca\/fr\/affaires\/mesures-dencouragement-financier\/eodf\/"]}]},{"@type":"ImageObject","inLanguage":"fr-FR","@id":"https:\/\/choosecornwall.ca\/fr\/affaires\/mesures-dencouragement-financier\/eodf\/#primaryimage","url":"https:\/\/choosecornwall.ca\/wp-content\/uploads\/2018\/06\/placeholder-banner-large-1.jpg","contentUrl":"https:\/\/choosecornwall.ca\/wp-content\/uploads\/2018\/06\/placeholder-banner-large-1.jpg","width":1400,"height":800},{"@type":"BreadcrumbList","@id":"https:\/\/choosecornwall.ca\/fr\/affaires\/mesures-dencouragement-financier\/eodf\/#breadcrumb","itemListElement":[{"@type":"ListItem","position":1,"name":"Home","item":"https:\/\/choosecornwall.ca\/fr\/"},{"@type":"ListItem","position":2,"name":"Affaires","item":"https:\/\/choosecornwall.ca\/fr\/affaires\/"},{"@type":"ListItem","position":3,"name":"Mesures d\u2019encouragement financier","item":"https:\/\/choosecornwall.ca\/fr\/affaires\/mesures-dencouragement-financier\/"},{"@type":"ListItem","position":4,"name":"EODF"}]},{"@type":"WebSite","@id":"https:\/\/choosecornwall.ca\/#website","url":"https:\/\/choosecornwall.ca\/","name":"Choose Cornwall","description":"Cornwall Economic Development","potentialAction":[{"@type":"SearchAction","target":{"@type":"EntryPoint","urlTemplate":"https:\/\/choosecornwall.ca\/?s={search_term_string}"},"query-input":{"@type":"PropertyValueSpecification","valueRequired":true,"valueName":"search_term_string"}}],"inLanguage":"fr-FR"}]}},"_links":{"self":[{"href":"https:\/\/choosecornwall.ca\/fr\/wp-json\/wp\/v2\/pages\/3792","targetHints":{"allow":["GET"]}}],"collection":[{"href":"https:\/\/choosecornwall.ca\/fr\/wp-json\/wp\/v2\/pages"}],"about":[{"href":"https:\/\/choosecornwall.ca\/fr\/wp-json\/wp\/v2\/types\/page"}],"author":[{"embeddable":true,"href":"https:\/\/choosecornwall.ca\/fr\/wp-json\/wp\/v2\/users\/3"}],"replies":[{"embeddable":true,"href":"https:\/\/choosecornwall.ca\/fr\/wp-json\/wp\/v2\/comments?post=3792"}],"version-history":[{"count":0,"href":"https:\/\/choosecornwall.ca\/fr\/wp-json\/wp\/v2\/pages\/3792\/revisions"}],"up":[{"embeddable":true,"href":"https:\/\/choosecornwall.ca\/fr\/wp-json\/wp\/v2\/pages\/3785"}],"wp:featuredmedia":[{"embeddable":true,"href":"https:\/\/choosecornwall.ca\/fr\/wp-json\/wp\/v2\/media\/3364"}],"wp:attachment":[{"href":"https:\/\/choosecornwall.ca\/fr\/wp-json\/wp\/v2\/media?parent=3792"}],"curies":[{"name":"wp","href":"https:\/\/api.w.org\/{rel}","templated":true}]}}