{"id":3806,"date":"2018-06-25T10:45:22","date_gmt":"2018-06-25T14:45:22","guid":{"rendered":"http:\/\/choosecornwall.ca\/business-fr\/infrastructure\/"},"modified":"2018-10-25T11:47:13","modified_gmt":"2018-10-25T15:47:13","slug":"infrastructure","status":"publish","type":"page","link":"https:\/\/choosecornwall.ca\/fr\/affaires\/infrastructure\/","title":{"rendered":"Infrastructure"},"content":{"rendered":"<h2>Pr\u00eat pour un d\u00e9veloppement futur<\/h2>\n<p>La capacit\u00e9 d\u2019une collectivit\u00e9 de s\u2019adapter aux investissements et \u00e0 la croissance n\u2019est pas toujours constante. Dans de nombreuses villes du Canada et du monde entier, les contraintes de d\u00e9veloppement risquent de nuire \u00e0 l\u2019aptitude d\u2019une entreprise de r\u00e9ussir.<\/p>\n<p>Cornwall a planifi\u00e9 en fonction de l\u2019avenir en am\u00e9nageant son r\u00e9seau d\u2019aqueduc et ses installations de traitement des eaux us\u00e9es et d\u2019enfouissement des d\u00e9chets avec une capacit\u00e9 exc\u00e9dentaire. Les r\u00e9seaux locaux de routes, d\u2019\u00e9lectricit\u00e9 et de t\u00e9l\u00e9communications ont \u00e9t\u00e9 d\u00e9velopp\u00e9s pour r\u00e9pondre aux besoins d\u2019aujourd\u2019hui et de demain.<\/p>\n<p>Directement li\u00e9e \u00e0 la production, l\u2019\u00e9lectricit\u00e9 repr\u00e9sente souvent un important facteur de co\u00fbt pour de nombreuses entreprises. Cornwall b\u00e9n\u00e9ficie depuis longtemps d\u2019un co\u00fbt de l\u2019\u00e9lectricit\u00e9 tr\u00e8s concurrentiel, fournissant ainsi une source d\u2019\u00e9nergie tr\u00e8s stable et flexible. En outre, des initiatives de conservation et \u00e9cologiques r\u00e9alis\u00e9es au cours des derni\u00e8res ann\u00e9es ont aid\u00e9 les entreprises de Cornwall \u00e0 am\u00e9liorer leur rendement \u00e9nerg\u00e9tique.<\/p>\n<p>L\u2019acc\u00e8s \u00e0 des services de t\u00e9l\u00e9communications \u00e0 la fine pointe constitue un facteur de plus en plus important pour les entreprises. Les communications d\u2019affaires se sont d\u00e9velopp\u00e9es mondialement, \u00e0 l\u2019instar des march\u00e9s, qu\u2019il s\u2019agisse de transmissions vocales, par t\u00e9l\u00e9copieur ou de donn\u00e9es.<\/p>\n<p>En g\u00e9n\u00e9ral, le co\u00fbt des t\u00e9l\u00e9communications est tr\u00e8s concurrentiel \u00e0 Cornwall. Les capacit\u00e9s au chapitre de l\u2019infrastructure rev\u00eatent toutefois plus souvent une importance plus grande que les seuls co\u00fbts. Cornwall se situe sur des tron\u00e7ons majeurs du r\u00e9seau de fibres optiques de l\u2019Ontario, qui est reconnu de par le monde comme l\u2019un des plus perfectionn\u00e9s de la plan\u00e8te.<\/p>\n<p>Gr\u00e2ce \u00e0 son engagement \u00e0 investir dans l\u2019infrastructure, Cornwall continuera de fournir un milieu d\u2019affaires stable et exempt de contraintes de d\u00e9veloppement pendant de nombreuses ann\u00e9es \u00e0 venir.<\/p>\n<h2>Infrastructure de communications<\/h2>\n<p>La Ville de Cornwall jouit d&rsquo;un solide r\u00e9seau de communications num\u00e9riques moderne. Par exemple, une gamme d&rsquo;options de connexion Internet haute vitesse est offerte par diff\u00e9rents fournisseurs de service. En g\u00e9n\u00e9ral, les co\u00fbts des services de t\u00e9l\u00e9communications \u00e0 Cornwall sont tr\u00e8s concurrentiels. Les capacit\u00e9s en infrastructure, cependant, sont souvent plus importantes que les co\u00fbts \u00e0 eux seuls.<\/p>\n<p>Cornwall est situ\u00e9e dans les zones cl\u00e9s du r\u00e9seau de fibre optique de l&rsquo;Ontario, qui est reconnu \u00e0 l&rsquo;\u00e9chelle internationale comme \u00e9tant l&rsquo;un des plus \u00e9volu\u00e9s du point de vue technologique.<\/p>\n<h3><strong>Services Internet et de fibre optique<\/strong><\/h3>\n<p>Les entreprises d\u00e9sirant se brancher \u00e0 l&rsquo;autoroute canadienne de l&rsquo;information b\u00e9n\u00e9ficieront maintenant d&rsquo;une service plus \u00e9tendu et plus rapide \u00e0 Cornwall, gr\u00e2ce aux importants investissements effectu\u00e9s par le r\u00e9seau Eastern Ontario Regional Network (EORN).<\/p>\n<p>Un nouveau point de pr\u00e9sence de 10 Go a \u00e9t\u00e9 install\u00e9 par EORN, \u00e0 Cornwall, pour servir de compl\u00e9ment au point de pr\u00e9sence actuel. Cet investissement accro\u00eet la capacit\u00e9 par un facteur de 10, am\u00e9liorant ainsi la disponibilit\u00e9 du r\u00e9seau pour les entreprises et les r\u00e9sidents.<\/p>\n<p>En outre, le r\u00e9seau de fibre optique principal de Cornwall et SDG a r\u00e9cemment fait l&rsquo;objet d&rsquo;une expansion par EORN et d&rsquo;autres fournisseurs de service au cours des derni\u00e8res ann\u00e9es, r\u00e9duisant ainsi les co\u00fbts et la p\u00e9riode d&rsquo;immobilisation pour les clients recherchant des services bas\u00e9s sur un r\u00e9seau de fibre optique.<\/p>\n<h3><strong>Fournisseurs de service Internet<\/strong><\/h3>\n<p>Cornwall est actuellement desservie par les fournisseurs de service Internet suivants :<\/p>\n<ul>\n<li>Bell<\/li>\n<li>Rogers<\/li>\n<li>Cogeco<\/li>\n<li>Ontario East Networks<\/li>\n<\/ul>\n<p>&nbsp;<\/p>\n","protected":false},"excerpt":{"rendered":"Pr\u00eat pour un d\u00e9veloppement futur La capacit\u00e9 d\u2019une collectivit\u00e9 de s\u2019adapter aux investissements et \u00e0 la croissance n\u2019est pas toujours constante. Dans de nombreuses villes du Canada et du monde entier, les contraintes de d\u00e9veloppement risquent de nuire \u00e0 l\u2019aptitude d\u2019une entreprise de r\u00e9ussir. Cornwall a planifi\u00e9 en fonction de l\u2019avenir en am\u00e9nageant son r\u00e9seau&#8230; <a class=\"view-article\" href=\"https:\/\/choosecornwall.ca\/fr\/affaires\/infrastructure\/\">Voir l&rsquo;article<\/a>","protected":false},"author":3,"featured_media":3488,"parent":3777,"menu_order":0,"comment_status":"closed","ping_status":"closed","template":"","meta":{"_acf_changed":false,"inline_featured_image":false,"footnotes":""},"class_list":["post-3806","page","type-page","status-publish","has-post-thumbnail","hentry"],"acf":[],"yoast_head":"<!-- This site is optimized with the Yoast SEO plugin v27.3 - https:\/\/yoast.com\/product\/yoast-seo-wordpress\/ -->\n<title>Infrastructure - Choose Cornwall<\/title>\n<meta name=\"robots\" content=\"index, follow, max-snippet:-1, max-image-preview:large, max-video-preview:-1\" \/>\n<link rel=\"canonical\" href=\"https:\/\/choosecornwall.ca\/fr\/affaires\/infrastructure\/\" \/>\n<meta name=\"twitter:card\" content=\"summary_large_image\" \/>\n<meta name=\"twitter:title\" content=\"Infrastructure - Choose Cornwall\" \/>\n<meta name=\"twitter:description\" content=\"Pr\u00eat pour un d\u00e9veloppement futur La capacit\u00e9 d\u2019une collectivit\u00e9 de s\u2019adapter aux investissements et \u00e0 la croissance n\u2019est pas toujours constante. Dans de nombreuses villes du Canada et du monde entier, les contraintes de d\u00e9veloppement risquent de nuire \u00e0 l\u2019aptitude d\u2019une entreprise de r\u00e9ussir. Cornwall a planifi\u00e9 en fonction de l\u2019avenir en am\u00e9nageant son r\u00e9seau... Voir l&#039;article\" \/>\n<meta name=\"twitter:image\" content=\"https:\/\/choosecornwall.ca\/wp-content\/uploads\/2018\/06\/banner-business-infrastructure.jpg\" \/>\n<meta name=\"twitter:label1\" content=\"Est. reading time\" \/>\n\t<meta name=\"twitter:data1\" content=\"3 minutes\" \/>\n<script type=\"application\/ld+json\" class=\"yoast-schema-graph\">{\"@context\":\"https:\\\/\\\/schema.org\",\"@graph\":[{\"@type\":\"WebPage\",\"@id\":\"https:\\\/\\\/choosecornwall.ca\\\/fr\\\/affaires\\\/infrastructure\\\/\",\"url\":\"https:\\\/\\\/choosecornwall.ca\\\/fr\\\/affaires\\\/infrastructure\\\/\",\"name\":\"Infrastructure - Choose Cornwall\",\"isPartOf\":{\"@id\":\"https:\\\/\\\/choosecornwall.ca\\\/#website\"},\"primaryImageOfPage\":{\"@id\":\"https:\\\/\\\/choosecornwall.ca\\\/fr\\\/affaires\\\/infrastructure\\\/#primaryimage\"},\"image\":{\"@id\":\"https:\\\/\\\/choosecornwall.ca\\\/fr\\\/affaires\\\/infrastructure\\\/#primaryimage\"},\"thumbnailUrl\":\"https:\\\/\\\/choosecornwall.ca\\\/wp-content\\\/uploads\\\/2018\\\/06\\\/banner-business-infrastructure.jpg\",\"datePublished\":\"2018-06-25T14:45:22+00:00\",\"dateModified\":\"2018-10-25T15:47:13+00:00\",\"breadcrumb\":{\"@id\":\"https:\\\/\\\/choosecornwall.ca\\\/fr\\\/affaires\\\/infrastructure\\\/#breadcrumb\"},\"inLanguage\":\"fr-FR\",\"potentialAction\":[{\"@type\":\"ReadAction\",\"target\":[\"https:\\\/\\\/choosecornwall.ca\\\/fr\\\/affaires\\\/infrastructure\\\/\"]}]},{\"@type\":\"ImageObject\",\"inLanguage\":\"fr-FR\",\"@id\":\"https:\\\/\\\/choosecornwall.ca\\\/fr\\\/affaires\\\/infrastructure\\\/#primaryimage\",\"url\":\"https:\\\/\\\/choosecornwall.ca\\\/wp-content\\\/uploads\\\/2018\\\/06\\\/banner-business-infrastructure.jpg\",\"contentUrl\":\"https:\\\/\\\/choosecornwall.ca\\\/wp-content\\\/uploads\\\/2018\\\/06\\\/banner-business-infrastructure.jpg\",\"width\":970,\"height\":340},{\"@type\":\"BreadcrumbList\",\"@id\":\"https:\\\/\\\/choosecornwall.ca\\\/fr\\\/affaires\\\/infrastructure\\\/#breadcrumb\",\"itemListElement\":[{\"@type\":\"ListItem\",\"position\":1,\"name\":\"Home\",\"item\":\"https:\\\/\\\/choosecornwall.ca\\\/fr\\\/\"},{\"@type\":\"ListItem\",\"position\":2,\"name\":\"Affaires\",\"item\":\"https:\\\/\\\/choosecornwall.ca\\\/fr\\\/affaires\\\/\"},{\"@type\":\"ListItem\",\"position\":3,\"name\":\"Infrastructure\"}]},{\"@type\":\"WebSite\",\"@id\":\"https:\\\/\\\/choosecornwall.ca\\\/#website\",\"url\":\"https:\\\/\\\/choosecornwall.ca\\\/\",\"name\":\"Choose Cornwall\",\"description\":\"Cornwall Economic Development\",\"potentialAction\":[{\"@type\":\"SearchAction\",\"target\":{\"@type\":\"EntryPoint\",\"urlTemplate\":\"https:\\\/\\\/choosecornwall.ca\\\/?s={search_term_string}\"},\"query-input\":{\"@type\":\"PropertyValueSpecification\",\"valueRequired\":true,\"valueName\":\"search_term_string\"}}],\"inLanguage\":\"fr-FR\"}]}<\/script>\n<!-- \/ Yoast SEO plugin. -->","yoast_head_json":{"title":"Infrastructure - Choose Cornwall","robots":{"index":"index","follow":"follow","max-snippet":"max-snippet:-1","max-image-preview":"max-image-preview:large","max-video-preview":"max-video-preview:-1"},"canonical":"https:\/\/choosecornwall.ca\/fr\/affaires\/infrastructure\/","twitter_card":"summary_large_image","twitter_title":"Infrastructure - Choose Cornwall","twitter_description":"Pr\u00eat pour un d\u00e9veloppement futur La capacit\u00e9 d\u2019une collectivit\u00e9 de s\u2019adapter aux investissements et \u00e0 la croissance n\u2019est pas toujours constante. Dans de nombreuses villes du Canada et du monde entier, les contraintes de d\u00e9veloppement risquent de nuire \u00e0 l\u2019aptitude d\u2019une entreprise de r\u00e9ussir. Cornwall a planifi\u00e9 en fonction de l\u2019avenir en am\u00e9nageant son r\u00e9seau... Voir l'article","twitter_image":"https:\/\/choosecornwall.ca\/wp-content\/uploads\/2018\/06\/banner-business-infrastructure.jpg","twitter_misc":{"Est. reading time":"3 minutes"},"schema":{"@context":"https:\/\/schema.org","@graph":[{"@type":"WebPage","@id":"https:\/\/choosecornwall.ca\/fr\/affaires\/infrastructure\/","url":"https:\/\/choosecornwall.ca\/fr\/affaires\/infrastructure\/","name":"Infrastructure - Choose Cornwall","isPartOf":{"@id":"https:\/\/choosecornwall.ca\/#website"},"primaryImageOfPage":{"@id":"https:\/\/choosecornwall.ca\/fr\/affaires\/infrastructure\/#primaryimage"},"image":{"@id":"https:\/\/choosecornwall.ca\/fr\/affaires\/infrastructure\/#primaryimage"},"thumbnailUrl":"https:\/\/choosecornwall.ca\/wp-content\/uploads\/2018\/06\/banner-business-infrastructure.jpg","datePublished":"2018-06-25T14:45:22+00:00","dateModified":"2018-10-25T15:47:13+00:00","breadcrumb":{"@id":"https:\/\/choosecornwall.ca\/fr\/affaires\/infrastructure\/#breadcrumb"},"inLanguage":"fr-FR","potentialAction":[{"@type":"ReadAction","target":["https:\/\/choosecornwall.ca\/fr\/affaires\/infrastructure\/"]}]},{"@type":"ImageObject","inLanguage":"fr-FR","@id":"https:\/\/choosecornwall.ca\/fr\/affaires\/infrastructure\/#primaryimage","url":"https:\/\/choosecornwall.ca\/wp-content\/uploads\/2018\/06\/banner-business-infrastructure.jpg","contentUrl":"https:\/\/choosecornwall.ca\/wp-content\/uploads\/2018\/06\/banner-business-infrastructure.jpg","width":970,"height":340},{"@type":"BreadcrumbList","@id":"https:\/\/choosecornwall.ca\/fr\/affaires\/infrastructure\/#breadcrumb","itemListElement":[{"@type":"ListItem","position":1,"name":"Home","item":"https:\/\/choosecornwall.ca\/fr\/"},{"@type":"ListItem","position":2,"name":"Affaires","item":"https:\/\/choosecornwall.ca\/fr\/affaires\/"},{"@type":"ListItem","position":3,"name":"Infrastructure"}]},{"@type":"WebSite","@id":"https:\/\/choosecornwall.ca\/#website","url":"https:\/\/choosecornwall.ca\/","name":"Choose Cornwall","description":"Cornwall Economic Development","potentialAction":[{"@type":"SearchAction","target":{"@type":"EntryPoint","urlTemplate":"https:\/\/choosecornwall.ca\/?s={search_term_string}"},"query-input":{"@type":"PropertyValueSpecification","valueRequired":true,"valueName":"search_term_string"}}],"inLanguage":"fr-FR"}]}},"_links":{"self":[{"href":"https:\/\/choosecornwall.ca\/fr\/wp-json\/wp\/v2\/pages\/3806","targetHints":{"allow":["GET"]}}],"collection":[{"href":"https:\/\/choosecornwall.ca\/fr\/wp-json\/wp\/v2\/pages"}],"about":[{"href":"https:\/\/choosecornwall.ca\/fr\/wp-json\/wp\/v2\/types\/page"}],"author":[{"embeddable":true,"href":"https:\/\/choosecornwall.ca\/fr\/wp-json\/wp\/v2\/users\/3"}],"replies":[{"embeddable":true,"href":"https:\/\/choosecornwall.ca\/fr\/wp-json\/wp\/v2\/comments?post=3806"}],"version-history":[{"count":0,"href":"https:\/\/choosecornwall.ca\/fr\/wp-json\/wp\/v2\/pages\/3806\/revisions"}],"up":[{"embeddable":true,"href":"https:\/\/choosecornwall.ca\/fr\/wp-json\/wp\/v2\/pages\/3777"}],"wp:featuredmedia":[{"embeddable":true,"href":"https:\/\/choosecornwall.ca\/fr\/wp-json\/wp\/v2\/media\/3488"}],"wp:attachment":[{"href":"https:\/\/choosecornwall.ca\/fr\/wp-json\/wp\/v2\/media?parent=3806"}],"curies":[{"name":"wp","href":"https:\/\/api.w.org\/{rel}","templated":true}]}}