{"id":3812,"date":"2018-06-25T10:52:39","date_gmt":"2018-06-25T14:52:39","guid":{"rendered":"http:\/\/choosecornwall.ca\/business-fr\/avantages-lies-a-lelectricite\/"},"modified":"2018-10-25T11:46:14","modified_gmt":"2018-10-25T15:46:14","slug":"avantages-lies-a-lelectricite","status":"publish","type":"page","link":"https:\/\/choosecornwall.ca\/fr\/affaires\/avantages-lies-a-lelectricite\/","title":{"rendered":"Avantages li\u00e9s \u00e0 l\u2019\u00e9lectricit\u00e9"},"content":{"rendered":"<p>Le tarif de l\u2019\u00e9lectricit\u00e9 de Cornwall est parmi les plus abordables en Am\u00e9rique du Nord, et ce, gr\u00e2ce \u00e0 un contrat de 11\u00bd ans, n\u00e9goci\u00e9 en 2008 entre Hydro-Qu\u00e9bec et Cornwall Electric.<\/p>\n<h2>Le tarif de Cornwall diminue de 6.2 %<\/h2>\n<p>Cette nouvelle entente r\u00e9sulte en une diminution de 6,2 % du tarif de l\u2019\u00e9lectricit\u00e9 \u00e0 Cornwall, \u00e0 un moment o\u00f9 plusieurs services publics de l\u2019Ontario ont vu leurs tarifs augmenter de 10 \u00e0 12 %. Il est pr\u00e9vu que les prix au d\u00e9tail demeureront sous les tarifs actuels jusqu\u2019en 2012 et que les ajustements de prix annuels futurs seront en fonction de l\u2019inflation jusqu\u2019en 2019. Aussi, les abonn\u00e9s de Cornwall Electric sont exempts de la redevance de liquidation de la dette pay\u00e9e par la majorit\u00e9 des abonn\u00e9s de l\u2019Ontario.<\/p>\n<h2>Une entente qui stabilise<\/h2>\n<p>La fluctuation des prix de gros de l\u2019\u00e9lectricit\u00e9 a \u00e9t\u00e9 le plus grand contributeur d\u2019incertitude de la tarification au cours des derni\u00e8res ann\u00e9es. Cette nouvelle entente assure la stabilit\u00e9 des tarifs et la fiabilit\u00e9 de l\u2019approvisionnement pour un peu plus d\u2019une d\u00e9cennie \u00e0 venir, ce qui permet aux entreprises de Cornwall de pouvoir compter sur la continuit\u00e9 de leurs op\u00e9rations.<\/p>\n<p><em>Cornwall Electric<\/em>\u00a0assure son ind\u00e9pendance du r\u00e9seau d\u2019alimentation \u00e9lectrique de l\u2019Ontario en achetant son \u00e9lectricit\u00e9 d\u2019Hydro-Qu\u00e9bec et de Cornwall District Heating, une centrale de cog\u00e9n\u00e9ration de 5 MW d\u2019\u00e9lectricit\u00e9. Niagara Mohawk garantit quant \u00e0 elle l\u2019approvisionnement d\u2019urgence en \u00e9lectricit\u00e9. Cornwall Electric est une filiale de\u00a0<em>FortisOntario<\/em>, une soci\u00e9t\u00e9 de services publics d\u2019\u00e9lectricit\u00e9 d\u00e9tenue enti\u00e8rement par des Canadiens.<\/p>\n","protected":false},"excerpt":{"rendered":"Le tarif de l\u2019\u00e9lectricit\u00e9 de Cornwall est parmi les plus abordables en Am\u00e9rique du Nord, et ce, gr\u00e2ce \u00e0 un contrat de 11\u00bd ans, n\u00e9goci\u00e9 en 2008 entre Hydro-Qu\u00e9bec et Cornwall Electric. Le tarif de Cornwall diminue de 6.2 % Cette nouvelle entente r\u00e9sulte en une diminution de 6,2 % du tarif de l\u2019\u00e9lectricit\u00e9 \u00e0&#8230; <a class=\"view-article\" href=\"https:\/\/choosecornwall.ca\/fr\/affaires\/avantages-lies-a-lelectricite\/\">Voir l&rsquo;article<\/a>","protected":false},"author":3,"featured_media":3478,"parent":3777,"menu_order":0,"comment_status":"closed","ping_status":"closed","template":"","meta":{"_acf_changed":false,"inline_featured_image":false,"footnotes":""},"class_list":["post-3812","page","type-page","status-publish","has-post-thumbnail","hentry"],"acf":[],"yoast_head":"<!-- This site is optimized with the Yoast SEO plugin v27.3 - https:\/\/yoast.com\/product\/yoast-seo-wordpress\/ -->\n<title>Avantages li\u00e9s \u00e0 l\u2019\u00e9lectricit\u00e9 - Choose Cornwall<\/title>\n<meta name=\"robots\" content=\"index, follow, max-snippet:-1, max-image-preview:large, max-video-preview:-1\" \/>\n<link rel=\"canonical\" href=\"https:\/\/choosecornwall.ca\/fr\/affaires\/avantages-lies-a-lelectricite\/\" \/>\n<meta name=\"twitter:card\" content=\"summary_large_image\" \/>\n<meta name=\"twitter:title\" content=\"Avantages li\u00e9s \u00e0 l\u2019\u00e9lectricit\u00e9 - Choose Cornwall\" \/>\n<meta name=\"twitter:description\" content=\"Le tarif de l\u2019\u00e9lectricit\u00e9 de Cornwall est parmi les plus abordables en Am\u00e9rique du Nord, et ce, gr\u00e2ce \u00e0 un contrat de 11\u00bd ans, n\u00e9goci\u00e9 en 2008 entre Hydro-Qu\u00e9bec et Cornwall Electric. Le tarif de Cornwall diminue de 6.2 % Cette nouvelle entente r\u00e9sulte en une diminution de 6,2 % du tarif de l\u2019\u00e9lectricit\u00e9 \u00e0... Voir l&#039;article\" \/>\n<meta name=\"twitter:image\" content=\"https:\/\/choosecornwall.ca\/wp-content\/uploads\/2018\/06\/banner-business-electrical-advantages.jpg\" \/>\n<meta name=\"twitter:label1\" content=\"Est. reading time\" \/>\n\t<meta name=\"twitter:data1\" content=\"1 minute\" \/>\n<script type=\"application\/ld+json\" class=\"yoast-schema-graph\">{\"@context\":\"https:\\\/\\\/schema.org\",\"@graph\":[{\"@type\":\"WebPage\",\"@id\":\"https:\\\/\\\/choosecornwall.ca\\\/fr\\\/affaires\\\/avantages-lies-a-lelectricite\\\/\",\"url\":\"https:\\\/\\\/choosecornwall.ca\\\/fr\\\/affaires\\\/avantages-lies-a-lelectricite\\\/\",\"name\":\"Avantages li\u00e9s \u00e0 l\u2019\u00e9lectricit\u00e9 - Choose Cornwall\",\"isPartOf\":{\"@id\":\"https:\\\/\\\/choosecornwall.ca\\\/#website\"},\"primaryImageOfPage\":{\"@id\":\"https:\\\/\\\/choosecornwall.ca\\\/fr\\\/affaires\\\/avantages-lies-a-lelectricite\\\/#primaryimage\"},\"image\":{\"@id\":\"https:\\\/\\\/choosecornwall.ca\\\/fr\\\/affaires\\\/avantages-lies-a-lelectricite\\\/#primaryimage\"},\"thumbnailUrl\":\"https:\\\/\\\/choosecornwall.ca\\\/wp-content\\\/uploads\\\/2018\\\/06\\\/banner-business-electrical-advantages.jpg\",\"datePublished\":\"2018-06-25T14:52:39+00:00\",\"dateModified\":\"2018-10-25T15:46:14+00:00\",\"breadcrumb\":{\"@id\":\"https:\\\/\\\/choosecornwall.ca\\\/fr\\\/affaires\\\/avantages-lies-a-lelectricite\\\/#breadcrumb\"},\"inLanguage\":\"fr-FR\",\"potentialAction\":[{\"@type\":\"ReadAction\",\"target\":[\"https:\\\/\\\/choosecornwall.ca\\\/fr\\\/affaires\\\/avantages-lies-a-lelectricite\\\/\"]}]},{\"@type\":\"ImageObject\",\"inLanguage\":\"fr-FR\",\"@id\":\"https:\\\/\\\/choosecornwall.ca\\\/fr\\\/affaires\\\/avantages-lies-a-lelectricite\\\/#primaryimage\",\"url\":\"https:\\\/\\\/choosecornwall.ca\\\/wp-content\\\/uploads\\\/2018\\\/06\\\/banner-business-electrical-advantages.jpg\",\"contentUrl\":\"https:\\\/\\\/choosecornwall.ca\\\/wp-content\\\/uploads\\\/2018\\\/06\\\/banner-business-electrical-advantages.jpg\",\"width\":970,\"height\":340},{\"@type\":\"BreadcrumbList\",\"@id\":\"https:\\\/\\\/choosecornwall.ca\\\/fr\\\/affaires\\\/avantages-lies-a-lelectricite\\\/#breadcrumb\",\"itemListElement\":[{\"@type\":\"ListItem\",\"position\":1,\"name\":\"Home\",\"item\":\"https:\\\/\\\/choosecornwall.ca\\\/fr\\\/\"},{\"@type\":\"ListItem\",\"position\":2,\"name\":\"Affaires\",\"item\":\"https:\\\/\\\/choosecornwall.ca\\\/fr\\\/affaires\\\/\"},{\"@type\":\"ListItem\",\"position\":3,\"name\":\"Avantages li\u00e9s \u00e0 l\u2019\u00e9lectricit\u00e9\"}]},{\"@type\":\"WebSite\",\"@id\":\"https:\\\/\\\/choosecornwall.ca\\\/#website\",\"url\":\"https:\\\/\\\/choosecornwall.ca\\\/\",\"name\":\"Choose Cornwall\",\"description\":\"Cornwall Economic Development\",\"potentialAction\":[{\"@type\":\"SearchAction\",\"target\":{\"@type\":\"EntryPoint\",\"urlTemplate\":\"https:\\\/\\\/choosecornwall.ca\\\/?s={search_term_string}\"},\"query-input\":{\"@type\":\"PropertyValueSpecification\",\"valueRequired\":true,\"valueName\":\"search_term_string\"}}],\"inLanguage\":\"fr-FR\"}]}<\/script>\n<!-- \/ Yoast SEO plugin. -->","yoast_head_json":{"title":"Avantages li\u00e9s \u00e0 l\u2019\u00e9lectricit\u00e9 - Choose Cornwall","robots":{"index":"index","follow":"follow","max-snippet":"max-snippet:-1","max-image-preview":"max-image-preview:large","max-video-preview":"max-video-preview:-1"},"canonical":"https:\/\/choosecornwall.ca\/fr\/affaires\/avantages-lies-a-lelectricite\/","twitter_card":"summary_large_image","twitter_title":"Avantages li\u00e9s \u00e0 l\u2019\u00e9lectricit\u00e9 - Choose Cornwall","twitter_description":"Le tarif de l\u2019\u00e9lectricit\u00e9 de Cornwall est parmi les plus abordables en Am\u00e9rique du Nord, et ce, gr\u00e2ce \u00e0 un contrat de 11\u00bd ans, n\u00e9goci\u00e9 en 2008 entre Hydro-Qu\u00e9bec et Cornwall Electric. Le tarif de Cornwall diminue de 6.2 % Cette nouvelle entente r\u00e9sulte en une diminution de 6,2 % du tarif de l\u2019\u00e9lectricit\u00e9 \u00e0... Voir l'article","twitter_image":"https:\/\/choosecornwall.ca\/wp-content\/uploads\/2018\/06\/banner-business-electrical-advantages.jpg","twitter_misc":{"Est. reading time":"1 minute"},"schema":{"@context":"https:\/\/schema.org","@graph":[{"@type":"WebPage","@id":"https:\/\/choosecornwall.ca\/fr\/affaires\/avantages-lies-a-lelectricite\/","url":"https:\/\/choosecornwall.ca\/fr\/affaires\/avantages-lies-a-lelectricite\/","name":"Avantages li\u00e9s \u00e0 l\u2019\u00e9lectricit\u00e9 - Choose Cornwall","isPartOf":{"@id":"https:\/\/choosecornwall.ca\/#website"},"primaryImageOfPage":{"@id":"https:\/\/choosecornwall.ca\/fr\/affaires\/avantages-lies-a-lelectricite\/#primaryimage"},"image":{"@id":"https:\/\/choosecornwall.ca\/fr\/affaires\/avantages-lies-a-lelectricite\/#primaryimage"},"thumbnailUrl":"https:\/\/choosecornwall.ca\/wp-content\/uploads\/2018\/06\/banner-business-electrical-advantages.jpg","datePublished":"2018-06-25T14:52:39+00:00","dateModified":"2018-10-25T15:46:14+00:00","breadcrumb":{"@id":"https:\/\/choosecornwall.ca\/fr\/affaires\/avantages-lies-a-lelectricite\/#breadcrumb"},"inLanguage":"fr-FR","potentialAction":[{"@type":"ReadAction","target":["https:\/\/choosecornwall.ca\/fr\/affaires\/avantages-lies-a-lelectricite\/"]}]},{"@type":"ImageObject","inLanguage":"fr-FR","@id":"https:\/\/choosecornwall.ca\/fr\/affaires\/avantages-lies-a-lelectricite\/#primaryimage","url":"https:\/\/choosecornwall.ca\/wp-content\/uploads\/2018\/06\/banner-business-electrical-advantages.jpg","contentUrl":"https:\/\/choosecornwall.ca\/wp-content\/uploads\/2018\/06\/banner-business-electrical-advantages.jpg","width":970,"height":340},{"@type":"BreadcrumbList","@id":"https:\/\/choosecornwall.ca\/fr\/affaires\/avantages-lies-a-lelectricite\/#breadcrumb","itemListElement":[{"@type":"ListItem","position":1,"name":"Home","item":"https:\/\/choosecornwall.ca\/fr\/"},{"@type":"ListItem","position":2,"name":"Affaires","item":"https:\/\/choosecornwall.ca\/fr\/affaires\/"},{"@type":"ListItem","position":3,"name":"Avantages li\u00e9s \u00e0 l\u2019\u00e9lectricit\u00e9"}]},{"@type":"WebSite","@id":"https:\/\/choosecornwall.ca\/#website","url":"https:\/\/choosecornwall.ca\/","name":"Choose Cornwall","description":"Cornwall Economic Development","potentialAction":[{"@type":"SearchAction","target":{"@type":"EntryPoint","urlTemplate":"https:\/\/choosecornwall.ca\/?s={search_term_string}"},"query-input":{"@type":"PropertyValueSpecification","valueRequired":true,"valueName":"search_term_string"}}],"inLanguage":"fr-FR"}]}},"_links":{"self":[{"href":"https:\/\/choosecornwall.ca\/fr\/wp-json\/wp\/v2\/pages\/3812","targetHints":{"allow":["GET"]}}],"collection":[{"href":"https:\/\/choosecornwall.ca\/fr\/wp-json\/wp\/v2\/pages"}],"about":[{"href":"https:\/\/choosecornwall.ca\/fr\/wp-json\/wp\/v2\/types\/page"}],"author":[{"embeddable":true,"href":"https:\/\/choosecornwall.ca\/fr\/wp-json\/wp\/v2\/users\/3"}],"replies":[{"embeddable":true,"href":"https:\/\/choosecornwall.ca\/fr\/wp-json\/wp\/v2\/comments?post=3812"}],"version-history":[{"count":0,"href":"https:\/\/choosecornwall.ca\/fr\/wp-json\/wp\/v2\/pages\/3812\/revisions"}],"up":[{"embeddable":true,"href":"https:\/\/choosecornwall.ca\/fr\/wp-json\/wp\/v2\/pages\/3777"}],"wp:featuredmedia":[{"embeddable":true,"href":"https:\/\/choosecornwall.ca\/fr\/wp-json\/wp\/v2\/media\/3478"}],"wp:attachment":[{"href":"https:\/\/choosecornwall.ca\/fr\/wp-json\/wp\/v2\/media?parent=3812"}],"curies":[{"name":"wp","href":"https:\/\/api.w.org\/{rel}","templated":true}]}}