{"id":3817,"date":"2018-06-25T10:59:02","date_gmt":"2018-06-25T14:59:02","guid":{"rendered":"http:\/\/choosecornwall.ca\/business-fr\/frais-de-developpement\/"},"modified":"2018-12-07T10:40:24","modified_gmt":"2018-12-07T15:40:24","slug":"frais-de-developpement","status":"publish","type":"page","link":"https:\/\/choosecornwall.ca\/fr\/affaires\/frais-de-developpement\/","title":{"rendered":"Frais de d\u00e9veloppement"},"content":{"rendered":"<h1 style=\"text-align: center;\">Redevances d\u2019am\u00e9nagement concurrentielles<\/h1>\n<p>Cornwall fait partie d\u2019un tr\u00e8s petit nombre de villes de l\u2019Ontario qui n\u2019imposent aucuns frais de d\u00e9veloppement. Ces frais peuvent facilement ajouter jusqu\u2019\u00e0 10 000 $ \u00e0 un projet de d\u00e9veloppement, et parfois encore plus!<\/p>\n<p>Les frais de d\u00e9veloppement sont les montants impos\u00e9s sur les propri\u00e9t\u00e9s r\u00e9sidentielles et <a href=\"https:\/\/choosecornwall.ca\/fr\/affaires\/immobilier\/\">non-r\u00e9sidentielles<\/a> pour aider le financement par la ville des nouvelles infrastructures et des services municipaux. Ils ne sont pas les seuls co\u00fbts rencontr\u00e9s dans les projets de d\u00e9veloppement : des frais de permis de construction, des frais applicables au zonage et d\u2019autres montants peuvent s\u2019ajouter et devenir des montants importants m\u00eame pour les petits projets.<\/p>\n<p>Les frais de d\u00e9veloppement ne sont pas facilement identifiables dans l\u2019\u00e9valuation des co\u00fbts de d\u00e9m\u00e9nagement dans une ville. Ils sont parfois absorb\u00e9s par les promoteurs et r\u00e9cup\u00e9r\u00e9s \u00e0 m\u00eame le prix d\u2019achat plus \u00e9lev\u00e9 pour la propri\u00e9t\u00e9.<\/p>\n<p>Le co\u00fbt des permis de construction de Cornwall est, en moyenne, inf\u00e9rieur \u00e0 la plupart des grandes villes de l\u2019Ontario.<\/p>\n<p>Les services d\u2019am\u00e9nagement de la ville de Cornwall soutiennent les investisseurs et les d\u00e9veloppeurs pour tous les projets de d\u00e9veloppement. Ceci inclut l\u2019explication de l\u2019impact du plan officiel de la ville, les r\u00e8glements de zonage et le processus d\u2019approbation des am\u00e9nagements de site. Le personnel du Bureau de permis est pr\u00e9sent pour vous assister dans l\u2019application du code du b\u00e2timent de l\u2019Ontario.<\/p>\n<p>Les services d\u2019am\u00e9nagement coordonnent aussi le financement, par les gouvernements provincial et f\u00e9d\u00e9ral, pour les projets d\u2019am\u00e9nagement communautaire, incluant l\u2019am\u00e9lioration des quartiers r\u00e9sidentiels et le r\u00e9am\u00e9nagement des friches industrielles.<\/p>\n","protected":false},"excerpt":{"rendered":"Redevances d\u2019am\u00e9nagement concurrentielles Cornwall fait partie d\u2019un tr\u00e8s petit nombre de villes de l\u2019Ontario qui n\u2019imposent aucuns frais de d\u00e9veloppement. Ces frais peuvent facilement ajouter jusqu\u2019\u00e0 10 000 $ \u00e0 un projet de d\u00e9veloppement, et parfois encore plus! Les frais de d\u00e9veloppement sont les montants impos\u00e9s sur les propri\u00e9t\u00e9s r\u00e9sidentielles et non-r\u00e9sidentielles pour aider le&#8230; <a class=\"view-article\" href=\"https:\/\/choosecornwall.ca\/fr\/affaires\/frais-de-developpement\/\">Voir l&rsquo;article<\/a>","protected":false},"author":3,"featured_media":3473,"parent":3777,"menu_order":0,"comment_status":"closed","ping_status":"closed","template":"","meta":{"_acf_changed":false,"inline_featured_image":false,"footnotes":""},"class_list":["post-3817","page","type-page","status-publish","has-post-thumbnail","hentry"],"acf":[],"yoast_head":"<!-- This site is optimized with the Yoast SEO plugin v27.3 - https:\/\/yoast.com\/product\/yoast-seo-wordpress\/ -->\n<title>Frais de d\u00e9veloppement - Choose Cornwall<\/title>\n<meta name=\"robots\" content=\"index, follow, max-snippet:-1, max-image-preview:large, max-video-preview:-1\" \/>\n<link rel=\"canonical\" href=\"https:\/\/choosecornwall.ca\/fr\/affaires\/frais-de-developpement\/\" \/>\n<meta name=\"twitter:card\" content=\"summary_large_image\" \/>\n<meta name=\"twitter:title\" content=\"Frais de d\u00e9veloppement - Choose Cornwall\" \/>\n<meta name=\"twitter:description\" content=\"Redevances d\u2019am\u00e9nagement concurrentielles Cornwall fait partie d\u2019un tr\u00e8s petit nombre de villes de l\u2019Ontario qui n\u2019imposent aucuns frais de d\u00e9veloppement. Ces frais peuvent facilement ajouter jusqu\u2019\u00e0 10 000 $ \u00e0 un projet de d\u00e9veloppement, et parfois encore plus! Les frais de d\u00e9veloppement sont les montants impos\u00e9s sur les propri\u00e9t\u00e9s r\u00e9sidentielles et non-r\u00e9sidentielles pour aider le... Voir l&#039;article\" \/>\n<meta name=\"twitter:image\" content=\"https:\/\/choosecornwall.ca\/wp-content\/uploads\/2018\/06\/banner-business-development-approvals.jpg\" \/>\n<meta name=\"twitter:label1\" content=\"Est. reading time\" \/>\n\t<meta name=\"twitter:data1\" content=\"2 minutes\" \/>\n<script type=\"application\/ld+json\" class=\"yoast-schema-graph\">{\"@context\":\"https:\\\/\\\/schema.org\",\"@graph\":[{\"@type\":\"WebPage\",\"@id\":\"https:\\\/\\\/choosecornwall.ca\\\/fr\\\/affaires\\\/frais-de-developpement\\\/\",\"url\":\"https:\\\/\\\/choosecornwall.ca\\\/fr\\\/affaires\\\/frais-de-developpement\\\/\",\"name\":\"Frais de d\u00e9veloppement - Choose Cornwall\",\"isPartOf\":{\"@id\":\"https:\\\/\\\/choosecornwall.ca\\\/#website\"},\"primaryImageOfPage\":{\"@id\":\"https:\\\/\\\/choosecornwall.ca\\\/fr\\\/affaires\\\/frais-de-developpement\\\/#primaryimage\"},\"image\":{\"@id\":\"https:\\\/\\\/choosecornwall.ca\\\/fr\\\/affaires\\\/frais-de-developpement\\\/#primaryimage\"},\"thumbnailUrl\":\"https:\\\/\\\/choosecornwall.ca\\\/wp-content\\\/uploads\\\/2018\\\/06\\\/banner-business-development-approvals.jpg\",\"datePublished\":\"2018-06-25T14:59:02+00:00\",\"dateModified\":\"2018-12-07T15:40:24+00:00\",\"breadcrumb\":{\"@id\":\"https:\\\/\\\/choosecornwall.ca\\\/fr\\\/affaires\\\/frais-de-developpement\\\/#breadcrumb\"},\"inLanguage\":\"fr-FR\",\"potentialAction\":[{\"@type\":\"ReadAction\",\"target\":[\"https:\\\/\\\/choosecornwall.ca\\\/fr\\\/affaires\\\/frais-de-developpement\\\/\"]}]},{\"@type\":\"ImageObject\",\"inLanguage\":\"fr-FR\",\"@id\":\"https:\\\/\\\/choosecornwall.ca\\\/fr\\\/affaires\\\/frais-de-developpement\\\/#primaryimage\",\"url\":\"https:\\\/\\\/choosecornwall.ca\\\/wp-content\\\/uploads\\\/2018\\\/06\\\/banner-business-development-approvals.jpg\",\"contentUrl\":\"https:\\\/\\\/choosecornwall.ca\\\/wp-content\\\/uploads\\\/2018\\\/06\\\/banner-business-development-approvals.jpg\",\"width\":970,\"height\":340},{\"@type\":\"BreadcrumbList\",\"@id\":\"https:\\\/\\\/choosecornwall.ca\\\/fr\\\/affaires\\\/frais-de-developpement\\\/#breadcrumb\",\"itemListElement\":[{\"@type\":\"ListItem\",\"position\":1,\"name\":\"Home\",\"item\":\"https:\\\/\\\/choosecornwall.ca\\\/fr\\\/\"},{\"@type\":\"ListItem\",\"position\":2,\"name\":\"Affaires\",\"item\":\"https:\\\/\\\/choosecornwall.ca\\\/fr\\\/affaires\\\/\"},{\"@type\":\"ListItem\",\"position\":3,\"name\":\"Frais de d\u00e9veloppement\"}]},{\"@type\":\"WebSite\",\"@id\":\"https:\\\/\\\/choosecornwall.ca\\\/#website\",\"url\":\"https:\\\/\\\/choosecornwall.ca\\\/\",\"name\":\"Choose Cornwall\",\"description\":\"Cornwall Economic Development\",\"potentialAction\":[{\"@type\":\"SearchAction\",\"target\":{\"@type\":\"EntryPoint\",\"urlTemplate\":\"https:\\\/\\\/choosecornwall.ca\\\/?s={search_term_string}\"},\"query-input\":{\"@type\":\"PropertyValueSpecification\",\"valueRequired\":true,\"valueName\":\"search_term_string\"}}],\"inLanguage\":\"fr-FR\"}]}<\/script>\n<!-- \/ Yoast SEO plugin. -->","yoast_head_json":{"title":"Frais de d\u00e9veloppement - Choose Cornwall","robots":{"index":"index","follow":"follow","max-snippet":"max-snippet:-1","max-image-preview":"max-image-preview:large","max-video-preview":"max-video-preview:-1"},"canonical":"https:\/\/choosecornwall.ca\/fr\/affaires\/frais-de-developpement\/","twitter_card":"summary_large_image","twitter_title":"Frais de d\u00e9veloppement - Choose Cornwall","twitter_description":"Redevances d\u2019am\u00e9nagement concurrentielles Cornwall fait partie d\u2019un tr\u00e8s petit nombre de villes de l\u2019Ontario qui n\u2019imposent aucuns frais de d\u00e9veloppement. Ces frais peuvent facilement ajouter jusqu\u2019\u00e0 10 000 $ \u00e0 un projet de d\u00e9veloppement, et parfois encore plus! Les frais de d\u00e9veloppement sont les montants impos\u00e9s sur les propri\u00e9t\u00e9s r\u00e9sidentielles et non-r\u00e9sidentielles pour aider le... Voir l'article","twitter_image":"https:\/\/choosecornwall.ca\/wp-content\/uploads\/2018\/06\/banner-business-development-approvals.jpg","twitter_misc":{"Est. reading time":"2 minutes"},"schema":{"@context":"https:\/\/schema.org","@graph":[{"@type":"WebPage","@id":"https:\/\/choosecornwall.ca\/fr\/affaires\/frais-de-developpement\/","url":"https:\/\/choosecornwall.ca\/fr\/affaires\/frais-de-developpement\/","name":"Frais de d\u00e9veloppement - Choose Cornwall","isPartOf":{"@id":"https:\/\/choosecornwall.ca\/#website"},"primaryImageOfPage":{"@id":"https:\/\/choosecornwall.ca\/fr\/affaires\/frais-de-developpement\/#primaryimage"},"image":{"@id":"https:\/\/choosecornwall.ca\/fr\/affaires\/frais-de-developpement\/#primaryimage"},"thumbnailUrl":"https:\/\/choosecornwall.ca\/wp-content\/uploads\/2018\/06\/banner-business-development-approvals.jpg","datePublished":"2018-06-25T14:59:02+00:00","dateModified":"2018-12-07T15:40:24+00:00","breadcrumb":{"@id":"https:\/\/choosecornwall.ca\/fr\/affaires\/frais-de-developpement\/#breadcrumb"},"inLanguage":"fr-FR","potentialAction":[{"@type":"ReadAction","target":["https:\/\/choosecornwall.ca\/fr\/affaires\/frais-de-developpement\/"]}]},{"@type":"ImageObject","inLanguage":"fr-FR","@id":"https:\/\/choosecornwall.ca\/fr\/affaires\/frais-de-developpement\/#primaryimage","url":"https:\/\/choosecornwall.ca\/wp-content\/uploads\/2018\/06\/banner-business-development-approvals.jpg","contentUrl":"https:\/\/choosecornwall.ca\/wp-content\/uploads\/2018\/06\/banner-business-development-approvals.jpg","width":970,"height":340},{"@type":"BreadcrumbList","@id":"https:\/\/choosecornwall.ca\/fr\/affaires\/frais-de-developpement\/#breadcrumb","itemListElement":[{"@type":"ListItem","position":1,"name":"Home","item":"https:\/\/choosecornwall.ca\/fr\/"},{"@type":"ListItem","position":2,"name":"Affaires","item":"https:\/\/choosecornwall.ca\/fr\/affaires\/"},{"@type":"ListItem","position":3,"name":"Frais de d\u00e9veloppement"}]},{"@type":"WebSite","@id":"https:\/\/choosecornwall.ca\/#website","url":"https:\/\/choosecornwall.ca\/","name":"Choose Cornwall","description":"Cornwall Economic Development","potentialAction":[{"@type":"SearchAction","target":{"@type":"EntryPoint","urlTemplate":"https:\/\/choosecornwall.ca\/?s={search_term_string}"},"query-input":{"@type":"PropertyValueSpecification","valueRequired":true,"valueName":"search_term_string"}}],"inLanguage":"fr-FR"}]}},"_links":{"self":[{"href":"https:\/\/choosecornwall.ca\/fr\/wp-json\/wp\/v2\/pages\/3817","targetHints":{"allow":["GET"]}}],"collection":[{"href":"https:\/\/choosecornwall.ca\/fr\/wp-json\/wp\/v2\/pages"}],"about":[{"href":"https:\/\/choosecornwall.ca\/fr\/wp-json\/wp\/v2\/types\/page"}],"author":[{"embeddable":true,"href":"https:\/\/choosecornwall.ca\/fr\/wp-json\/wp\/v2\/users\/3"}],"replies":[{"embeddable":true,"href":"https:\/\/choosecornwall.ca\/fr\/wp-json\/wp\/v2\/comments?post=3817"}],"version-history":[{"count":0,"href":"https:\/\/choosecornwall.ca\/fr\/wp-json\/wp\/v2\/pages\/3817\/revisions"}],"up":[{"embeddable":true,"href":"https:\/\/choosecornwall.ca\/fr\/wp-json\/wp\/v2\/pages\/3777"}],"wp:featuredmedia":[{"embeddable":true,"href":"https:\/\/choosecornwall.ca\/fr\/wp-json\/wp\/v2\/media\/3473"}],"wp:attachment":[{"href":"https:\/\/choosecornwall.ca\/fr\/wp-json\/wp\/v2\/media?parent=3817"}],"curies":[{"name":"wp","href":"https:\/\/api.w.org\/{rel}","templated":true}]}}