{"id":3819,"date":"2018-06-25T11:01:40","date_gmt":"2018-06-25T15:01:40","guid":{"rendered":"http:\/\/choosecornwall.ca\/business-fr\/immobilier\/"},"modified":"2018-11-27T14:57:32","modified_gmt":"2018-11-27T19:57:32","slug":"immobilier","status":"publish","type":"page","link":"https:\/\/choosecornwall.ca\/fr\/affaires\/immobilier\/","title":{"rendered":"Immobilier"},"content":{"rendered":"<h2>Un terrain vous attend<\/h2>\n<p>Lorsqu\u2019une entreprise cherche \u00e0 mettre en place une nouvelle installation, le premier obstacle qu\u2019elle doit franchir sur le plan des co\u00fbts est le choix entre la location, d\u2019une part, et l\u2019acquisition d\u2019un terrain et la construction d\u2019un \u00e9difice, d\u2019autre part.<\/p>\n<p>Comme le prix de l\u2019acre de terrain de parc commercial enti\u00e8rement viabilis\u00e9 est de 30 000 $, Cornwall poss\u00e8de l\u2019un des co\u00fbts les plus faibles \u00e0 ce chapitre par rapport \u00e0 de nombreuses villes nord-am\u00e9ricaines et europ\u00e9ennes.<\/p>\n<p>En 1997, une \u00e9tude de KPMG a constat\u00e9 que le co\u00fbt des terrains industriels de Cornwall est inf\u00e9rieur de 41 % \u00e0 celui de la moyenne de 42 villes examin\u00e9es dans le monde entier. Fait remarquable, le co\u00fbt de nos terrains est toujours aussi faible m\u00eame une d\u00e9cennie plus tard!<\/p>\n<p>Attendez-vous aussi \u00e0 \u00e9conomiser sur les co\u00fbts de construction des \u00e9difices. En l\u2019absence de droits d\u2019am\u00e9nagement et avec des redevances de d\u00e9versement faibles et des entrepreneurs locaux exp\u00e9riment\u00e9s et efficaces, les co\u00fbts de construction \u00e0 Cornwall comptent parmi les plus faibles d\u2019Am\u00e9rique du Nord.<\/p>\n<p>\u00c0 la faiblesse des co\u00fbts fonciers et de construction, s\u2019ajoute celle des frais de location des locaux de d\u00e9tail, de bureaux et de fabrication. Les entreprises peuvent s\u2019attendre \u00e0 louer des locaux pour aussi peu que 3 $ le pied carr\u00e9 pour les usines et 20 $ le pied carr\u00e9 pour des bureaux.<\/p>\n<p>La faiblesse des co\u00fbts d\u2019investissement initial constitue un avantage \u00e9vident qui se traduit par la possibilit\u00e9 d\u2019un meilleur rendement du capital investi par votre compagnie. En outre, elle r\u00e9duit le fardeau impos\u00e9 habituellement aux nouvelles entreprises en d\u00e9marrage, diminue le besoin d\u2019un financement et raccourcit l\u2019\u00e9ch\u00e9ancier de remboursement.<\/p>\n<h3><strong>\u00c9difices disponibles<\/strong><\/h3>\n<p>Des \u00e9difices de Cornwall sont parfois disponibles \u00e0 la vente ou \u00e0 la location. Nous avons mis en place des liens vers certaines de ces propri\u00e9t\u00e9s sur le pr\u00e9sent site Internet. Nous avons \u00e9galement \u00e9tabli les profils de 67 propri\u00e9t\u00e9s disponibles dans une brochure de 20 pages. Cliquez sur les liens suivants pour en savoir plus\u00a0:<\/p>\n<ul>\n<li><a href=\"https:\/\/choosecornwall.ca\/wp-content\/uploads\/2018\/06\/Cornwall-Development-Opportunities.pdf\" target=\"_blank\" rel=\"noopener\">Brochure sur les occasions de d\u00e9veloppement<\/a>\u00a0(en anglais)<\/li>\n<\/ul>\n<p>Veuillez noter que les listes susmentionn\u00e9es ne sont pas d\u00e9termin\u00e9es dans l\u2019absolu, des propri\u00e9t\u00e9s \u00e9tant parfois ajout\u00e9es ou retir\u00e9es du march\u00e9 sans pr\u00e9avis.\u00a0<a href=\"https:\/\/choosecornwall.ca\/fr\/contact-fr\/\" target=\"_blank\" rel=\"noopener\">Communiquez-nous<\/a>\u00a0vos besoins particuliers et nous vous recontacterons avec une liste personnalis\u00e9e des propri\u00e9t\u00e9s disponibles.<\/p>\n<h3><strong>Terrains disponibles<\/strong><\/h3>\n<p>La municipalit\u00e9 de Cornwall entretient plus de 500 acres de terrain am\u00e9nag\u00e9 dans le\u00a0<a href=\"https:\/\/choosecornwall.ca\/fr\/affaires\/parc-daffaires\/\" target=\"_blank\" rel=\"noopener\">parc d\u2019affaires<\/a>\u00a0de Cornwall.<\/p>\n","protected":false},"excerpt":{"rendered":"Un terrain vous attend Lorsqu\u2019une entreprise cherche \u00e0 mettre en place une nouvelle installation, le premier obstacle qu\u2019elle doit franchir sur le plan des co\u00fbts est le choix entre la location, d\u2019une part, et l\u2019acquisition d\u2019un terrain et la construction d\u2019un \u00e9difice, d\u2019autre part. Comme le prix de l\u2019acre de terrain de parc commercial enti\u00e8rement&#8230; <a class=\"view-article\" href=\"https:\/\/choosecornwall.ca\/fr\/affaires\/immobilier\/\">Voir l&rsquo;article<\/a>","protected":false},"author":3,"featured_media":8772,"parent":3777,"menu_order":0,"comment_status":"closed","ping_status":"closed","template":"","meta":{"_acf_changed":false,"inline_featured_image":false,"footnotes":""},"class_list":["post-3819","page","type-page","status-publish","has-post-thumbnail","hentry"],"acf":[],"yoast_head":"<!-- This site is optimized with the Yoast SEO plugin v27.3 - https:\/\/yoast.com\/product\/yoast-seo-wordpress\/ -->\n<title>Immobilier - Choose Cornwall<\/title>\n<meta name=\"robots\" content=\"index, follow, max-snippet:-1, max-image-preview:large, max-video-preview:-1\" \/>\n<link rel=\"canonical\" href=\"https:\/\/choosecornwall.ca\/business\/real-estate\/\" \/>\n<meta name=\"twitter:card\" content=\"summary_large_image\" \/>\n<meta name=\"twitter:title\" content=\"Immobilier - Choose Cornwall\" \/>\n<meta name=\"twitter:description\" content=\"Un terrain vous attend Lorsqu\u2019une entreprise cherche \u00e0 mettre en place une nouvelle installation, le premier obstacle qu\u2019elle doit franchir sur le plan des co\u00fbts est le choix entre la location, d\u2019une part, et l\u2019acquisition d\u2019un terrain et la construction d\u2019un \u00e9difice, d\u2019autre part. Comme le prix de l\u2019acre de terrain de parc commercial enti\u00e8rement... Voir l&#039;article\" \/>\n<meta name=\"twitter:image\" content=\"https:\/\/choosecornwall.ca\/wp-content\/uploads\/2019\/01\/Cornwall-Real-Estate2-Banner.jpg\" \/>\n<meta name=\"twitter:label1\" content=\"Est. reading time\" \/>\n\t<meta name=\"twitter:data1\" content=\"2 minutes\" \/>\n<script type=\"application\/ld+json\" class=\"yoast-schema-graph\">{\"@context\":\"https:\\\/\\\/schema.org\",\"@graph\":[{\"@type\":\"WebPage\",\"@id\":\"https:\\\/\\\/choosecornwall.ca\\\/business\\\/real-estate\\\/\",\"url\":\"https:\\\/\\\/choosecornwall.ca\\\/business\\\/real-estate\\\/\",\"name\":\"Immobilier - Choose Cornwall\",\"isPartOf\":{\"@id\":\"https:\\\/\\\/choosecornwall.ca\\\/#website\"},\"primaryImageOfPage\":{\"@id\":\"https:\\\/\\\/choosecornwall.ca\\\/business\\\/real-estate\\\/#primaryimage\"},\"image\":{\"@id\":\"https:\\\/\\\/choosecornwall.ca\\\/business\\\/real-estate\\\/#primaryimage\"},\"thumbnailUrl\":\"https:\\\/\\\/choosecornwall.ca\\\/wp-content\\\/uploads\\\/2019\\\/01\\\/Cornwall-Real-Estate2-Banner.jpg\",\"datePublished\":\"2018-06-25T15:01:40+00:00\",\"dateModified\":\"2018-11-27T19:57:32+00:00\",\"breadcrumb\":{\"@id\":\"https:\\\/\\\/choosecornwall.ca\\\/business\\\/real-estate\\\/#breadcrumb\"},\"inLanguage\":\"fr-FR\",\"potentialAction\":[{\"@type\":\"ReadAction\",\"target\":[\"https:\\\/\\\/choosecornwall.ca\\\/business\\\/real-estate\\\/\"]}]},{\"@type\":\"ImageObject\",\"inLanguage\":\"fr-FR\",\"@id\":\"https:\\\/\\\/choosecornwall.ca\\\/business\\\/real-estate\\\/#primaryimage\",\"url\":\"https:\\\/\\\/choosecornwall.ca\\\/wp-content\\\/uploads\\\/2019\\\/01\\\/Cornwall-Real-Estate2-Banner.jpg\",\"contentUrl\":\"https:\\\/\\\/choosecornwall.ca\\\/wp-content\\\/uploads\\\/2019\\\/01\\\/Cornwall-Real-Estate2-Banner.jpg\",\"width\":970,\"height\":340,\"caption\":\"Real Estate in Cornwall Ontario\"},{\"@type\":\"BreadcrumbList\",\"@id\":\"https:\\\/\\\/choosecornwall.ca\\\/business\\\/real-estate\\\/#breadcrumb\",\"itemListElement\":[{\"@type\":\"ListItem\",\"position\":1,\"name\":\"Home\",\"item\":\"https:\\\/\\\/choosecornwall.ca\\\/fr\\\/\"},{\"@type\":\"ListItem\",\"position\":2,\"name\":\"Affaires\",\"item\":\"https:\\\/\\\/choosecornwall.ca\\\/fr\\\/affaires\\\/\"},{\"@type\":\"ListItem\",\"position\":3,\"name\":\"Immobilier\"}]},{\"@type\":\"WebSite\",\"@id\":\"https:\\\/\\\/choosecornwall.ca\\\/#website\",\"url\":\"https:\\\/\\\/choosecornwall.ca\\\/\",\"name\":\"Choose Cornwall\",\"description\":\"Cornwall Economic Development\",\"potentialAction\":[{\"@type\":\"SearchAction\",\"target\":{\"@type\":\"EntryPoint\",\"urlTemplate\":\"https:\\\/\\\/choosecornwall.ca\\\/?s={search_term_string}\"},\"query-input\":{\"@type\":\"PropertyValueSpecification\",\"valueRequired\":true,\"valueName\":\"search_term_string\"}}],\"inLanguage\":\"fr-FR\"}]}<\/script>\n<!-- \/ Yoast SEO plugin. -->","yoast_head_json":{"title":"Immobilier - Choose Cornwall","robots":{"index":"index","follow":"follow","max-snippet":"max-snippet:-1","max-image-preview":"max-image-preview:large","max-video-preview":"max-video-preview:-1"},"canonical":"https:\/\/choosecornwall.ca\/business\/real-estate\/","twitter_card":"summary_large_image","twitter_title":"Immobilier - Choose Cornwall","twitter_description":"Un terrain vous attend Lorsqu\u2019une entreprise cherche \u00e0 mettre en place une nouvelle installation, le premier obstacle qu\u2019elle doit franchir sur le plan des co\u00fbts est le choix entre la location, d\u2019une part, et l\u2019acquisition d\u2019un terrain et la construction d\u2019un \u00e9difice, d\u2019autre part. Comme le prix de l\u2019acre de terrain de parc commercial enti\u00e8rement... Voir l'article","twitter_image":"https:\/\/choosecornwall.ca\/wp-content\/uploads\/2019\/01\/Cornwall-Real-Estate2-Banner.jpg","twitter_misc":{"Est. reading time":"2 minutes"},"schema":{"@context":"https:\/\/schema.org","@graph":[{"@type":"WebPage","@id":"https:\/\/choosecornwall.ca\/business\/real-estate\/","url":"https:\/\/choosecornwall.ca\/business\/real-estate\/","name":"Immobilier - Choose Cornwall","isPartOf":{"@id":"https:\/\/choosecornwall.ca\/#website"},"primaryImageOfPage":{"@id":"https:\/\/choosecornwall.ca\/business\/real-estate\/#primaryimage"},"image":{"@id":"https:\/\/choosecornwall.ca\/business\/real-estate\/#primaryimage"},"thumbnailUrl":"https:\/\/choosecornwall.ca\/wp-content\/uploads\/2019\/01\/Cornwall-Real-Estate2-Banner.jpg","datePublished":"2018-06-25T15:01:40+00:00","dateModified":"2018-11-27T19:57:32+00:00","breadcrumb":{"@id":"https:\/\/choosecornwall.ca\/business\/real-estate\/#breadcrumb"},"inLanguage":"fr-FR","potentialAction":[{"@type":"ReadAction","target":["https:\/\/choosecornwall.ca\/business\/real-estate\/"]}]},{"@type":"ImageObject","inLanguage":"fr-FR","@id":"https:\/\/choosecornwall.ca\/business\/real-estate\/#primaryimage","url":"https:\/\/choosecornwall.ca\/wp-content\/uploads\/2019\/01\/Cornwall-Real-Estate2-Banner.jpg","contentUrl":"https:\/\/choosecornwall.ca\/wp-content\/uploads\/2019\/01\/Cornwall-Real-Estate2-Banner.jpg","width":970,"height":340,"caption":"Real Estate in Cornwall Ontario"},{"@type":"BreadcrumbList","@id":"https:\/\/choosecornwall.ca\/business\/real-estate\/#breadcrumb","itemListElement":[{"@type":"ListItem","position":1,"name":"Home","item":"https:\/\/choosecornwall.ca\/fr\/"},{"@type":"ListItem","position":2,"name":"Affaires","item":"https:\/\/choosecornwall.ca\/fr\/affaires\/"},{"@type":"ListItem","position":3,"name":"Immobilier"}]},{"@type":"WebSite","@id":"https:\/\/choosecornwall.ca\/#website","url":"https:\/\/choosecornwall.ca\/","name":"Choose Cornwall","description":"Cornwall Economic Development","potentialAction":[{"@type":"SearchAction","target":{"@type":"EntryPoint","urlTemplate":"https:\/\/choosecornwall.ca\/?s={search_term_string}"},"query-input":{"@type":"PropertyValueSpecification","valueRequired":true,"valueName":"search_term_string"}}],"inLanguage":"fr-FR"}]}},"_links":{"self":[{"href":"https:\/\/choosecornwall.ca\/fr\/wp-json\/wp\/v2\/pages\/3819","targetHints":{"allow":["GET"]}}],"collection":[{"href":"https:\/\/choosecornwall.ca\/fr\/wp-json\/wp\/v2\/pages"}],"about":[{"href":"https:\/\/choosecornwall.ca\/fr\/wp-json\/wp\/v2\/types\/page"}],"author":[{"embeddable":true,"href":"https:\/\/choosecornwall.ca\/fr\/wp-json\/wp\/v2\/users\/3"}],"replies":[{"embeddable":true,"href":"https:\/\/choosecornwall.ca\/fr\/wp-json\/wp\/v2\/comments?post=3819"}],"version-history":[{"count":0,"href":"https:\/\/choosecornwall.ca\/fr\/wp-json\/wp\/v2\/pages\/3819\/revisions"}],"up":[{"embeddable":true,"href":"https:\/\/choosecornwall.ca\/fr\/wp-json\/wp\/v2\/pages\/3777"}],"wp:featuredmedia":[{"embeddable":true,"href":"https:\/\/choosecornwall.ca\/fr\/wp-json\/wp\/v2\/media\/8772"}],"wp:attachment":[{"href":"https:\/\/choosecornwall.ca\/fr\/wp-json\/wp\/v2\/media?parent=3819"}],"curies":[{"name":"wp","href":"https:\/\/api.w.org\/{rel}","templated":true}]}}