{"id":3823,"date":"2018-06-25T11:04:37","date_gmt":"2018-06-25T15:04:37","guid":{"rendered":"http:\/\/choosecornwall.ca\/business-fr\/en-bonne-compagnie\/"},"modified":"2018-11-27T10:51:28","modified_gmt":"2018-11-27T15:51:28","slug":"en-bonne-compagnie","status":"publish","type":"page","link":"https:\/\/choosecornwall.ca\/fr\/affaires\/en-bonne-compagnie\/","title":{"rendered":"En bonne compagnie"},"content":{"rendered":"<h2>Vous serez en bonne compagnie<\/h2>\n<p>Depuis le dernier si\u00e8cle et demi, des entreprises de Cornwall aident \u00e0 transformer le monde.<\/p>\n<p>Au cours des 20 derni\u00e8res ann\u00e9es, l\u2019\u00e9conomie s\u2019est consid\u00e9rablement diversifi\u00e9e \u00e0 Cornwall, centre manufacturier de par sa tradition. La ville est fi\u00e8re de poss\u00e9der des secteurs dynamiques dans les domaines de la vente au d\u00e9tail, des bureaux, de la logistique et du service \u00e0 la client\u00e8le, en plus d\u2019usines de fabrication solides.<\/p>\n<p>Cornwall est le si\u00e8ge de deux des plus importants centres de logistique et de distribution du Canada. SCM Canada exploite un \u00e9norme centre de distribution \u00e0 la fine pointe de la technologie pour Wal-Mart sur le chemin Boundary, tandis que Benson Organization soutient plus de 300 emplacements depuis son si\u00e8ge social et centre de distribution, situ\u00e9 dans le parc industriel de Cornwall. Ces deux entreprises sont soutenues par une vari\u00e9t\u00e9 de soci\u00e9t\u00e9s de camionnage et d\u2019entreposage prim\u00e9es.<\/p>\n<p>Gr\u00e2ce \u00e0 sa main-d\u2019\u0153uvre\u00a0<a title=\"Travailler \u00e0 Cornwall\" href=\"https:\/\/choosecornwall.ca\/fr\/jobs-fr\/\">bilingue<\/a>\u00a0et \u00e0 son\u00a0<a title=\"Infrastructure\" href=\"http:\/\/www.choosecornwall.ca\/fra\/business-in-cornwall\/infrastructure\/\">infrastructure de t\u00e9l\u00e9communication<\/a>, Cornwall a attir\u00e9 plusieurs centres d\u2019appels d\u2019arriv\u00e9e qui sont ax\u00e9s sur le service \u00e0 la client\u00e8le, les principaux \u00e9tant StarTek et TelePerformance, avec leurs 600 et 450 employ\u00e9s, respectivement. Ces centres d\u2019appels et d\u2019autres semblables ont permis \u00e0 la main-d\u2019\u0153uvre locale d\u2019acqu\u00e9rir de nouvelles comp\u00e9tences en informatique et en service \u00e0 la client\u00e8le.<\/p>\n<p>Le secteur manufacturier de Cornwall demeure un important facteur \u00e9conomique. Il est en mesure de trouver des niches gr\u00e2ce \u00e0 l\u2019innovation, \u00e0 son efficacit\u00e9 et \u00e0 la qualit\u00e9 de sa production. Johns Manville, fabricant mondial de premier ordre, se sert de ses installations de Cornwall pour r\u00e9aliser de nombreux nouveaux produits, y compris les mat\u00e9riaux d\u2019isolation prim\u00e9s Invinsa et Easyboard. Des chirurgiens du monde entier continuent de sauver des vies \u00e0 l\u2019aide de sondes d\u2019angioplastie ultramodernes fabriqu\u00e9es \u00e0 Cornwall par NuMED Canada. Pour sa part, Oxy-Arc International con\u00e7oit des m\u00e9thodes novatrices de d\u00e9coupage de plaques d\u2019acier et de fer d\u2019une \u00e9paisseur sup\u00e9rieure \u00e0 4 pieds (1,22 m). Voici \u00e0 peine quelques exemples d\u2019une quarantaine de r\u00e9ussites locales au chapitre de la fabrication.<\/p>\n<p>Des organismes gouvernementaux et des entreprises de services, notamment administratifs et de vente au d\u00e9tail, continuent de s\u2019\u00e9panouir en desservant la r\u00e9gion, le pays et ailleurs. Qu\u2019il s\u2019agisse du bijoutier local Andr\u00e9 Pommier, qui con\u00e7oit des bagues pour des couples vivant en Europe, ou du centre Nav Canada de renomm\u00e9e internationale, qui accueille des contr\u00f4leurs a\u00e9riens stagiaires du monde entier, les entreprises de Cornwall font toute une diff\u00e9rence.<\/p>\n<p>N\u2019aimeriez-vous pas vous joindre \u00e0 eux?<\/p>\n","protected":false},"excerpt":{"rendered":"Vous serez en bonne compagnie Depuis le dernier si\u00e8cle et demi, des entreprises de Cornwall aident \u00e0 transformer le monde. Au cours des 20 derni\u00e8res ann\u00e9es, l\u2019\u00e9conomie s\u2019est consid\u00e9rablement diversifi\u00e9e \u00e0 Cornwall, centre manufacturier de par sa tradition. La ville est fi\u00e8re de poss\u00e9der des secteurs dynamiques dans les domaines de la vente au d\u00e9tail,&#8230; <a class=\"view-article\" href=\"https:\/\/choosecornwall.ca\/fr\/affaires\/en-bonne-compagnie\/\">Voir l&rsquo;article<\/a>","protected":false},"author":3,"featured_media":3463,"parent":3777,"menu_order":0,"comment_status":"closed","ping_status":"closed","template":"","meta":{"_acf_changed":false,"inline_featured_image":false,"footnotes":""},"class_list":["post-3823","page","type-page","status-publish","has-post-thumbnail","hentry"],"acf":[],"yoast_head":"<!-- This site is optimized with the Yoast SEO plugin v27.3 - https:\/\/yoast.com\/product\/yoast-seo-wordpress\/ -->\n<title>En bonne compagnie - Choose Cornwall<\/title>\n<meta name=\"robots\" content=\"index, follow, max-snippet:-1, max-image-preview:large, max-video-preview:-1\" \/>\n<link rel=\"canonical\" href=\"https:\/\/choosecornwall.ca\/fr\/affaires\/en-bonne-compagnie\/\" \/>\n<meta name=\"twitter:card\" content=\"summary_large_image\" \/>\n<meta name=\"twitter:title\" content=\"En bonne compagnie - Choose Cornwall\" \/>\n<meta name=\"twitter:description\" content=\"Vous serez en bonne compagnie Depuis le dernier si\u00e8cle et demi, des entreprises de Cornwall aident \u00e0 transformer le monde. Au cours des 20 derni\u00e8res ann\u00e9es, l\u2019\u00e9conomie s\u2019est consid\u00e9rablement diversifi\u00e9e \u00e0 Cornwall, centre manufacturier de par sa tradition. La ville est fi\u00e8re de poss\u00e9der des secteurs dynamiques dans les domaines de la vente au d\u00e9tail,... Voir l&#039;article\" \/>\n<meta name=\"twitter:image\" content=\"https:\/\/choosecornwall.ca\/wp-content\/uploads\/2018\/06\/banner-business-business-landscape.jpg\" \/>\n<meta name=\"twitter:label1\" content=\"Est. reading time\" \/>\n\t<meta name=\"twitter:data1\" content=\"2 minutes\" \/>\n<script type=\"application\/ld+json\" class=\"yoast-schema-graph\">{\"@context\":\"https:\\\/\\\/schema.org\",\"@graph\":[{\"@type\":\"WebPage\",\"@id\":\"https:\\\/\\\/choosecornwall.ca\\\/fr\\\/affaires\\\/en-bonne-compagnie\\\/\",\"url\":\"https:\\\/\\\/choosecornwall.ca\\\/fr\\\/affaires\\\/en-bonne-compagnie\\\/\",\"name\":\"En bonne compagnie - Choose Cornwall\",\"isPartOf\":{\"@id\":\"https:\\\/\\\/choosecornwall.ca\\\/#website\"},\"primaryImageOfPage\":{\"@id\":\"https:\\\/\\\/choosecornwall.ca\\\/fr\\\/affaires\\\/en-bonne-compagnie\\\/#primaryimage\"},\"image\":{\"@id\":\"https:\\\/\\\/choosecornwall.ca\\\/fr\\\/affaires\\\/en-bonne-compagnie\\\/#primaryimage\"},\"thumbnailUrl\":\"https:\\\/\\\/choosecornwall.ca\\\/wp-content\\\/uploads\\\/2018\\\/06\\\/banner-business-business-landscape.jpg\",\"datePublished\":\"2018-06-25T15:04:37+00:00\",\"dateModified\":\"2018-11-27T15:51:28+00:00\",\"breadcrumb\":{\"@id\":\"https:\\\/\\\/choosecornwall.ca\\\/fr\\\/affaires\\\/en-bonne-compagnie\\\/#breadcrumb\"},\"inLanguage\":\"fr-FR\",\"potentialAction\":[{\"@type\":\"ReadAction\",\"target\":[\"https:\\\/\\\/choosecornwall.ca\\\/fr\\\/affaires\\\/en-bonne-compagnie\\\/\"]}]},{\"@type\":\"ImageObject\",\"inLanguage\":\"fr-FR\",\"@id\":\"https:\\\/\\\/choosecornwall.ca\\\/fr\\\/affaires\\\/en-bonne-compagnie\\\/#primaryimage\",\"url\":\"https:\\\/\\\/choosecornwall.ca\\\/wp-content\\\/uploads\\\/2018\\\/06\\\/banner-business-business-landscape.jpg\",\"contentUrl\":\"https:\\\/\\\/choosecornwall.ca\\\/wp-content\\\/uploads\\\/2018\\\/06\\\/banner-business-business-landscape.jpg\",\"width\":970,\"height\":340},{\"@type\":\"BreadcrumbList\",\"@id\":\"https:\\\/\\\/choosecornwall.ca\\\/fr\\\/affaires\\\/en-bonne-compagnie\\\/#breadcrumb\",\"itemListElement\":[{\"@type\":\"ListItem\",\"position\":1,\"name\":\"Home\",\"item\":\"https:\\\/\\\/choosecornwall.ca\\\/fr\\\/\"},{\"@type\":\"ListItem\",\"position\":2,\"name\":\"Affaires\",\"item\":\"https:\\\/\\\/choosecornwall.ca\\\/fr\\\/affaires\\\/\"},{\"@type\":\"ListItem\",\"position\":3,\"name\":\"En bonne compagnie\"}]},{\"@type\":\"WebSite\",\"@id\":\"https:\\\/\\\/choosecornwall.ca\\\/#website\",\"url\":\"https:\\\/\\\/choosecornwall.ca\\\/\",\"name\":\"Choose Cornwall\",\"description\":\"Cornwall Economic Development\",\"potentialAction\":[{\"@type\":\"SearchAction\",\"target\":{\"@type\":\"EntryPoint\",\"urlTemplate\":\"https:\\\/\\\/choosecornwall.ca\\\/?s={search_term_string}\"},\"query-input\":{\"@type\":\"PropertyValueSpecification\",\"valueRequired\":true,\"valueName\":\"search_term_string\"}}],\"inLanguage\":\"fr-FR\"}]}<\/script>\n<!-- \/ Yoast SEO plugin. -->","yoast_head_json":{"title":"En bonne compagnie - Choose Cornwall","robots":{"index":"index","follow":"follow","max-snippet":"max-snippet:-1","max-image-preview":"max-image-preview:large","max-video-preview":"max-video-preview:-1"},"canonical":"https:\/\/choosecornwall.ca\/fr\/affaires\/en-bonne-compagnie\/","twitter_card":"summary_large_image","twitter_title":"En bonne compagnie - Choose Cornwall","twitter_description":"Vous serez en bonne compagnie Depuis le dernier si\u00e8cle et demi, des entreprises de Cornwall aident \u00e0 transformer le monde. Au cours des 20 derni\u00e8res ann\u00e9es, l\u2019\u00e9conomie s\u2019est consid\u00e9rablement diversifi\u00e9e \u00e0 Cornwall, centre manufacturier de par sa tradition. La ville est fi\u00e8re de poss\u00e9der des secteurs dynamiques dans les domaines de la vente au d\u00e9tail,... Voir l'article","twitter_image":"https:\/\/choosecornwall.ca\/wp-content\/uploads\/2018\/06\/banner-business-business-landscape.jpg","twitter_misc":{"Est. reading time":"2 minutes"},"schema":{"@context":"https:\/\/schema.org","@graph":[{"@type":"WebPage","@id":"https:\/\/choosecornwall.ca\/fr\/affaires\/en-bonne-compagnie\/","url":"https:\/\/choosecornwall.ca\/fr\/affaires\/en-bonne-compagnie\/","name":"En bonne compagnie - Choose Cornwall","isPartOf":{"@id":"https:\/\/choosecornwall.ca\/#website"},"primaryImageOfPage":{"@id":"https:\/\/choosecornwall.ca\/fr\/affaires\/en-bonne-compagnie\/#primaryimage"},"image":{"@id":"https:\/\/choosecornwall.ca\/fr\/affaires\/en-bonne-compagnie\/#primaryimage"},"thumbnailUrl":"https:\/\/choosecornwall.ca\/wp-content\/uploads\/2018\/06\/banner-business-business-landscape.jpg","datePublished":"2018-06-25T15:04:37+00:00","dateModified":"2018-11-27T15:51:28+00:00","breadcrumb":{"@id":"https:\/\/choosecornwall.ca\/fr\/affaires\/en-bonne-compagnie\/#breadcrumb"},"inLanguage":"fr-FR","potentialAction":[{"@type":"ReadAction","target":["https:\/\/choosecornwall.ca\/fr\/affaires\/en-bonne-compagnie\/"]}]},{"@type":"ImageObject","inLanguage":"fr-FR","@id":"https:\/\/choosecornwall.ca\/fr\/affaires\/en-bonne-compagnie\/#primaryimage","url":"https:\/\/choosecornwall.ca\/wp-content\/uploads\/2018\/06\/banner-business-business-landscape.jpg","contentUrl":"https:\/\/choosecornwall.ca\/wp-content\/uploads\/2018\/06\/banner-business-business-landscape.jpg","width":970,"height":340},{"@type":"BreadcrumbList","@id":"https:\/\/choosecornwall.ca\/fr\/affaires\/en-bonne-compagnie\/#breadcrumb","itemListElement":[{"@type":"ListItem","position":1,"name":"Home","item":"https:\/\/choosecornwall.ca\/fr\/"},{"@type":"ListItem","position":2,"name":"Affaires","item":"https:\/\/choosecornwall.ca\/fr\/affaires\/"},{"@type":"ListItem","position":3,"name":"En bonne compagnie"}]},{"@type":"WebSite","@id":"https:\/\/choosecornwall.ca\/#website","url":"https:\/\/choosecornwall.ca\/","name":"Choose Cornwall","description":"Cornwall Economic Development","potentialAction":[{"@type":"SearchAction","target":{"@type":"EntryPoint","urlTemplate":"https:\/\/choosecornwall.ca\/?s={search_term_string}"},"query-input":{"@type":"PropertyValueSpecification","valueRequired":true,"valueName":"search_term_string"}}],"inLanguage":"fr-FR"}]}},"_links":{"self":[{"href":"https:\/\/choosecornwall.ca\/fr\/wp-json\/wp\/v2\/pages\/3823","targetHints":{"allow":["GET"]}}],"collection":[{"href":"https:\/\/choosecornwall.ca\/fr\/wp-json\/wp\/v2\/pages"}],"about":[{"href":"https:\/\/choosecornwall.ca\/fr\/wp-json\/wp\/v2\/types\/page"}],"author":[{"embeddable":true,"href":"https:\/\/choosecornwall.ca\/fr\/wp-json\/wp\/v2\/users\/3"}],"replies":[{"embeddable":true,"href":"https:\/\/choosecornwall.ca\/fr\/wp-json\/wp\/v2\/comments?post=3823"}],"version-history":[{"count":0,"href":"https:\/\/choosecornwall.ca\/fr\/wp-json\/wp\/v2\/pages\/3823\/revisions"}],"up":[{"embeddable":true,"href":"https:\/\/choosecornwall.ca\/fr\/wp-json\/wp\/v2\/pages\/3777"}],"wp:featuredmedia":[{"embeddable":true,"href":"https:\/\/choosecornwall.ca\/fr\/wp-json\/wp\/v2\/media\/3463"}],"wp:attachment":[{"href":"https:\/\/choosecornwall.ca\/fr\/wp-json\/wp\/v2\/media?parent=3823"}],"curies":[{"name":"wp","href":"https:\/\/api.w.org\/{rel}","templated":true}]}}