{"id":3826,"date":"2018-06-25T11:07:12","date_gmt":"2018-06-25T15:07:12","guid":{"rendered":"http:\/\/choosecornwall.ca\/business-fr\/assistance\/"},"modified":"2018-11-27T15:21:18","modified_gmt":"2018-11-27T20:21:18","slug":"assistance","status":"publish","type":"page","link":"https:\/\/choosecornwall.ca\/fr\/affaires\/assistance\/","title":{"rendered":"Assistance"},"content":{"rendered":"<h2>Nous sommes l\u00e0 pour vous aider<\/h2>\n<p>Nous croyons que Cornwall constitue un endroit id\u00e9al pour les affaires, mais nous ne nous attendons pas que vous fassiez toutes les d\u00e9marches vous-m\u00eame.<\/p>\n<p>D\u00e9veloppement \u00e9conomique Cornwall repr\u00e9sente la principale ressource pour les personnes et les entreprises \u00e0 la recherche de renseignements sur Cornwall. Il revient \u00e0 nous de vous aider \u00e0 trouver l\u2019information dont vous avez besoin pour prendre une d\u00e9cision \u00e9clair\u00e9e.<\/p>\n<p>Il nous fera plaisir de vous envoyer une\u00a0<a title=\"Contactez-nous\" href=\"https:\/\/choosecornwall.ca\/fr\/contact-fr\/\">trousse d\u2019information<\/a>\u00a0sur le monde des affaires \u00e0 Cornwall, notamment un document de 100 pages qui s\u2019intitule\u00a0<em>Cornwall Community Profile<\/em>\u00a0et qui pr\u00e9sente en d\u00e9tail la plupart des facteurs de co\u00fbt et de s\u00e9lection d\u2019emplacement.<\/p>\n<p>Nous vous invitons \u00e0 visiter la ville et \u00e0 nous donner la chance de vous montrer diverses propri\u00e9t\u00e9s \u00e0 vendre ou \u00e0 louer. Nous pouvons vous organiser des rencontres avec des acteurs importants de la collectivit\u00e9. En outre, si vous \u00eates un entrepreneur qui envisage l\u2019\u00e9tablissement d\u2019une petite entreprise, le Centre d\u2019affaires de Cornwall saura vous orienter personnellement \u00e0 travers toutes les \u00e9tapes du processus.<\/p>\n<p>Tirez profit des ressources et de l\u2019expertise de notre service afin d\u2019obtenir l\u2019information et les contacts n\u00e9cessaires \u00e0 la r\u00e9ussite dans l\u2019\u00e9conomie mondiale d\u2019aujourd\u2019hui, o\u00f9 la concurrence est tr\u00e8s forte.\u00a0<a title=\"Contactez-nous\" href=\"https:\/\/choosecornwall.ca\/fr\/contact-fr\/\">Communiquez avec nous<\/a>\u00a0sans plus tarder!<\/p>\n","protected":false},"excerpt":{"rendered":"Nous sommes l\u00e0 pour vous aider Nous croyons que Cornwall constitue un endroit id\u00e9al pour les affaires, mais nous ne nous attendons pas que vous fassiez toutes les d\u00e9marches vous-m\u00eame. D\u00e9veloppement \u00e9conomique Cornwall repr\u00e9sente la principale ressource pour les personnes et les entreprises \u00e0 la recherche de renseignements sur Cornwall. Il revient \u00e0 nous de&#8230; <a class=\"view-article\" href=\"https:\/\/choosecornwall.ca\/fr\/affaires\/assistance\/\">Voir l&rsquo;article<\/a>","protected":false},"author":3,"featured_media":3503,"parent":3777,"menu_order":0,"comment_status":"closed","ping_status":"closed","template":"","meta":{"_acf_changed":false,"inline_featured_image":false,"footnotes":""},"class_list":["post-3826","page","type-page","status-publish","has-post-thumbnail","hentry"],"acf":[],"yoast_head":"<!-- This site is optimized with the Yoast SEO plugin v27.3 - https:\/\/yoast.com\/product\/yoast-seo-wordpress\/ -->\n<title>Assistance - Choose Cornwall<\/title>\n<meta name=\"robots\" content=\"index, follow, max-snippet:-1, max-image-preview:large, max-video-preview:-1\" \/>\n<link rel=\"canonical\" href=\"https:\/\/choosecornwall.ca\/fr\/affaires\/assistance\/\" \/>\n<meta name=\"twitter:card\" content=\"summary_large_image\" \/>\n<meta name=\"twitter:title\" content=\"Assistance - Choose Cornwall\" \/>\n<meta name=\"twitter:description\" content=\"Nous sommes l\u00e0 pour vous aider Nous croyons que Cornwall constitue un endroit id\u00e9al pour les affaires, mais nous ne nous attendons pas que vous fassiez toutes les d\u00e9marches vous-m\u00eame. D\u00e9veloppement \u00e9conomique Cornwall repr\u00e9sente la principale ressource pour les personnes et les entreprises \u00e0 la recherche de renseignements sur Cornwall. Il revient \u00e0 nous de... Voir l&#039;article\" \/>\n<meta name=\"twitter:image\" content=\"https:\/\/choosecornwall.ca\/wp-content\/uploads\/2018\/06\/banner-business-site-selection-assistance.jpg\" \/>\n<meta name=\"twitter:label1\" content=\"Est. reading time\" \/>\n\t<meta name=\"twitter:data1\" content=\"1 minute\" \/>\n<script type=\"application\/ld+json\" class=\"yoast-schema-graph\">{\"@context\":\"https:\\\/\\\/schema.org\",\"@graph\":[{\"@type\":\"WebPage\",\"@id\":\"https:\\\/\\\/choosecornwall.ca\\\/fr\\\/affaires\\\/assistance\\\/\",\"url\":\"https:\\\/\\\/choosecornwall.ca\\\/fr\\\/affaires\\\/assistance\\\/\",\"name\":\"Assistance - Choose Cornwall\",\"isPartOf\":{\"@id\":\"https:\\\/\\\/choosecornwall.ca\\\/#website\"},\"primaryImageOfPage\":{\"@id\":\"https:\\\/\\\/choosecornwall.ca\\\/fr\\\/affaires\\\/assistance\\\/#primaryimage\"},\"image\":{\"@id\":\"https:\\\/\\\/choosecornwall.ca\\\/fr\\\/affaires\\\/assistance\\\/#primaryimage\"},\"thumbnailUrl\":\"https:\\\/\\\/choosecornwall.ca\\\/wp-content\\\/uploads\\\/2018\\\/06\\\/banner-business-site-selection-assistance.jpg\",\"datePublished\":\"2018-06-25T15:07:12+00:00\",\"dateModified\":\"2018-11-27T20:21:18+00:00\",\"breadcrumb\":{\"@id\":\"https:\\\/\\\/choosecornwall.ca\\\/fr\\\/affaires\\\/assistance\\\/#breadcrumb\"},\"inLanguage\":\"fr-FR\",\"potentialAction\":[{\"@type\":\"ReadAction\",\"target\":[\"https:\\\/\\\/choosecornwall.ca\\\/fr\\\/affaires\\\/assistance\\\/\"]}]},{\"@type\":\"ImageObject\",\"inLanguage\":\"fr-FR\",\"@id\":\"https:\\\/\\\/choosecornwall.ca\\\/fr\\\/affaires\\\/assistance\\\/#primaryimage\",\"url\":\"https:\\\/\\\/choosecornwall.ca\\\/wp-content\\\/uploads\\\/2018\\\/06\\\/banner-business-site-selection-assistance.jpg\",\"contentUrl\":\"https:\\\/\\\/choosecornwall.ca\\\/wp-content\\\/uploads\\\/2018\\\/06\\\/banner-business-site-selection-assistance.jpg\",\"width\":970,\"height\":340},{\"@type\":\"BreadcrumbList\",\"@id\":\"https:\\\/\\\/choosecornwall.ca\\\/fr\\\/affaires\\\/assistance\\\/#breadcrumb\",\"itemListElement\":[{\"@type\":\"ListItem\",\"position\":1,\"name\":\"Home\",\"item\":\"https:\\\/\\\/choosecornwall.ca\\\/fr\\\/\"},{\"@type\":\"ListItem\",\"position\":2,\"name\":\"Affaires\",\"item\":\"https:\\\/\\\/choosecornwall.ca\\\/fr\\\/affaires\\\/\"},{\"@type\":\"ListItem\",\"position\":3,\"name\":\"Assistance\"}]},{\"@type\":\"WebSite\",\"@id\":\"https:\\\/\\\/choosecornwall.ca\\\/#website\",\"url\":\"https:\\\/\\\/choosecornwall.ca\\\/\",\"name\":\"Choose Cornwall\",\"description\":\"Cornwall Economic Development\",\"potentialAction\":[{\"@type\":\"SearchAction\",\"target\":{\"@type\":\"EntryPoint\",\"urlTemplate\":\"https:\\\/\\\/choosecornwall.ca\\\/?s={search_term_string}\"},\"query-input\":{\"@type\":\"PropertyValueSpecification\",\"valueRequired\":true,\"valueName\":\"search_term_string\"}}],\"inLanguage\":\"fr-FR\"}]}<\/script>\n<!-- \/ Yoast SEO plugin. -->","yoast_head_json":{"title":"Assistance - Choose Cornwall","robots":{"index":"index","follow":"follow","max-snippet":"max-snippet:-1","max-image-preview":"max-image-preview:large","max-video-preview":"max-video-preview:-1"},"canonical":"https:\/\/choosecornwall.ca\/fr\/affaires\/assistance\/","twitter_card":"summary_large_image","twitter_title":"Assistance - Choose Cornwall","twitter_description":"Nous sommes l\u00e0 pour vous aider Nous croyons que Cornwall constitue un endroit id\u00e9al pour les affaires, mais nous ne nous attendons pas que vous fassiez toutes les d\u00e9marches vous-m\u00eame. D\u00e9veloppement \u00e9conomique Cornwall repr\u00e9sente la principale ressource pour les personnes et les entreprises \u00e0 la recherche de renseignements sur Cornwall. Il revient \u00e0 nous de... Voir l'article","twitter_image":"https:\/\/choosecornwall.ca\/wp-content\/uploads\/2018\/06\/banner-business-site-selection-assistance.jpg","twitter_misc":{"Est. reading time":"1 minute"},"schema":{"@context":"https:\/\/schema.org","@graph":[{"@type":"WebPage","@id":"https:\/\/choosecornwall.ca\/fr\/affaires\/assistance\/","url":"https:\/\/choosecornwall.ca\/fr\/affaires\/assistance\/","name":"Assistance - Choose Cornwall","isPartOf":{"@id":"https:\/\/choosecornwall.ca\/#website"},"primaryImageOfPage":{"@id":"https:\/\/choosecornwall.ca\/fr\/affaires\/assistance\/#primaryimage"},"image":{"@id":"https:\/\/choosecornwall.ca\/fr\/affaires\/assistance\/#primaryimage"},"thumbnailUrl":"https:\/\/choosecornwall.ca\/wp-content\/uploads\/2018\/06\/banner-business-site-selection-assistance.jpg","datePublished":"2018-06-25T15:07:12+00:00","dateModified":"2018-11-27T20:21:18+00:00","breadcrumb":{"@id":"https:\/\/choosecornwall.ca\/fr\/affaires\/assistance\/#breadcrumb"},"inLanguage":"fr-FR","potentialAction":[{"@type":"ReadAction","target":["https:\/\/choosecornwall.ca\/fr\/affaires\/assistance\/"]}]},{"@type":"ImageObject","inLanguage":"fr-FR","@id":"https:\/\/choosecornwall.ca\/fr\/affaires\/assistance\/#primaryimage","url":"https:\/\/choosecornwall.ca\/wp-content\/uploads\/2018\/06\/banner-business-site-selection-assistance.jpg","contentUrl":"https:\/\/choosecornwall.ca\/wp-content\/uploads\/2018\/06\/banner-business-site-selection-assistance.jpg","width":970,"height":340},{"@type":"BreadcrumbList","@id":"https:\/\/choosecornwall.ca\/fr\/affaires\/assistance\/#breadcrumb","itemListElement":[{"@type":"ListItem","position":1,"name":"Home","item":"https:\/\/choosecornwall.ca\/fr\/"},{"@type":"ListItem","position":2,"name":"Affaires","item":"https:\/\/choosecornwall.ca\/fr\/affaires\/"},{"@type":"ListItem","position":3,"name":"Assistance"}]},{"@type":"WebSite","@id":"https:\/\/choosecornwall.ca\/#website","url":"https:\/\/choosecornwall.ca\/","name":"Choose Cornwall","description":"Cornwall Economic Development","potentialAction":[{"@type":"SearchAction","target":{"@type":"EntryPoint","urlTemplate":"https:\/\/choosecornwall.ca\/?s={search_term_string}"},"query-input":{"@type":"PropertyValueSpecification","valueRequired":true,"valueName":"search_term_string"}}],"inLanguage":"fr-FR"}]}},"_links":{"self":[{"href":"https:\/\/choosecornwall.ca\/fr\/wp-json\/wp\/v2\/pages\/3826","targetHints":{"allow":["GET"]}}],"collection":[{"href":"https:\/\/choosecornwall.ca\/fr\/wp-json\/wp\/v2\/pages"}],"about":[{"href":"https:\/\/choosecornwall.ca\/fr\/wp-json\/wp\/v2\/types\/page"}],"author":[{"embeddable":true,"href":"https:\/\/choosecornwall.ca\/fr\/wp-json\/wp\/v2\/users\/3"}],"replies":[{"embeddable":true,"href":"https:\/\/choosecornwall.ca\/fr\/wp-json\/wp\/v2\/comments?post=3826"}],"version-history":[{"count":0,"href":"https:\/\/choosecornwall.ca\/fr\/wp-json\/wp\/v2\/pages\/3826\/revisions"}],"up":[{"embeddable":true,"href":"https:\/\/choosecornwall.ca\/fr\/wp-json\/wp\/v2\/pages\/3777"}],"wp:featuredmedia":[{"embeddable":true,"href":"https:\/\/choosecornwall.ca\/fr\/wp-json\/wp\/v2\/media\/3503"}],"wp:attachment":[{"href":"https:\/\/choosecornwall.ca\/fr\/wp-json\/wp\/v2\/media?parent=3826"}],"curies":[{"name":"wp","href":"https:\/\/api.w.org\/{rel}","templated":true}]}}