{"id":3830,"date":"2018-06-25T11:11:12","date_gmt":"2018-06-25T15:11:12","guid":{"rendered":"http:\/\/choosecornwall.ca\/business-fr\/parc-daffaires\/"},"modified":"2018-12-14T11:54:02","modified_gmt":"2018-12-14T16:54:02","slug":"parc-daffaires","status":"publish","type":"page","link":"https:\/\/choosecornwall.ca\/fr\/affaires\/parc-daffaires\/","title":{"rendered":"Parc d\u2019affaires"},"content":{"rendered":"<h1>Parc d&rsquo;affaires de Cornwall<\/h1>\n<p>Le parc d\u2019affaires de Cornwall est situ\u00e9 dans la partie est de la ville, en bordure de l\u2019autoroute 401. Avec une superficie de plus de 1600 acres, le parc d\u2019affaires h\u00e9berge l\u2019un des plus importants centres de distribution au Canada, des entreprises manufacturi\u00e8res prim\u00e9es et d\u2019importantes compagnies de transport.<\/p>\n<h3>Terrains disponibles<\/h3>\n<p>Les terrains du parc d\u2019affaires sont actuellement \u00e0 vendre, tous services inclus, au co\u00fbt de 30 000 $\/acre. Ils font partie des terrains les plus abordables de l\u2019Ontario. Lorsque vous ajoutez le fait que Cornwall n\u2019a aucuns frais de d\u00e9veloppement, le co\u00fbt d\u2019installation d\u2019un \u00e9tablissement est assur\u00e9ment une grande motivation pour construire dans le parc d\u2019affaires. Le zonage du parc permet une grande vari\u00e9t\u00e9 de d\u2019entreprises manufacturi\u00e8res et commerciales.<\/p>\n<h3>Services disponibles<\/h3>\n<p>Les services fournis pour les terrains du parc d\u2019affaires comprennent des rues asphalt\u00e9es, des \u00e9gouts sanitaires, l\u2019aqueduc, l\u2019\u00e9lectricit\u00e9, le gaz naturel, l\u2019acc\u00e8s \u00e0 des services de t\u00e9l\u00e9communications de fine pointe et le transport en commun de la ville.<\/p>\n<h3>Transport\/Accessibilit\u00e9<\/h3>\n<p>L\u2019acc\u00e8s \u00e0 l\u2019autoroute 401, qui relie Cornwall, Montr\u00e9al et Toronto, est imm\u00e9diat, via l\u2019\u00e9changeur\u00a0<em>Boundary Road<\/em>. Les \u00c9tats-Unis se situent \u00e0 4,8 km en passant par le pont international de la Voie maritime, et le port en eau profonde de Cornwall est situ\u00e9 \u00e0 3 km. Le chemin de fer du CN acc\u00e8de au parc et des voies de desserte sont disponibles. Les a\u00e9roports internationaux de Montr\u00e9al et Ottawa sont situ\u00e9s \u00e0 seulement 60 minutes de route, tandis que l\u2019a\u00e9roport r\u00e9gional de Cornwall est situ\u00e9 \u00e0 moins de 10 minutes du parc.<\/p>\n<h3>Disponibilit\u00e9 de terrains et d\u2019immeubles<\/h3>\n<p>\u00c0 l\u2019occasion, des immeubles existants sont disponibles pour la vente ou la location \u00e0 Cornwall. Cliquez sur le lien suivant pour consulter la liste des terrains et des immeubles disponibles :<\/p>\n<p><a href=\"https:\/\/choosecornwall.ca\/wp-content\/uploads\/2018\/06\/Cornwall-Development-Opportunities.pdf\" target=\"_blank\" rel=\"noopener\">Terrains et immeubles disponibles<\/a>\u00a0(en anglais)<\/p>\n","protected":false},"excerpt":{"rendered":"Parc d&rsquo;affaires de Cornwall Le parc d\u2019affaires de Cornwall est situ\u00e9 dans la partie est de la ville, en bordure de l\u2019autoroute 401. Avec une superficie de plus de 1600 acres, le parc d\u2019affaires h\u00e9berge l\u2019un des plus importants centres de distribution au Canada, des entreprises manufacturi\u00e8res prim\u00e9es et d\u2019importantes compagnies de transport. Terrains disponibles&#8230; <a class=\"view-article\" href=\"https:\/\/choosecornwall.ca\/fr\/affaires\/parc-daffaires\/\">Voir l&rsquo;article<\/a>","protected":false},"author":3,"featured_media":8767,"parent":3777,"menu_order":0,"comment_status":"closed","ping_status":"closed","template":"","meta":{"_acf_changed":false,"inline_featured_image":false,"footnotes":""},"class_list":["post-3830","page","type-page","status-publish","has-post-thumbnail","hentry"],"acf":[],"yoast_head":"<!-- This site is optimized with the Yoast SEO plugin v27.4 - https:\/\/yoast.com\/product\/yoast-seo-wordpress\/ -->\n<title>Parc d\u2019affaires - Choose Cornwall<\/title>\n<meta name=\"robots\" content=\"index, follow, max-snippet:-1, max-image-preview:large, max-video-preview:-1\" \/>\n<link rel=\"canonical\" href=\"https:\/\/choosecornwall.ca\/fr\/affaires\/parc-daffaires\/\" \/>\n<meta name=\"twitter:card\" content=\"summary_large_image\" \/>\n<meta name=\"twitter:title\" content=\"Parc d\u2019affaires - Choose Cornwall\" \/>\n<meta name=\"twitter:description\" content=\"Parc d&rsquo;affaires de Cornwall Le parc d\u2019affaires de Cornwall est situ\u00e9 dans la partie est de la ville, en bordure de l\u2019autoroute 401. Avec une superficie de plus de 1600 acres, le parc d\u2019affaires h\u00e9berge l\u2019un des plus importants centres de distribution au Canada, des entreprises manufacturi\u00e8res prim\u00e9es et d\u2019importantes compagnies de transport. Terrains disponibles... Voir l&#039;article\" \/>\n<meta name=\"twitter:image\" content=\"https:\/\/choosecornwall.ca\/wp-content\/uploads\/2019\/01\/Cornwall-Business-Park-Banner.jpg\" \/>\n<meta name=\"twitter:label1\" content=\"Est. reading time\" \/>\n\t<meta name=\"twitter:data1\" content=\"2 minutes\" \/>\n<script type=\"application\/ld+json\" class=\"yoast-schema-graph\">{\"@context\":\"https:\\\/\\\/schema.org\",\"@graph\":[{\"@type\":\"WebPage\",\"@id\":\"https:\\\/\\\/choosecornwall.ca\\\/fr\\\/affaires\\\/parc-daffaires\\\/\",\"url\":\"https:\\\/\\\/choosecornwall.ca\\\/fr\\\/affaires\\\/parc-daffaires\\\/\",\"name\":\"Parc d\u2019affaires - Choose Cornwall\",\"isPartOf\":{\"@id\":\"https:\\\/\\\/choosecornwall.ca\\\/#website\"},\"primaryImageOfPage\":{\"@id\":\"https:\\\/\\\/choosecornwall.ca\\\/fr\\\/affaires\\\/parc-daffaires\\\/#primaryimage\"},\"image\":{\"@id\":\"https:\\\/\\\/choosecornwall.ca\\\/fr\\\/affaires\\\/parc-daffaires\\\/#primaryimage\"},\"thumbnailUrl\":\"https:\\\/\\\/choosecornwall.ca\\\/wp-content\\\/uploads\\\/2019\\\/01\\\/Cornwall-Business-Park-Banner.jpg\",\"datePublished\":\"2018-06-25T15:11:12+00:00\",\"dateModified\":\"2018-12-14T16:54:02+00:00\",\"breadcrumb\":{\"@id\":\"https:\\\/\\\/choosecornwall.ca\\\/fr\\\/affaires\\\/parc-daffaires\\\/#breadcrumb\"},\"inLanguage\":\"fr-FR\",\"potentialAction\":[{\"@type\":\"ReadAction\",\"target\":[\"https:\\\/\\\/choosecornwall.ca\\\/fr\\\/affaires\\\/parc-daffaires\\\/\"]}]},{\"@type\":\"ImageObject\",\"inLanguage\":\"fr-FR\",\"@id\":\"https:\\\/\\\/choosecornwall.ca\\\/fr\\\/affaires\\\/parc-daffaires\\\/#primaryimage\",\"url\":\"https:\\\/\\\/choosecornwall.ca\\\/wp-content\\\/uploads\\\/2019\\\/01\\\/Cornwall-Business-Park-Banner.jpg\",\"contentUrl\":\"https:\\\/\\\/choosecornwall.ca\\\/wp-content\\\/uploads\\\/2019\\\/01\\\/Cornwall-Business-Park-Banner.jpg\",\"width\":970,\"height\":340,\"caption\":\"Cornwall Business Park\"},{\"@type\":\"BreadcrumbList\",\"@id\":\"https:\\\/\\\/choosecornwall.ca\\\/fr\\\/affaires\\\/parc-daffaires\\\/#breadcrumb\",\"itemListElement\":[{\"@type\":\"ListItem\",\"position\":1,\"name\":\"Home\",\"item\":\"https:\\\/\\\/choosecornwall.ca\\\/fr\\\/\"},{\"@type\":\"ListItem\",\"position\":2,\"name\":\"Affaires\",\"item\":\"https:\\\/\\\/choosecornwall.ca\\\/fr\\\/affaires\\\/\"},{\"@type\":\"ListItem\",\"position\":3,\"name\":\"Parc d\u2019affaires\"}]},{\"@type\":\"WebSite\",\"@id\":\"https:\\\/\\\/choosecornwall.ca\\\/#website\",\"url\":\"https:\\\/\\\/choosecornwall.ca\\\/\",\"name\":\"Choose Cornwall\",\"description\":\"Cornwall Economic Development\",\"potentialAction\":[{\"@type\":\"SearchAction\",\"target\":{\"@type\":\"EntryPoint\",\"urlTemplate\":\"https:\\\/\\\/choosecornwall.ca\\\/?s={search_term_string}\"},\"query-input\":{\"@type\":\"PropertyValueSpecification\",\"valueRequired\":true,\"valueName\":\"search_term_string\"}}],\"inLanguage\":\"fr-FR\"}]}<\/script>\n<!-- \/ Yoast SEO plugin. -->","yoast_head_json":{"title":"Parc d\u2019affaires - Choose Cornwall","robots":{"index":"index","follow":"follow","max-snippet":"max-snippet:-1","max-image-preview":"max-image-preview:large","max-video-preview":"max-video-preview:-1"},"canonical":"https:\/\/choosecornwall.ca\/fr\/affaires\/parc-daffaires\/","twitter_card":"summary_large_image","twitter_title":"Parc d\u2019affaires - Choose Cornwall","twitter_description":"Parc d&rsquo;affaires de Cornwall Le parc d\u2019affaires de Cornwall est situ\u00e9 dans la partie est de la ville, en bordure de l\u2019autoroute 401. Avec une superficie de plus de 1600 acres, le parc d\u2019affaires h\u00e9berge l\u2019un des plus importants centres de distribution au Canada, des entreprises manufacturi\u00e8res prim\u00e9es et d\u2019importantes compagnies de transport. Terrains disponibles... Voir l'article","twitter_image":"https:\/\/choosecornwall.ca\/wp-content\/uploads\/2019\/01\/Cornwall-Business-Park-Banner.jpg","twitter_misc":{"Est. reading time":"2 minutes"},"schema":{"@context":"https:\/\/schema.org","@graph":[{"@type":"WebPage","@id":"https:\/\/choosecornwall.ca\/fr\/affaires\/parc-daffaires\/","url":"https:\/\/choosecornwall.ca\/fr\/affaires\/parc-daffaires\/","name":"Parc d\u2019affaires - Choose Cornwall","isPartOf":{"@id":"https:\/\/choosecornwall.ca\/#website"},"primaryImageOfPage":{"@id":"https:\/\/choosecornwall.ca\/fr\/affaires\/parc-daffaires\/#primaryimage"},"image":{"@id":"https:\/\/choosecornwall.ca\/fr\/affaires\/parc-daffaires\/#primaryimage"},"thumbnailUrl":"https:\/\/choosecornwall.ca\/wp-content\/uploads\/2019\/01\/Cornwall-Business-Park-Banner.jpg","datePublished":"2018-06-25T15:11:12+00:00","dateModified":"2018-12-14T16:54:02+00:00","breadcrumb":{"@id":"https:\/\/choosecornwall.ca\/fr\/affaires\/parc-daffaires\/#breadcrumb"},"inLanguage":"fr-FR","potentialAction":[{"@type":"ReadAction","target":["https:\/\/choosecornwall.ca\/fr\/affaires\/parc-daffaires\/"]}]},{"@type":"ImageObject","inLanguage":"fr-FR","@id":"https:\/\/choosecornwall.ca\/fr\/affaires\/parc-daffaires\/#primaryimage","url":"https:\/\/choosecornwall.ca\/wp-content\/uploads\/2019\/01\/Cornwall-Business-Park-Banner.jpg","contentUrl":"https:\/\/choosecornwall.ca\/wp-content\/uploads\/2019\/01\/Cornwall-Business-Park-Banner.jpg","width":970,"height":340,"caption":"Cornwall Business Park"},{"@type":"BreadcrumbList","@id":"https:\/\/choosecornwall.ca\/fr\/affaires\/parc-daffaires\/#breadcrumb","itemListElement":[{"@type":"ListItem","position":1,"name":"Home","item":"https:\/\/choosecornwall.ca\/fr\/"},{"@type":"ListItem","position":2,"name":"Affaires","item":"https:\/\/choosecornwall.ca\/fr\/affaires\/"},{"@type":"ListItem","position":3,"name":"Parc d\u2019affaires"}]},{"@type":"WebSite","@id":"https:\/\/choosecornwall.ca\/#website","url":"https:\/\/choosecornwall.ca\/","name":"Choose Cornwall","description":"Cornwall Economic Development","potentialAction":[{"@type":"SearchAction","target":{"@type":"EntryPoint","urlTemplate":"https:\/\/choosecornwall.ca\/?s={search_term_string}"},"query-input":{"@type":"PropertyValueSpecification","valueRequired":true,"valueName":"search_term_string"}}],"inLanguage":"fr-FR"}]}},"_links":{"self":[{"href":"https:\/\/choosecornwall.ca\/fr\/wp-json\/wp\/v2\/pages\/3830","targetHints":{"allow":["GET"]}}],"collection":[{"href":"https:\/\/choosecornwall.ca\/fr\/wp-json\/wp\/v2\/pages"}],"about":[{"href":"https:\/\/choosecornwall.ca\/fr\/wp-json\/wp\/v2\/types\/page"}],"author":[{"embeddable":true,"href":"https:\/\/choosecornwall.ca\/fr\/wp-json\/wp\/v2\/users\/3"}],"replies":[{"embeddable":true,"href":"https:\/\/choosecornwall.ca\/fr\/wp-json\/wp\/v2\/comments?post=3830"}],"version-history":[{"count":0,"href":"https:\/\/choosecornwall.ca\/fr\/wp-json\/wp\/v2\/pages\/3830\/revisions"}],"up":[{"embeddable":true,"href":"https:\/\/choosecornwall.ca\/fr\/wp-json\/wp\/v2\/pages\/3777"}],"wp:featuredmedia":[{"embeddable":true,"href":"https:\/\/choosecornwall.ca\/fr\/wp-json\/wp\/v2\/media\/8767"}],"wp:attachment":[{"href":"https:\/\/choosecornwall.ca\/fr\/wp-json\/wp\/v2\/media?parent=3830"}],"curies":[{"name":"wp","href":"https:\/\/api.w.org\/{rel}","templated":true}]}}